{"id":1911,"date":"2025-10-12T23:05:54","date_gmt":"2025-10-12T21:05:54","guid":{"rendered":"https:\/\/www.analogist.de\/mascaras-creativas-fullframe-sp3000-fuji\/"},"modified":"2025-10-12T23:05:55","modified_gmt":"2025-10-12T21:05:55","slug":"mascaras-creativas-fullframe-sp3000-fuji","status":"publish","type":"page","link":"https:\/\/www.analogist.de\/es\/mascaras-creativas-fullframe-sp3000-fuji\/","title":{"rendered":"M\u00e1scaras creativas Fullframe SP3000 Fuji"},"content":{"rendered":"<p>[et_pb_section fb_built=\u00bb1&#8243; admin_label=\u00bbHero Section\u00bb _builder_version=\u00bb4.16&#8243; background_color=\u00bb#ffcc00&#8243; use_background_color_gradient=\u00bbon\u00bb background_color_gradient_direction=\u00bb1deg\u00bb background_color_gradient_stops=\u00bbrgba(0,0,0,0.48) 0%|rgba(0,0,0,0.33) 100%\u00bb background_color_gradient_overlays_image=\u00bbon\u00bb background_color_gradient_start=\u00bbrgba(0,0,0,0.48)\u00bb background_color_gradient_end=\u00bbrgba(0,0,0,0.33)\u00bb background_image=\u00bbhttps:\/\/www.analogist.de\/wp-content\/uploads\/2020\/11\/MG_3693_bw-scaled.jpg\u00bb custom_padding=\u00bb80px|0px|80px|0px\u00bb animation_style=\u00bbslide\u00bb animation_direction=\u00bbtop\u00bb animation_intensity_slide=\u00bb2%\u00bb animation_starting_opacity=\u00bb100%\u00bb locked=\u00bboff\u00bb global_colors_info=\u00bb{}\u00bb][et_pb_row _builder_version=\u00bb4.16&#8243; background_size=\u00bbinitial\u00bb background_position=\u00bbtop_left\u00bb background_repeat=\u00bbrepeat\u00bb custom_padding=\u00bb|||\u00bb custom_width_px=\u00bb1440px\u00bb global_colors_info=\u00bb{}\u00bb][et_pb_column type=\u00bb4_4&#8243; _builder_version=\u00bb4.16&#8243; custom_padding=\u00bb|||\u00bb global_colors_info=\u00bb{}\u00bb custom_padding__hover=\u00bb|||\u00bb][et_pb_text _builder_version=\u00bb4.16&#8243; text_font=\u00bb||||||||\u00bb header_font=\u00bbMontserrat|200|||||||\u00bb header_text_color=\u00bb#ffcc00&#8243; header_font_size=\u00bb4vh\u00bb header_line_height=\u00bb1.5em\u00bb header_2_font=\u00bb||||||||\u00bb header_3_font=\u00bb||||||||\u00bb header_4_font=\u00bb||||||||\u00bb header_5_font=\u00bb||||||||\u00bb header_6_font=\u00bb||||||||\u00bb background_size=\u00bbinitial\u00bb background_position=\u00bbtop_left\u00bb background_repeat=\u00bbrepeat\u00bb text_orientation=\u00bbcenter\u00bb module_alignment=\u00bbcenter\u00bb custom_margin=\u00bb||20px|\u00bb locked=\u00bboff\u00bb global_colors_info=\u00bb{}\u00bb]<\/p>\n<h1>M\u00e1scaras creativas Fullframe para la Fuji SP3000<\/h1>\n<p>[\/et_pb_text][et_pb_divider color=\u00bb#ffcc00&#8243; divider_weight=\u00bb3px\u00bb disabled_on=\u00bbon|on|off\u00bb _builder_version=\u00bb4.16&#8243; max_width=\u00bb80px\u00bb module_alignment=\u00bbcenter\u00bb height=\u00bb10px\u00bb custom_margin=\u00bb||20px|\u00bb animation_style=\u00bbslide\u00bb animation_direction=\u00bbbottom\u00bb saved_tabs=\u00bball\u00bb locked=\u00bboff\u00bb global_colors_info=\u00bb{}\u00bb][\/et_pb_divider][et_pb_text _builder_version=\u00bb4.16&#8243; text_font=\u00bbMontserrat|200|||||||\u00bb text_text_color=\u00bb#ffcc00&#8243; text_font_size=\u00bb3vh\u00bb text_line_height=\u00bb1.8em\u00bb header_font=\u00bb||||||||\u00bb text_orientation=\u00bbcenter\u00bb max_width=\u00bb600px\u00bb module_alignment=\u00bbcenter\u00bb locked=\u00bboff\u00bb global_colors_info=\u00bb{}\u00bb]<\/p>\n<p>Abre nuevos caminos con tu SP3000 y aprovecha todo su potencial<\/p>\n<p>[\/et_pb_text][\/et_pb_column][\/et_pb_row][\/et_pb_section][et_pb_section fb_built=\u00bb1&#8243; _builder_version=\u00bb4.16&#8243; custom_padding=\u00bb0px|0px|54px|0px||\u00bb global_colors_info=\u00bb{}\u00bb][et_pb_row _builder_version=\u00bb4.16&#8243; _module_preset=\u00bbdefault\u00bb background_color=\u00bb#ffcc00&#8243; width=\u00bb100%\u00bb max_width=\u00bb100vw\u00bb custom_margin=\u00bb0px|auto||auto|false|false\u00bb custom_padding=\u00bb||0px||false|false\u00bb locked=\u00bboff\u00bb global_colors_info=\u00bb{}\u00bb][et_pb_column type=\u00bb4_4&#8243; _builder_version=\u00bb4.16&#8243; _module_preset=\u00bbdefault\u00bb background_color=\u00bbrgba(0,0,0,0)\u00bb custom_padding=\u00bb2.5vw|2.5vw|2.5vw|2.5vw|false|false\u00bb global_colors_info=\u00bb{}\u00bb][et_pb_text _builder_version=\u00bb4.16&#8243; _module_preset=\u00bbdefault\u00bb text_font=\u00bb|300|||||||\u00bb text_text_color=\u00bb#000000&#8243; text_font_size=\u00bb1.2em\u00bb link_font=\u00bb|600|||||||\u00bb link_text_color=\u00bb#000000&#8243; header_font=\u00bbMontserrat|200|||||||\u00bb header_text_color=\u00bb#000000&#8243; header_font_size=\u00bb1.8em\u00bb header_2_font=\u00bbMontserrat|200|||||||\u00bb header_2_text_color=\u00bb#ffcc00&#8243; global_colors_info=\u00bb{}\u00bb]<\/p>\n<h1>Fuji SP-3000 | M\u00e1scaras creativas como resultado de las innumerables peticiones de los clientes<\/h1>\n<p>Con nuestras m\u00e1scaras creativas para la legendaria SP3000 de Fuji, ofrecemos m\u00e1scaras que funcionan al l\u00edmite del esc\u00e1ner y que nunca fueron dise\u00f1adas as\u00ed por Fuji. Todas las m\u00e1scaras creativas que ofrecemos no producen escaneados con una exposici\u00f3n \u00f3ptima al 100%, debido a una forma diferente de cubrir el \u00e1rea de escaneado, y en la mayor\u00eda de los casos tienen que ser postprocesadas en un software de tratamiento de im\u00e1genes. <\/p>\n<p>Algunas de estas m\u00e1scaras deben su existencia a las peticiones especiales de nuestros clientes y han sido optimizadas en largas series de pruebas.<\/p>\n<p>&nbsp;<\/p>\n<p>&nbsp;<\/p>\n<p>[\/et_pb_text][\/et_pb_column][\/et_pb_row][et_pb_row _builder_version=\u00bb4.16&#8243; background_size=\u00bbinitial\u00bb background_position=\u00bbtop_left\u00bb background_repeat=\u00bbrepeat\u00bb width=\u00bb95%\u00bb max_width=\u00bb95vw\u00bb module_alignment=\u00bbleft\u00bb custom_margin=\u00bb||||false|false\u00bb custom_padding=\u00bb|||2.5vw|false|false\u00bb locked=\u00bboff\u00bb global_colors_info=\u00bb{}\u00bb][et_pb_column type=\u00bb4_4&#8243; _builder_version=\u00bb4.16&#8243; background_position=\u00bbtop_left\u00bb custom_padding=\u00bb|||\u00bb global_colors_info=\u00bb{}\u00bb custom_padding__hover=\u00bb|||\u00bb][et_pb_shop type=\u00bbproduct_category\u00bb include_categories=\u00bb62&#8243; columns_number=\u00bb6&#8243; orderby=\u00bbmenu_order\u00bb icon_hover_color=\u00bbrgba(0,0,0,0.22)\u00bb hover_overlay_color=\u00bbrgba(255,255,255,0.29)\u00bb _builder_version=\u00bb4.16&#8243; title_font=\u00bbMontserrat||||||||\u00bb title_text_color=\u00bb#1b1b22&#8243; title_font_size=\u00bb20px\u00bb price_font=\u00bbPoppins||||||||\u00bb price_text_color=\u00bbrgba(0,0,0,0.4)\u00bb price_font_size=\u00bb16px\u00bb price_letter_spacing=\u00bb2px\u00bb global_colors_info=\u00bb{}\u00bb][\/et_pb_shop][\/et_pb_column][\/et_pb_row][\/et_pb_section][et_pb_section fb_built=\u00bb1&#8243; admin_label=\u00bbSale &#038; Featured\u00bb _builder_version=\u00bb4.16&#8243; background_position=\u00bbtop_right\u00bb global_colors_info=\u00bb{}\u00bb][et_pb_row _builder_version=\u00bb4.16&#8243; _module_preset=\u00bbdefault\u00bb global_colors_info=\u00bb{}\u00bb][et_pb_column type=\u00bb4_4&#8243; _builder_version=\u00bb4.16&#8243; _module_preset=\u00bbdefault\u00bb global_colors_info=\u00bb{}\u00bb][dipl_modal modal_id=\u00bbdipl_modal_module_2&#8243; trigger_element_type=\u00bbelement_class\u00bb trigger_element_class=\u00bbsignin\u00bb close_on_esc=\u00bbon\u00bb show_header=\u00bboff\u00bb modal_content_type=\u00bblayout\u00bb modal_content_layout=\u00bb883&#8243; modal_overlay_bg_color=\u00bbrgba(0,0,0,0.65)\u00bb modal_bg_color=\u00bbRGBA(0,0,0,0)\u00bb modal_body_bg_color=\u00bbRGBA(0,0,0,0)\u00bb modal_footer_bg_color=\u00bbRGBA(0,0,0,0)\u00bb _builder_version=\u00bb4.8.1&#8243; _module_preset=\u00bbdefault\u00bb custom_close_button=\u00bbon\u00bb close_button_text_color=\u00bb#FFCC00&#8243; close_button_bg_color=\u00bbRGBA(0,0,0,0)\u00bb close_button_icon=\u00bb%%44%%\u00bb global_colors_info=\u00bb{}\u00bb][\/dipl_modal][\/et_pb_column][\/et_pb_row][\/et_pb_section]<\/p>\n","protected":false},"excerpt":{"rendered":"<p>M\u00e1scaras creativas Fullframe para la Fuji SP3000Abre nuevos caminos con tu SP3000 y aprovecha todo su potencialFuji SP-3000 | M\u00e1scaras creativas como resultado de las innumerables peticiones de los clientes Con nuestras m\u00e1scaras creativas para la legendaria SP3000 de Fuji, ofrecemos m\u00e1scaras que funcionan al l\u00edmite del esc\u00e1ner y que nunca fueron dise\u00f1adas as\u00ed por [&hellip;]<\/p>\n","protected":false},"author":1,"featured_media":0,"parent":0,"menu_order":0,"comment_status":"closed","ping_status":"closed","template":"","meta":{"_acf_changed":false,"_et_pb_use_builder":"on","_et_pb_old_content":"","_et_gb_content_width":"","inline_featured_image":false,"footnotes":""},"class_list":["post-1911","page","type-page","status-publish","hentry"],"acf":[],"yoast_head":"<!-- This site is optimized with the Yoast SEO plugin v26.7 - https:\/\/yoast.com\/wordpress\/plugins\/seo\/ -->\n<title>M\u00e1scaras creativas Fullframe SP3000 Fuji - Analogist - Die Lust am Analogen<\/title>\n<meta name=\"robots\" content=\"index, follow, max-snippet:-1, max-image-preview:large, max-video-preview:-1\" \/>\n<link rel=\"canonical\" href=\"https:\/\/www.analogist.de\/es\/mascaras-creativas-fullframe-sp3000-fuji\/\" \/>\n<meta property=\"og:locale\" content=\"es_ES\" \/>\n<meta property=\"og:type\" content=\"article\" \/>\n<meta property=\"og:title\" content=\"M\u00e1scaras creativas Fullframe SP3000 Fuji - Analogist - Die Lust am Analogen\" \/>\n<meta property=\"og:description\" content=\"M\u00e1scaras creativas Fullframe para la Fuji SP3000Abre nuevos caminos con tu SP3000 y aprovecha todo su potencialFuji SP-3000 | M\u00e1scaras creativas como resultado de las innumerables peticiones de los clientes Con nuestras m\u00e1scaras creativas para la legendaria SP3000 de Fuji, ofrecemos m\u00e1scaras que funcionan al l\u00edmite del esc\u00e1ner y que nunca fueron dise\u00f1adas as\u00ed por [&hellip;]\" \/>\n<meta property=\"og:url\" content=\"https:\/\/www.analogist.de\/es\/mascaras-creativas-fullframe-sp3000-fuji\/\" \/>\n<meta property=\"og:site_name\" content=\"Analogist - Die Lust am Analogen\" \/>\n<meta property=\"article:modified_time\" content=\"2025-10-12T21:05:55+00:00\" \/>\n<meta name=\"twitter:card\" content=\"summary_large_image\" \/>\n<meta name=\"twitter:label1\" content=\"Tiempo de lectura\" \/>\n\t<meta name=\"twitter:data1\" content=\"4 minutos\" \/>\n<script type=\"application\/ld+json\" class=\"yoast-schema-graph\">{\"@context\":\"https:\/\/schema.org\",\"@graph\":[{\"@type\":\"WebPage\",\"@id\":\"https:\/\/www.analogist.de\/es\/mascaras-creativas-fullframe-sp3000-fuji\/\",\"url\":\"https:\/\/www.analogist.de\/es\/mascaras-creativas-fullframe-sp3000-fuji\/\",\"name\":\"M\u00e1scaras creativas Fullframe SP3000 Fuji - Analogist - Die Lust am Analogen\",\"isPartOf\":{\"@id\":\"https:\/\/www.analogist.de\/en\/#website\"},\"datePublished\":\"2025-10-12T21:05:54+00:00\",\"dateModified\":\"2025-10-12T21:05:55+00:00\",\"breadcrumb\":{\"@id\":\"https:\/\/www.analogist.de\/es\/mascaras-creativas-fullframe-sp3000-fuji\/#breadcrumb\"},\"inLanguage\":\"es\",\"potentialAction\":[{\"@type\":\"ReadAction\",\"target\":[\"https:\/\/www.analogist.de\/es\/mascaras-creativas-fullframe-sp3000-fuji\/\"]}]},{\"@type\":\"BreadcrumbList\",\"@id\":\"https:\/\/www.analogist.de\/es\/mascaras-creativas-fullframe-sp3000-fuji\/#breadcrumb\",\"itemListElement\":[{\"@type\":\"ListItem\",\"position\":1,\"name\":\"Startseite\",\"item\":\"https:\/\/www.analogist.de\/es\/analogista-lo-analogico-nunca-ha-sido-tan-digital\/\"},{\"@type\":\"ListItem\",\"position\":2,\"name\":\"M\u00e1scaras creativas Fullframe SP3000 Fuji\"}]},{\"@type\":\"WebSite\",\"@id\":\"https:\/\/www.analogist.de\/en\/#website\",\"url\":\"https:\/\/www.analogist.de\/en\/\",\"name\":\"Analogist - Die Lust am Analogen\",\"description\":\"Analog im Zeitalter der digitalen Medien erleben\",\"potentialAction\":[{\"@type\":\"SearchAction\",\"target\":{\"@type\":\"EntryPoint\",\"urlTemplate\":\"https:\/\/www.analogist.de\/en\/?s={search_term_string}\"},\"query-input\":{\"@type\":\"PropertyValueSpecification\",\"valueRequired\":true,\"valueName\":\"search_term_string\"}}],\"inLanguage\":\"es\"}]}<\/script>\n<!-- \/ Yoast SEO plugin. -->","yoast_head_json":{"title":"M\u00e1scaras creativas Fullframe SP3000 Fuji - Analogist - Die Lust am Analogen","robots":{"index":"index","follow":"follow","max-snippet":"max-snippet:-1","max-image-preview":"max-image-preview:large","max-video-preview":"max-video-preview:-1"},"canonical":"https:\/\/www.analogist.de\/es\/mascaras-creativas-fullframe-sp3000-fuji\/","og_locale":"es_ES","og_type":"article","og_title":"M\u00e1scaras creativas Fullframe SP3000 Fuji - Analogist - Die Lust am Analogen","og_description":"M\u00e1scaras creativas Fullframe para la Fuji SP3000Abre nuevos caminos con tu SP3000 y aprovecha todo su potencialFuji SP-3000 | M\u00e1scaras creativas como resultado de las innumerables peticiones de los clientes Con nuestras m\u00e1scaras creativas para la legendaria SP3000 de Fuji, ofrecemos m\u00e1scaras que funcionan al l\u00edmite del esc\u00e1ner y que nunca fueron dise\u00f1adas as\u00ed por [&hellip;]","og_url":"https:\/\/www.analogist.de\/es\/mascaras-creativas-fullframe-sp3000-fuji\/","og_site_name":"Analogist - Die Lust am Analogen","article_modified_time":"2025-10-12T21:05:55+00:00","twitter_card":"summary_large_image","twitter_misc":{"Tiempo de lectura":"4 minutos"},"schema":{"@context":"https:\/\/schema.org","@graph":[{"@type":"WebPage","@id":"https:\/\/www.analogist.de\/es\/mascaras-creativas-fullframe-sp3000-fuji\/","url":"https:\/\/www.analogist.de\/es\/mascaras-creativas-fullframe-sp3000-fuji\/","name":"M\u00e1scaras creativas Fullframe SP3000 Fuji - Analogist - Die Lust am Analogen","isPartOf":{"@id":"https:\/\/www.analogist.de\/en\/#website"},"datePublished":"2025-10-12T21:05:54+00:00","dateModified":"2025-10-12T21:05:55+00:00","breadcrumb":{"@id":"https:\/\/www.analogist.de\/es\/mascaras-creativas-fullframe-sp3000-fuji\/#breadcrumb"},"inLanguage":"es","potentialAction":[{"@type":"ReadAction","target":["https:\/\/www.analogist.de\/es\/mascaras-creativas-fullframe-sp3000-fuji\/"]}]},{"@type":"BreadcrumbList","@id":"https:\/\/www.analogist.de\/es\/mascaras-creativas-fullframe-sp3000-fuji\/#breadcrumb","itemListElement":[{"@type":"ListItem","position":1,"name":"Startseite","item":"https:\/\/www.analogist.de\/es\/analogista-lo-analogico-nunca-ha-sido-tan-digital\/"},{"@type":"ListItem","position":2,"name":"M\u00e1scaras creativas Fullframe SP3000 Fuji"}]},{"@type":"WebSite","@id":"https:\/\/www.analogist.de\/en\/#website","url":"https:\/\/www.analogist.de\/en\/","name":"Analogist - Die Lust am Analogen","description":"Analog im Zeitalter der digitalen Medien erleben","potentialAction":[{"@type":"SearchAction","target":{"@type":"EntryPoint","urlTemplate":"https:\/\/www.analogist.de\/en\/?s={search_term_string}"},"query-input":{"@type":"PropertyValueSpecification","valueRequired":true,"valueName":"search_term_string"}}],"inLanguage":"es"}]}},"jetpack_sharing_enabled":true,"_links":{"self":[{"href":"https:\/\/www.analogist.de\/es\/wp-json\/wp\/v2\/pages\/1911","targetHints":{"allow":["GET"]}}],"collection":[{"href":"https:\/\/www.analogist.de\/es\/wp-json\/wp\/v2\/pages"}],"about":[{"href":"https:\/\/www.analogist.de\/es\/wp-json\/wp\/v2\/types\/page"}],"author":[{"embeddable":true,"href":"https:\/\/www.analogist.de\/es\/wp-json\/wp\/v2\/users\/1"}],"replies":[{"embeddable":true,"href":"https:\/\/www.analogist.de\/es\/wp-json\/wp\/v2\/comments?post=1911"}],"version-history":[{"count":2,"href":"https:\/\/www.analogist.de\/es\/wp-json\/wp\/v2\/pages\/1911\/revisions"}],"predecessor-version":[{"id":1914,"href":"https:\/\/www.analogist.de\/es\/wp-json\/wp\/v2\/pages\/1911\/revisions\/1914"}],"wp:attachment":[{"href":"https:\/\/www.analogist.de\/es\/wp-json\/wp\/v2\/media?parent=1911"}],"curies":[{"name":"wp","href":"https:\/\/api.w.org\/{rel}","templated":true}]}}