{"id":1915,"date":"2025-10-12T23:06:20","date_gmt":"2025-10-12T21:06:20","guid":{"rendered":"https:\/\/www.analogist.de\/mascaras-fullframe-para-sp-3000-fuji\/"},"modified":"2025-10-12T23:06:21","modified_gmt":"2025-10-12T21:06:21","slug":"mascaras-fullframe-para-sp-3000-fuji","status":"publish","type":"page","link":"https:\/\/www.analogist.de\/es\/mascaras-fullframe-para-sp-3000-fuji\/","title":{"rendered":"M\u00e1scaras Fullframe para SP-3000 Fuji"},"content":{"rendered":"<p>[et_pb_section fb_built=\u00bb1&#8243; admin_label=\u00bbHero Section\u00bb _builder_version=\u00bb4.16&#8243; background_color=\u00bb#ffcc00&#8243; background_color_gradient_direction=\u00bb131deg\u00bb custom_padding=\u00bb80px|0px|80px|0px\u00bb animation_style=\u00bbslide\u00bb animation_direction=\u00bbtop\u00bb animation_intensity_slide=\u00bb2%\u00bb animation_starting_opacity=\u00bb100%\u00bb hover_enabled=\u00bb0&#8243; locked=\u00bboff\u00bb global_colors_info=\u00bb{}\u00bb sticky_enabled=\u00bb0&#8243;][et_pb_row _builder_version=\u00bb4.16&#8243; background_size=\u00bbinitial\u00bb background_position=\u00bbtop_left\u00bb background_repeat=\u00bbrepeat\u00bb custom_padding=\u00bb|||\u00bb custom_width_px=\u00bb1440px\u00bb global_colors_info=\u00bb{}\u00bb][et_pb_column type=\u00bb4_4&#8243; _builder_version=\u00bb4.16&#8243; custom_padding=\u00bb|||\u00bb global_colors_info=\u00bb{}\u00bb custom_padding__hover=\u00bb|||\u00bb][et_pb_text _builder_version=\u00bb4.16&#8243; text_font=\u00bb||||||||\u00bb header_font=\u00bbMontserrat|200|||||||\u00bb header_text_color=\u00bb#000000&#8243; header_font_size=\u00bb4vh\u00bb header_line_height=\u00bb1.5em\u00bb header_2_font=\u00bb||||||||\u00bb header_3_font=\u00bb||||||||\u00bb header_4_font=\u00bb||||||||\u00bb header_5_font=\u00bb||||||||\u00bb header_6_font=\u00bb||||||||\u00bb background_size=\u00bbinitial\u00bb background_position=\u00bbtop_left\u00bb background_repeat=\u00bbrepeat\u00bb text_orientation=\u00bbcenter\u00bb module_alignment=\u00bbcenter\u00bb custom_margin=\u00bb||20px|\u00bb locked=\u00bboff\u00bb global_colors_info=\u00bb{}\u00bb]<\/p>\n<h1>Incrustaci\u00f3n o m\u00e1scara completa para el autocargador NC100AY<\/h1>\n<p>[\/et_pb_text][et_pb_divider color=\u00bb#000000&#8243; divider_weight=\u00bb3px\u00bb disabled_on=\u00bbon|on|off\u00bb _builder_version=\u00bb4.16&#8243; max_width=\u00bb80px\u00bb module_alignment=\u00bbcenter\u00bb height=\u00bb10px\u00bb custom_margin=\u00bb||20px|\u00bb animation_style=\u00bbslide\u00bb animation_direction=\u00bbbottom\u00bb saved_tabs=\u00bball\u00bb locked=\u00bboff\u00bb global_colors_info=\u00bb{}\u00bb][\/et_pb_divider][et_pb_text _builder_version=\u00bb4.16&#8243; text_font=\u00bbMontserrat||||||||\u00bb text_text_color=\u00bbrgba(255,255,255,0.8)\u00bb text_font_size=\u00bb18px\u00bb text_line_height=\u00bb1.8em\u00bb header_font=\u00bb||||||||\u00bb header_font_size=\u00bb3vh\u00bb text_orientation=\u00bbcenter\u00bb max_width=\u00bb600px\u00bb module_alignment=\u00bbcenter\u00bb locked=\u00bboff\u00bb global_colors_info=\u00bb{}\u00bb]<\/p>\n<h1>para el esc\u00e1ner de laboratorio Fuji SP3000<\/h1>\n<p>[\/et_pb_text][\/et_pb_column][\/et_pb_row][\/et_pb_section][et_pb_section fb_built=\u00bb1&#8243; _builder_version=\u00bb4.16&#8243; custom_padding=\u00bb160px|0px|54px|0px\u00bb global_colors_info=\u00bb{}\u00bb][et_pb_row column_structure=\u00bb1_2,1_2&#8243; make_equal=\u00bbon\u00bb _builder_version=\u00bb4.16&#8243; background_size=\u00bbinitial\u00bb background_position=\u00bbtop_left\u00bb background_repeat=\u00bbrepeat\u00bb width=\u00bb95%\u00bb max_width=\u00bb95vw\u00bb module_alignment=\u00bbcenter\u00bb custom_margin=\u00bb||100px|\u00bb custom_padding=\u00bb0px||0px|\u00bb animation_style=\u00bbslide\u00bb animation_direction=\u00bbtop\u00bb animation_intensity_slide=\u00bb2%\u00bb animation_starting_opacity=\u00bb100%\u00bb box_shadow_style=\u00bbpreset3&#8243; box_shadow_vertical=\u00bb40px\u00bb box_shadow_blur=\u00bb50px\u00bb box_shadow_color=\u00bbrgba(0,0,0,0.1)\u00bb global_colors_info=\u00bb{}\u00bb][et_pb_column type=\u00bb1_2&#8243; _builder_version=\u00bb4.16&#8243; background_color=\u00bb#ffcc00&#8243; background_color_gradient_direction=\u00bb35deg\u00bb custom_padding=\u00bb|5%||5%\u00bb global_colors_info=\u00bb{}\u00bb custom_padding__hover=\u00bb|||\u00bb][et_pb_image src=\u00bbhttps:\/\/www.analogist.de\/wp-content\/uploads\/2021\/03\/R1-02267-0005-scaled.jpg\u00bb alt=\u00bbMarco completo-borde negro-SP3000-Fuji\u00bb title_text=\u00bbMarco completo-borde negro-SP3000-Fuji\u00bb align=\u00bbcenter\u00bb align_tablet=\u00bbcenter\u00bb align_phone=\u00bb\u00bb align_last_edited=\u00bbon|desktop\u00bb _builder_version=\u00bb4.16&#8243; custom_margin=\u00bb-20px||-20px|\u00bb custom_padding=\u00bb|||\u00bb animation_style=\u00bbzoom\u00bb animation_direction=\u00bbright\u00bb animation_intensity_zoom=\u00bb10%\u00bb animation_starting_opacity=\u00bb100%\u00bb border_color_all=\u00bbrgba(0,0,0,0.91)\u00bb box_shadow_style=\u00bbpreset1&#8243; global_colors_info=\u00bb{}\u00bb][\/et_pb_image][\/et_pb_column][et_pb_column type=\u00bb1_2&#8243; _builder_version=\u00bb4.16&#8243; custom_padding=\u00bb40px|40px|40px|40px\u00bb global_colors_info=\u00bb{}\u00bb custom_padding__hover=\u00bb|||\u00bb][et_pb_text _builder_version=\u00bb4.16&#8243; text_font=\u00bb||||||||\u00bb header_font=\u00bb||||||||\u00bb header_2_font=\u00bbMontserrat|200|||||||\u00bb header_2_text_align=\u00bbleft\u00bb header_2_text_color=\u00bb#2b2b2b\u00bb header_2_font_size=\u00bb42px\u00bb header_2_line_height=\u00bb1.5em\u00bb header_3_font=\u00bbPlayfair Display|700|||||||\u00bb header_3_text_color=\u00bb#2b2b2b\u00bb header_3_font_size=\u00bb28px\u00bb header_3_line_height=\u00bb1.5em\u00bb background_size=\u00bbinitial\u00bb background_position=\u00bbtop_left\u00bb background_repeat=\u00bbrepeat\u00bb text_orientation=\u00bbcenter\u00bb module_alignment=\u00bbcenter\u00bb custom_margin=\u00bb||10px|\u00bb global_colors_info=\u00bb{}\u00bb]<\/p>\n<h2>Los amantes de las monturas sacan partido a su dinero<\/h2>\n<p>[\/et_pb_text][et_pb_divider color=\u00bb#f7d584&#8243; divider_weight=\u00bb3px\u00bb disabled_on=\u00bbon|on|off\u00bb _builder_version=\u00bb4.16&#8243; max_width=\u00bb80px\u00bb module_alignment=\u00bbleft\u00bb height=\u00bb10px\u00bb custom_margin=\u00bb||20px|\u00bb animation_style=\u00bbslide\u00bb animation_direction=\u00bbbottom\u00bb saved_tabs=\u00bball\u00bb locked=\u00bboff\u00bb global_colors_info=\u00bb{}\u00bb][\/et_pb_divider][et_pb_text _builder_version=\u00bb4.16&#8243; text_font=\u00bbMontserrat||||||||\u00bb text_text_color=\u00bbrgba(0,0,0,0.4)\u00bb text_font_size=\u00bb16px\u00bb text_line_height=\u00bb1.9em\u00bb header_font=\u00bb||||||||\u00bb header_2_font=\u00bb||||||||\u00bb module_alignment=\u00bbcenter\u00bb custom_margin=\u00bb||30px|\u00bb global_colors_info=\u00bb{}\u00bb]<\/p>\n<p>Con nuestra incrustaci\u00f3n o m\u00e1scara para el autocargador NC100AY para la SP-3000 de Fuji, puedes escanear autom\u00e1ticamente pel\u00edculas de 35 mm con los bordes del negativo. El encuadre de negativos es cada vez m\u00e1s popular entre los aficionados a la fotograf\u00eda anal\u00f3gica. La gente ya no s\u00f3lo quiere escanear el negativo recortado, sino todos los datos de imagen almacenados en el negativo. El encuadre del negativo tambi\u00e9n puede interpretarse como una declaraci\u00f3n. Los que hacen fotograf\u00edas anal\u00f3gicas y, por tanto, t\u00e9cnicamente sofisticadas, tambi\u00e9n quieren mostrarlo.      <\/p>\n<p>[\/et_pb_text][\/et_pb_column][\/et_pb_row][et_pb_row _builder_version=\u00bb4.16&#8243; background_size=\u00bbinitial\u00bb background_position=\u00bbtop_left\u00bb background_repeat=\u00bbrepeat\u00bb width=\u00bb100%\u00bb max_width=\u00bb100vw\u00bb module_alignment=\u00bbleft\u00bb custom_margin=\u00bb|||\u00bb custom_padding=\u00bb|2.5vw||2.5vw|false|false\u00bb locked=\u00bboff\u00bb global_colors_info=\u00bb{}\u00bb][et_pb_column type=\u00bb4_4&#8243; _builder_version=\u00bb4.16&#8243; background_position=\u00bbtop_left\u00bb custom_padding=\u00bb|||\u00bb global_colors_info=\u00bb{}\u00bb custom_padding__hover=\u00bb|||\u00bb][et_pb_shop type=\u00bbproduct_category\u00bb include_categories=\u00bb55&#8243; columns_number=\u00bb6&#8243; orderby=\u00bbmenu_order\u00bb icon_hover_color=\u00bbrgba(0,0,0,0.22)\u00bb hover_overlay_color=\u00bbrgba(255,255,255,0.29)\u00bb _builder_version=\u00bb4.16&#8243; title_font=\u00bbMontserrat||||||||\u00bb title_text_color=\u00bb#1b1b22&#8243; title_font_size=\u00bb20px\u00bb price_font=\u00bbPoppins||||||||\u00bb price_text_color=\u00bbrgba(0,0,0,0.4)\u00bb price_font_size=\u00bb16px\u00bb price_letter_spacing=\u00bb2px\u00bb global_colors_info=\u00bb{}\u00bb][\/et_pb_shop][dipl_modal modal_id=\u00bbdipl_modal_module_2&#8243; trigger_element_type=\u00bbelement_class\u00bb trigger_element_class=\u00bbsignin\u00bb close_on_esc=\u00bbon\u00bb show_header=\u00bboff\u00bb modal_content_type=\u00bblayout\u00bb modal_content_layout=\u00bb883&#8243; modal_overlay_bg_color=\u00bbrgba(0,0,0,0.65)\u00bb modal_bg_color=\u00bbRGBA(0,0,0,0)\u00bb modal_body_bg_color=\u00bbRGBA(0,0,0,0)\u00bb modal_footer_bg_color=\u00bbRGBA(0,0,0,0)\u00bb _builder_version=\u00bb4.8.1&#8243; _module_preset=\u00bbdefault\u00bb custom_close_button=\u00bbon\u00bb close_button_text_color=\u00bb#FFCC00&#8243; close_button_bg_color=\u00bbRGBA(0,0,0,0)\u00bb close_button_icon=\u00bb%%44%%\u00bb global_colors_info=\u00bb{}\u00bb][\/dipl_modal][\/et_pb_column][\/et_pb_row][\/et_pb_section]<\/p>\n","protected":false},"excerpt":{"rendered":"<p>Incrustaci\u00f3n o m\u00e1scara completa para el autocargador NC100AYpara el esc\u00e1ner de laboratorio Fuji SP3000Los amantes de las monturas sacan partido a su dineroCon nuestra incrustaci\u00f3n o m\u00e1scara para el autocargador NC100AY para la SP-3000 de Fuji, puedes escanear autom\u00e1ticamente pel\u00edculas de 35 mm con los bordes del negativo. El encuadre de negativos es cada vez [&hellip;]<\/p>\n","protected":false},"author":1,"featured_media":0,"parent":0,"menu_order":0,"comment_status":"closed","ping_status":"closed","template":"","meta":{"_acf_changed":false,"_et_pb_use_builder":"on","_et_pb_old_content":"","_et_gb_content_width":"","inline_featured_image":false,"footnotes":""},"class_list":["post-1915","page","type-page","status-publish","hentry"],"acf":[],"yoast_head":"<!-- This site is optimized with the Yoast SEO plugin v26.7 - https:\/\/yoast.com\/wordpress\/plugins\/seo\/ -->\n<title>M\u00e1scaras Fullframe para SP-3000 Fuji - Analogist - Die Lust am Analogen<\/title>\n<meta name=\"robots\" content=\"index, follow, max-snippet:-1, max-image-preview:large, max-video-preview:-1\" \/>\n<link rel=\"canonical\" href=\"https:\/\/www.analogist.de\/es\/mascaras-fullframe-para-sp-3000-fuji\/\" \/>\n<meta property=\"og:locale\" content=\"es_ES\" \/>\n<meta property=\"og:type\" content=\"article\" \/>\n<meta property=\"og:title\" content=\"M\u00e1scaras Fullframe para SP-3000 Fuji - Analogist - Die Lust am Analogen\" \/>\n<meta property=\"og:description\" content=\"Incrustaci\u00f3n o m\u00e1scara completa para el autocargador NC100AYpara el esc\u00e1ner de laboratorio Fuji SP3000Los amantes de las monturas sacan partido a su dineroCon nuestra incrustaci\u00f3n o m\u00e1scara para el autocargador NC100AY para la SP-3000 de Fuji, puedes escanear autom\u00e1ticamente pel\u00edculas de 35 mm con los bordes del negativo. El encuadre de negativos es cada vez [&hellip;]\" \/>\n<meta property=\"og:url\" content=\"https:\/\/www.analogist.de\/es\/mascaras-fullframe-para-sp-3000-fuji\/\" \/>\n<meta property=\"og:site_name\" content=\"Analogist - Die Lust am Analogen\" \/>\n<meta property=\"article:modified_time\" content=\"2025-10-12T21:06:21+00:00\" \/>\n<meta name=\"twitter:card\" content=\"summary_large_image\" \/>\n<meta name=\"twitter:label1\" content=\"Tiempo de lectura\" \/>\n\t<meta name=\"twitter:data1\" content=\"5 minutos\" \/>\n<script type=\"application\/ld+json\" class=\"yoast-schema-graph\">{\"@context\":\"https:\/\/schema.org\",\"@graph\":[{\"@type\":\"WebPage\",\"@id\":\"https:\/\/www.analogist.de\/es\/mascaras-fullframe-para-sp-3000-fuji\/\",\"url\":\"https:\/\/www.analogist.de\/es\/mascaras-fullframe-para-sp-3000-fuji\/\",\"name\":\"M\u00e1scaras Fullframe para SP-3000 Fuji - Analogist - Die Lust am Analogen\",\"isPartOf\":{\"@id\":\"https:\/\/www.analogist.de\/en\/#website\"},\"datePublished\":\"2025-10-12T21:06:20+00:00\",\"dateModified\":\"2025-10-12T21:06:21+00:00\",\"breadcrumb\":{\"@id\":\"https:\/\/www.analogist.de\/es\/mascaras-fullframe-para-sp-3000-fuji\/#breadcrumb\"},\"inLanguage\":\"es\",\"potentialAction\":[{\"@type\":\"ReadAction\",\"target\":[\"https:\/\/www.analogist.de\/es\/mascaras-fullframe-para-sp-3000-fuji\/\"]}]},{\"@type\":\"BreadcrumbList\",\"@id\":\"https:\/\/www.analogist.de\/es\/mascaras-fullframe-para-sp-3000-fuji\/#breadcrumb\",\"itemListElement\":[{\"@type\":\"ListItem\",\"position\":1,\"name\":\"Startseite\",\"item\":\"https:\/\/www.analogist.de\/es\/analogista-lo-analogico-nunca-ha-sido-tan-digital\/\"},{\"@type\":\"ListItem\",\"position\":2,\"name\":\"M\u00e1scaras Fullframe para SP-3000 Fuji\"}]},{\"@type\":\"WebSite\",\"@id\":\"https:\/\/www.analogist.de\/en\/#website\",\"url\":\"https:\/\/www.analogist.de\/en\/\",\"name\":\"Analogist - Die Lust am Analogen\",\"description\":\"Analog im Zeitalter der digitalen Medien erleben\",\"potentialAction\":[{\"@type\":\"SearchAction\",\"target\":{\"@type\":\"EntryPoint\",\"urlTemplate\":\"https:\/\/www.analogist.de\/en\/?s={search_term_string}\"},\"query-input\":{\"@type\":\"PropertyValueSpecification\",\"valueRequired\":true,\"valueName\":\"search_term_string\"}}],\"inLanguage\":\"es\"}]}<\/script>\n<!-- \/ Yoast SEO plugin. -->","yoast_head_json":{"title":"M\u00e1scaras Fullframe para SP-3000 Fuji - Analogist - Die Lust am Analogen","robots":{"index":"index","follow":"follow","max-snippet":"max-snippet:-1","max-image-preview":"max-image-preview:large","max-video-preview":"max-video-preview:-1"},"canonical":"https:\/\/www.analogist.de\/es\/mascaras-fullframe-para-sp-3000-fuji\/","og_locale":"es_ES","og_type":"article","og_title":"M\u00e1scaras Fullframe para SP-3000 Fuji - Analogist - Die Lust am Analogen","og_description":"Incrustaci\u00f3n o m\u00e1scara completa para el autocargador NC100AYpara el esc\u00e1ner de laboratorio Fuji SP3000Los amantes de las monturas sacan partido a su dineroCon nuestra incrustaci\u00f3n o m\u00e1scara para el autocargador NC100AY para la SP-3000 de Fuji, puedes escanear autom\u00e1ticamente pel\u00edculas de 35 mm con los bordes del negativo. El encuadre de negativos es cada vez [&hellip;]","og_url":"https:\/\/www.analogist.de\/es\/mascaras-fullframe-para-sp-3000-fuji\/","og_site_name":"Analogist - Die Lust am Analogen","article_modified_time":"2025-10-12T21:06:21+00:00","twitter_card":"summary_large_image","twitter_misc":{"Tiempo de lectura":"5 minutos"},"schema":{"@context":"https:\/\/schema.org","@graph":[{"@type":"WebPage","@id":"https:\/\/www.analogist.de\/es\/mascaras-fullframe-para-sp-3000-fuji\/","url":"https:\/\/www.analogist.de\/es\/mascaras-fullframe-para-sp-3000-fuji\/","name":"M\u00e1scaras Fullframe para SP-3000 Fuji - Analogist - Die Lust am Analogen","isPartOf":{"@id":"https:\/\/www.analogist.de\/en\/#website"},"datePublished":"2025-10-12T21:06:20+00:00","dateModified":"2025-10-12T21:06:21+00:00","breadcrumb":{"@id":"https:\/\/www.analogist.de\/es\/mascaras-fullframe-para-sp-3000-fuji\/#breadcrumb"},"inLanguage":"es","potentialAction":[{"@type":"ReadAction","target":["https:\/\/www.analogist.de\/es\/mascaras-fullframe-para-sp-3000-fuji\/"]}]},{"@type":"BreadcrumbList","@id":"https:\/\/www.analogist.de\/es\/mascaras-fullframe-para-sp-3000-fuji\/#breadcrumb","itemListElement":[{"@type":"ListItem","position":1,"name":"Startseite","item":"https:\/\/www.analogist.de\/es\/analogista-lo-analogico-nunca-ha-sido-tan-digital\/"},{"@type":"ListItem","position":2,"name":"M\u00e1scaras Fullframe para SP-3000 Fuji"}]},{"@type":"WebSite","@id":"https:\/\/www.analogist.de\/en\/#website","url":"https:\/\/www.analogist.de\/en\/","name":"Analogist - Die Lust am Analogen","description":"Analog im Zeitalter der digitalen Medien erleben","potentialAction":[{"@type":"SearchAction","target":{"@type":"EntryPoint","urlTemplate":"https:\/\/www.analogist.de\/en\/?s={search_term_string}"},"query-input":{"@type":"PropertyValueSpecification","valueRequired":true,"valueName":"search_term_string"}}],"inLanguage":"es"}]}},"jetpack_sharing_enabled":true,"_links":{"self":[{"href":"https:\/\/www.analogist.de\/es\/wp-json\/wp\/v2\/pages\/1915","targetHints":{"allow":["GET"]}}],"collection":[{"href":"https:\/\/www.analogist.de\/es\/wp-json\/wp\/v2\/pages"}],"about":[{"href":"https:\/\/www.analogist.de\/es\/wp-json\/wp\/v2\/types\/page"}],"author":[{"embeddable":true,"href":"https:\/\/www.analogist.de\/es\/wp-json\/wp\/v2\/users\/1"}],"replies":[{"embeddable":true,"href":"https:\/\/www.analogist.de\/es\/wp-json\/wp\/v2\/comments?post=1915"}],"version-history":[{"count":2,"href":"https:\/\/www.analogist.de\/es\/wp-json\/wp\/v2\/pages\/1915\/revisions"}],"predecessor-version":[{"id":1918,"href":"https:\/\/www.analogist.de\/es\/wp-json\/wp\/v2\/pages\/1915\/revisions\/1918"}],"wp:attachment":[{"href":"https:\/\/www.analogist.de\/es\/wp-json\/wp\/v2\/media?parent=1915"}],"curies":[{"name":"wp","href":"https:\/\/api.w.org\/{rel}","templated":true}]}}