{"id":1924,"date":"2025-10-12T23:07:13","date_gmt":"2025-10-12T21:07:13","guid":{"rendered":"https:\/\/www.analogist.de\/mascaras-de-formato-medio-120-para-fuji-sp3000\/"},"modified":"2025-10-12T23:07:14","modified_gmt":"2025-10-12T21:07:14","slug":"mascaras-de-formato-medio-120-para-fuji-sp3000","status":"publish","type":"page","link":"https:\/\/www.analogist.de\/es\/mascaras-de-formato-medio-120-para-fuji-sp3000\/","title":{"rendered":"M\u00e1scaras de formato medio 120 para Fuji SP3000"},"content":{"rendered":"<p>[et_pb_section fb_built=\u00bb1&#8243; admin_label=\u00bbHero Section\u00bb _builder_version=\u00bb4.16&#8243; background_color=\u00bb#ffcc00&#8243; background_color_gradient_direction=\u00bb131deg\u00bb custom_padding=\u00bb80px|0px|80px|0px\u00bb animation_style=\u00bbslide\u00bb animation_direction=\u00bbtop\u00bb animation_intensity_slide=\u00bb2%\u00bb animation_starting_opacity=\u00bb100%\u00bb locked=\u00bboff\u00bb global_colors_info=\u00bb{}\u00bb][et_pb_row _builder_version=\u00bb4.16&#8243; background_size=\u00bbinitial\u00bb background_position=\u00bbtop_left\u00bb background_repeat=\u00bbrepeat\u00bb custom_padding=\u00bb|||\u00bb custom_width_px=\u00bb1440px\u00bb global_colors_info=\u00bb{}\u00bb][et_pb_column type=\u00bb4_4&#8243; _builder_version=\u00bb4.16&#8243; custom_padding=\u00bb|||\u00bb global_colors_info=\u00bb{}\u00bb custom_padding__hover=\u00bb|||\u00bb][et_pb_text _builder_version=\u00bb4.16&#8243; text_font=\u00bb||||||||\u00bb header_font=\u00bbMontserrat|200|||||||\u00bb header_text_color=\u00bb#000000&#8243; header_font_size=\u00bb4vh\u00bb header_line_height=\u00bb1.5em\u00bb header_2_font=\u00bb||||||||\u00bb header_3_font=\u00bb||||||||\u00bb header_4_font=\u00bb||||||||\u00bb header_5_font=\u00bb||||||||\u00bb header_6_font=\u00bb||||||||\u00bb background_size=\u00bbinitial\u00bb background_position=\u00bbtop_left\u00bb background_repeat=\u00bbrepeat\u00bb text_orientation=\u00bbcenter\u00bb module_alignment=\u00bbcenter\u00bb custom_margin=\u00bb||20px|\u00bb locked=\u00bboff\u00bb global_colors_info=\u00bb{}\u00bb]<\/p>\n<h1>M\u00e1scaras de formato medio<\/h1>\n<p>[\/et_pb_text][et_pb_divider color=\u00bb#000000&#8243; divider_weight=\u00bb3px\u00bb disabled_on=\u00bbon|on|off\u00bb _builder_version=\u00bb4.16&#8243; max_width=\u00bb80px\u00bb module_alignment=\u00bbcenter\u00bb height=\u00bb10px\u00bb custom_margin=\u00bb||20px|\u00bb animation_style=\u00bbslide\u00bb animation_direction=\u00bbbottom\u00bb saved_tabs=\u00bball\u00bb locked=\u00bboff\u00bb global_colors_info=\u00bb{}\u00bb][\/et_pb_divider][et_pb_text _builder_version=\u00bb4.16&#8243; text_font=\u00bbMontserrat||||||||\u00bb text_text_color=\u00bbrgba(255,255,255,0.8)\u00bb text_font_size=\u00bb18px\u00bb text_line_height=\u00bb1.8em\u00bb header_font=\u00bb||||||||\u00bb header_font_size=\u00bb3vh\u00bb text_orientation=\u00bbcenter\u00bb max_width=\u00bb600px\u00bb module_alignment=\u00bbcenter\u00bb locked=\u00bboff\u00bb global_colors_info=\u00bb{}\u00bb]<\/p>\n<h1>para el esc\u00e1ner de laboratorio Fuji SP3000<\/h1>\n<p>[\/et_pb_text][\/et_pb_column][\/et_pb_row][\/et_pb_section][et_pb_section fb_built=\u00bb1&#8243; _builder_version=\u00bb4.16&#8243; custom_padding=\u00bb160px|0px|54px|0px\u00bb global_colors_info=\u00bb{}\u00bb][et_pb_row column_structure=\u00bb1_2,1_2&#8243; make_equal=\u00bbon\u00bb _builder_version=\u00bb4.16&#8243; background_size=\u00bbinitial\u00bb background_position=\u00bbtop_left\u00bb background_repeat=\u00bbrepeat\u00bb width=\u00bb95%\u00bb max_width=\u00bb95vw\u00bb module_alignment=\u00bbcenter\u00bb custom_margin=\u00bb||100px|\u00bb custom_padding=\u00bb0px||0px|\u00bb animation_style=\u00bbslide\u00bb animation_direction=\u00bbtop\u00bb animation_intensity_slide=\u00bb2%\u00bb animation_starting_opacity=\u00bb100%\u00bb box_shadow_style=\u00bbpreset3&#8243; box_shadow_vertical=\u00bb40px\u00bb box_shadow_blur=\u00bb50px\u00bb box_shadow_color=\u00bbrgba(0,0,0,0.1)\u00bb global_colors_info=\u00bb{}\u00bb][et_pb_column type=\u00bb1_2&#8243; _builder_version=\u00bb4.16&#8243; background_color=\u00bb#ffcc00&#8243; background_color_gradient_direction=\u00bb35deg\u00bb custom_padding=\u00bb|5%||5%\u00bb global_colors_info=\u00bb{}\u00bb custom_padding__hover=\u00bb|||\u00bb][et_pb_image src=\u00bbhttps:\/\/www.analogist.de\/wp-content\/uploads\/2020\/10\/R1-02161-0000-scaled.jpg\u00bb alt=\u00bbEscaneado 6&#215;6 con Fuji SP3000&#8243; title_text=\u00bbEscaneado 6&#215;6 con Fuji SP3000&#8243; align=\u00bbcenter\u00bb align_tablet=\u00bbcenter\u00bb align_phone=\u00bb\u00bb align_last_edited=\u00bbon|desktop\u00bb _builder_version=\u00bb4.16&#8243; custom_margin=\u00bb-20px||-20px|\u00bb custom_padding=\u00bb|||\u00bb animation_style=\u00bbzoom\u00bb animation_direction=\u00bbright\u00bb animation_intensity_zoom=\u00bb10%\u00bb animation_starting_opacity=\u00bb100%\u00bb global_colors_info=\u00bb{}\u00bb][\/et_pb_image][\/et_pb_column][et_pb_column type=\u00bb1_2&#8243; _builder_version=\u00bb4.16&#8243; custom_padding=\u00bb40px|40px|40px|40px\u00bb global_colors_info=\u00bb{}\u00bb custom_padding__hover=\u00bb|||\u00bb][et_pb_text _builder_version=\u00bb4.16&#8243; text_font=\u00bb||||||||\u00bb header_font=\u00bb||||||||\u00bb header_2_font=\u00bbMontserrat|200|||||||\u00bb header_2_text_align=\u00bbleft\u00bb header_2_text_color=\u00bb#2b2b2b\u00bb header_2_font_size=\u00bb42px\u00bb header_2_line_height=\u00bb1.5em\u00bb header_3_font=\u00bbPlayfair Display|700|||||||\u00bb header_3_text_color=\u00bb#2b2b2b\u00bb header_3_font_size=\u00bb28px\u00bb header_3_line_height=\u00bb1.5em\u00bb background_size=\u00bbinitial\u00bb background_position=\u00bbtop_left\u00bb background_repeat=\u00bbrepeat\u00bb text_orientation=\u00bbcenter\u00bb module_alignment=\u00bbcenter\u00bb custom_margin=\u00bb||10px|\u00bb global_colors_info=\u00bb{}\u00bb]<\/p>\n<h2>Formato medio<\/h2>\n<p>[\/et_pb_text][et_pb_divider color=\u00bb#f7d584&#8243; divider_weight=\u00bb3px\u00bb disabled_on=\u00bbon|on|off\u00bb _builder_version=\u00bb4.16&#8243; max_width=\u00bb80px\u00bb module_alignment=\u00bbleft\u00bb height=\u00bb10px\u00bb custom_margin=\u00bb||20px|\u00bb animation_style=\u00bbslide\u00bb animation_direction=\u00bbbottom\u00bb saved_tabs=\u00bball\u00bb locked=\u00bboff\u00bb global_colors_info=\u00bb{}\u00bb][\/et_pb_divider][et_pb_text _builder_version=\u00bb4.16&#8243; text_font=\u00bbMontserrat||||||||\u00bb text_text_color=\u00bbrgba(0,0,0,0.4)\u00bb text_font_size=\u00bb16px\u00bb text_line_height=\u00bb1.9em\u00bb header_font=\u00bb||||||||\u00bb header_2_font=\u00bb||||||||\u00bb module_alignment=\u00bbcenter\u00bb custom_margin=\u00bb||30px|\u00bb global_colors_info=\u00bb{}\u00bb]<\/p>\n<p><span>En unos tiempos en los que la fotograf\u00eda anal\u00f3gica es casi un lujo y ha vuelto a convertirse en un oficio, el formato medio resulta especialmente apasionante. Ya sea en formato 6&#215;7, 6&#215;9 o el cl\u00e1sico 6&#215;6, la SP3000 destaca realmente en este formato. <\/span><\/p>\n<p><span>Hemos construido y probado m\u00e1scaras para los formatos 6&#215;6 y 6&#215;9 y estamos asombrados de la calidad de los escaneados gracias a la tecnolog\u00eda \u00fanica de la Fuji SP3000.<\/span><\/p>\n<p><span>En el futuro, tambi\u00e9n habr\u00e1 m\u00e1scaras en formato 6&#215;7 y 6&#215;4,5, en funci\u00f3n de la demanda.<\/span><\/p>\n<p>[\/et_pb_text][\/et_pb_column][\/et_pb_row][et_pb_row _builder_version=\u00bb4.16&#8243; background_size=\u00bbinitial\u00bb background_position=\u00bbtop_left\u00bb background_repeat=\u00bbrepeat\u00bb width=\u00bb100%\u00bb max_width=\u00bb100vw\u00bb module_alignment=\u00bbleft\u00bb custom_margin=\u00bb|||\u00bb custom_padding=\u00bb|2.5vw||2.5vw|false|false\u00bb locked=\u00bboff\u00bb global_colors_info=\u00bb{}\u00bb][et_pb_column type=\u00bb4_4&#8243; _builder_version=\u00bb4.16&#8243; background_position=\u00bbtop_left\u00bb custom_padding=\u00bb|||\u00bb global_colors_info=\u00bb{}\u00bb custom_padding__hover=\u00bb|||\u00bb][et_pb_shop type=\u00bbproduct_category\u00bb include_categories=\u00bb24,55&#8243; columns_number=\u00bb6&#8243; orderby=\u00bbmenu_order\u00bb icon_hover_color=\u00bbrgba(0,0,0,0.22)\u00bb hover_overlay_color=\u00bbrgba(255,255,255,0.29)\u00bb _builder_version=\u00bb4.16&#8243; title_font=\u00bbMontserrat||||||||\u00bb title_text_color=\u00bb#1b1b22&#8243; title_font_size=\u00bb20px\u00bb price_font=\u00bbPoppins||||||||\u00bb price_text_color=\u00bbrgba(0,0,0,0.4)\u00bb price_font_size=\u00bb16px\u00bb price_letter_spacing=\u00bb2px\u00bb global_colors_info=\u00bb{}\u00bb][\/et_pb_shop][dipl_modal modal_id=\u00bbdipl_modal_module_2&#8243; trigger_element_type=\u00bbelement_class\u00bb trigger_element_class=\u00bbsignin\u00bb close_on_esc=\u00bbon\u00bb show_header=\u00bboff\u00bb modal_content_type=\u00bblayout\u00bb modal_content_layout=\u00bb883&#8243; modal_overlay_bg_color=\u00bbrgba(0,0,0,0.65)\u00bb modal_bg_color=\u00bbRGBA(0,0,0,0)\u00bb modal_body_bg_color=\u00bbRGBA(0,0,0,0)\u00bb modal_footer_bg_color=\u00bbRGBA(0,0,0,0)\u00bb _builder_version=\u00bb4.8.1&#8243; _module_preset=\u00bbdefault\u00bb custom_close_button=\u00bbon\u00bb close_button_text_color=\u00bb#FFCC00&#8243; close_button_bg_color=\u00bbRGBA(0,0,0,0)\u00bb close_button_icon=\u00bb%%44%%\u00bb global_colors_info=\u00bb{}\u00bb][\/dipl_modal][\/et_pb_column][\/et_pb_row][\/et_pb_section]<\/p>\n","protected":false},"excerpt":{"rendered":"<p>En unos tiempos en los que la fotograf\u00eda anal\u00f3gica es casi un lujo y ha vuelto a convertirse en un oficio, el formato medio resulta especialmente emocionante. Ya sea 6\u00d77, 6\u00d79 o el cl\u00e1sico formato 6\u00d76, la SP3000 realmente destaca en este formato. <\/p>\n<p>Hemos construido y probado m\u00e1scaras para los formatos 6\u00d76 y 6\u00d79 y estamos sorprendidos por la calidad de los escaneados gracias a la tecnolog\u00eda \u00fanica de la Fuji SP3000.<\/p>\n<p>En el futuro, tambi\u00e9n habr\u00e1 m\u00e1scaras en formato 6\u00d77 y 6\u00d74,5, en funci\u00f3n de la demanda.<\/p>\n","protected":false},"author":1,"featured_media":1926,"parent":0,"menu_order":0,"comment_status":"closed","ping_status":"closed","template":"","meta":{"_acf_changed":false,"_et_pb_use_builder":"on","_et_pb_old_content":"","_et_gb_content_width":"","inline_featured_image":false,"footnotes":""},"class_list":["post-1924","page","type-page","status-publish","has-post-thumbnail","hentry"],"acf":[],"yoast_head":"<!-- This site is optimized with the Yoast SEO plugin v26.7 - https:\/\/yoast.com\/wordpress\/plugins\/seo\/ -->\n<title>M\u00e1scaras de formato medio 120 para Fuji SP3000 - Analogist - Die Lust am Analogen<\/title>\n<meta name=\"description\" content=\"En una \u00e9poca en la que la fotograf\u00eda anal\u00f3gica es casi un lujo y ha vuelto a convertirse en un oficio, el formato medio resulta especialmente apasionante. Ya sea 6\u00d77, 6\u00d79 o el cl\u00e1sico formato 6\u00d76, la SP3000 realmente da lo mejor de s\u00ed en este formato, y hemos dise\u00f1ado y probado m\u00e1scaras para los formatos 6\u00d76 y 6\u00d79, y estamos asombrados con la calidad de los escaneados gracias a la tecnolog\u00eda \u00fanica de la Fuji SP3000. En el futuro tambi\u00e9n habr\u00e1 m\u00e1scaras para los formatos 6\u00d77 y 6\u00d74,5, en funci\u00f3n de la demanda.\" \/>\n<meta name=\"robots\" content=\"index, follow, max-snippet:-1, max-image-preview:large, max-video-preview:-1\" \/>\n<link rel=\"canonical\" href=\"https:\/\/www.analogist.de\/es\/mascaras-de-formato-medio-120-para-fuji-sp3000\/\" \/>\n<meta property=\"og:locale\" content=\"es_ES\" \/>\n<meta property=\"og:type\" content=\"article\" \/>\n<meta property=\"og:description\" content=\"En una \u00e9poca en la que la fotograf\u00eda anal\u00f3gica es casi un lujo y ha vuelto a convertirse en un oficio, el formato medio resulta especialmente apasionante. Ya sea 6\u00d77, 6\u00d79 o el cl\u00e1sico formato 6\u00d76, la SP3000 realmente da lo mejor de s\u00ed en este formato, y hemos dise\u00f1ado y probado m\u00e1scaras para los formatos 6\u00d76 y 6\u00d79, y estamos asombrados con la calidad de los escaneados gracias a la tecnolog\u00eda \u00fanica de la Fuji SP3000. En el futuro tambi\u00e9n habr\u00e1 m\u00e1scaras para los formatos 6\u00d77 y 6\u00d74,5, en funci\u00f3n de la demanda.\" \/>\n<meta property=\"og:url\" content=\"https:\/\/www.analogist.de\/es\/mascaras-de-formato-medio-120-para-fuji-sp3000\/\" \/>\n<meta property=\"og:site_name\" content=\"Analogist - Die Lust am Analogen\" \/>\n<meta property=\"article:modified_time\" content=\"2025-10-12T21:07:14+00:00\" \/>\n<meta property=\"og:image\" content=\"https:\/\/www.analogist.de\/wp-content\/uploads\/2020\/10\/6x9_gelb.png\" \/>\n<meta name=\"twitter:card\" content=\"summary_large_image\" \/>\n<meta name=\"twitter:description\" content=\"En una \u00e9poca en la que la fotograf\u00eda anal\u00f3gica es casi un lujo y ha vuelto a convertirse en un oficio, el formato medio resulta especialmente apasionante. Ya sea en 6\u00d77, 6\u00d79 o en el cl\u00e1sico formato 6\u00d76, la SP3000 realmente destaca en este formato, y hemos dise\u00f1ado y probado m\u00e1scaras para los formatos 6\u00d76 y 6\u00d79, y estamos sorprendidos por la calidad de los escaneados gracias a la tecnolog\u00eda \u00fanica de la Fuji SP3000. En el futuro tambi\u00e9n se dise\u00f1ar\u00e1n m\u00e1scaras para los formatos 6\u00d77 y 6\u00d74,5, en funci\u00f3n de la demanda.\" \/>\n<meta name=\"twitter:image\" content=\"https:\/\/www.analogist.de\/wp-content\/uploads\/2020\/10\/6x9_gelb.png\" \/>\n<meta name=\"twitter:label1\" content=\"Tiempo de lectura\" \/>\n\t<meta name=\"twitter:data1\" content=\"4 minutos\" \/>\n<script type=\"application\/ld+json\" class=\"yoast-schema-graph\">{\"@context\":\"https:\/\/schema.org\",\"@graph\":[{\"@type\":\"WebPage\",\"@id\":\"https:\/\/www.analogist.de\/es\/mascaras-de-formato-medio-120-para-fuji-sp3000\/\",\"url\":\"https:\/\/www.analogist.de\/es\/mascaras-de-formato-medio-120-para-fuji-sp3000\/\",\"name\":\"M\u00e1scaras de formato medio 120 para Fuji SP3000 - Analogist - Die Lust am Analogen\",\"isPartOf\":{\"@id\":\"https:\/\/www.analogist.de\/en\/#website\"},\"primaryImageOfPage\":{\"@id\":\"https:\/\/www.analogist.de\/es\/mascaras-de-formato-medio-120-para-fuji-sp3000\/#primaryimage\"},\"image\":{\"@id\":\"https:\/\/www.analogist.de\/es\/mascaras-de-formato-medio-120-para-fuji-sp3000\/#primaryimage\"},\"thumbnailUrl\":\"https:\/\/www.analogist.de\/wp-content\/uploads\/2020\/10\/6x6_mask_w.png\",\"datePublished\":\"2025-10-12T21:07:13+00:00\",\"dateModified\":\"2025-10-12T21:07:14+00:00\",\"description\":\"En una \u00e9poca en la que la fotograf\u00eda anal\u00f3gica es casi un lujo y ha vuelto a convertirse en un oficio, el formato medio resulta especialmente apasionante. Ya sea 6\u00d77, 6\u00d79 o el cl\u00e1sico formato 6\u00d76, la SP3000 realmente da lo mejor de s\u00ed en este formato, y hemos dise\u00f1ado y probado m\u00e1scaras para los formatos 6\u00d76 y 6\u00d79, y estamos asombrados con la calidad de los escaneados gracias a la tecnolog\u00eda \u00fanica de la Fuji SP3000. En el futuro tambi\u00e9n habr\u00e1 m\u00e1scaras para los formatos 6\u00d77 y 6\u00d74,5, en funci\u00f3n de la demanda.\",\"breadcrumb\":{\"@id\":\"https:\/\/www.analogist.de\/es\/mascaras-de-formato-medio-120-para-fuji-sp3000\/#breadcrumb\"},\"inLanguage\":\"es\",\"potentialAction\":[{\"@type\":\"ReadAction\",\"target\":[\"https:\/\/www.analogist.de\/es\/mascaras-de-formato-medio-120-para-fuji-sp3000\/\"]}]},{\"@type\":\"ImageObject\",\"inLanguage\":\"es\",\"@id\":\"https:\/\/www.analogist.de\/es\/mascaras-de-formato-medio-120-para-fuji-sp3000\/#primaryimage\",\"url\":\"https:\/\/www.analogist.de\/wp-content\/uploads\/2020\/10\/6x6_mask_w.png\",\"contentUrl\":\"https:\/\/www.analogist.de\/wp-content\/uploads\/2020\/10\/6x6_mask_w.png\",\"width\":1538,\"height\":1078},{\"@type\":\"BreadcrumbList\",\"@id\":\"https:\/\/www.analogist.de\/es\/mascaras-de-formato-medio-120-para-fuji-sp3000\/#breadcrumb\",\"itemListElement\":[{\"@type\":\"ListItem\",\"position\":1,\"name\":\"Startseite\",\"item\":\"https:\/\/www.analogist.de\/es\/analogista-lo-analogico-nunca-ha-sido-tan-digital\/\"},{\"@type\":\"ListItem\",\"position\":2,\"name\":\"M\u00e1scaras de formato medio 120 para Fuji SP3000\"}]},{\"@type\":\"WebSite\",\"@id\":\"https:\/\/www.analogist.de\/en\/#website\",\"url\":\"https:\/\/www.analogist.de\/en\/\",\"name\":\"Analogist - Die Lust am Analogen\",\"description\":\"Analog im Zeitalter der digitalen Medien erleben\",\"potentialAction\":[{\"@type\":\"SearchAction\",\"target\":{\"@type\":\"EntryPoint\",\"urlTemplate\":\"https:\/\/www.analogist.de\/en\/?s={search_term_string}\"},\"query-input\":{\"@type\":\"PropertyValueSpecification\",\"valueRequired\":true,\"valueName\":\"search_term_string\"}}],\"inLanguage\":\"es\"}]}<\/script>\n<!-- \/ Yoast SEO plugin. -->","yoast_head_json":{"title":"M\u00e1scaras de formato medio 120 para Fuji SP3000 - Analogist - Die Lust am Analogen","description":"En una \u00e9poca en la que la fotograf\u00eda anal\u00f3gica es casi un lujo y ha vuelto a convertirse en un oficio, el formato medio resulta especialmente apasionante. Ya sea 6\u00d77, 6\u00d79 o el cl\u00e1sico formato 6\u00d76, la SP3000 realmente da lo mejor de s\u00ed en este formato, y hemos dise\u00f1ado y probado m\u00e1scaras para los formatos 6\u00d76 y 6\u00d79, y estamos asombrados con la calidad de los escaneados gracias a la tecnolog\u00eda \u00fanica de la Fuji SP3000. En el futuro tambi\u00e9n habr\u00e1 m\u00e1scaras para los formatos 6\u00d77 y 6\u00d74,5, en funci\u00f3n de la demanda.","robots":{"index":"index","follow":"follow","max-snippet":"max-snippet:-1","max-image-preview":"max-image-preview:large","max-video-preview":"max-video-preview:-1"},"canonical":"https:\/\/www.analogist.de\/es\/mascaras-de-formato-medio-120-para-fuji-sp3000\/","og_locale":"es_ES","og_type":"article","og_description":"En una \u00e9poca en la que la fotograf\u00eda anal\u00f3gica es casi un lujo y ha vuelto a convertirse en un oficio, el formato medio resulta especialmente apasionante. Ya sea 6\u00d77, 6\u00d79 o el cl\u00e1sico formato 6\u00d76, la SP3000 realmente da lo mejor de s\u00ed en este formato, y hemos dise\u00f1ado y probado m\u00e1scaras para los formatos 6\u00d76 y 6\u00d79, y estamos asombrados con la calidad de los escaneados gracias a la tecnolog\u00eda \u00fanica de la Fuji SP3000. En el futuro tambi\u00e9n habr\u00e1 m\u00e1scaras para los formatos 6\u00d77 y 6\u00d74,5, en funci\u00f3n de la demanda.","og_url":"https:\/\/www.analogist.de\/es\/mascaras-de-formato-medio-120-para-fuji-sp3000\/","og_site_name":"Analogist - Die Lust am Analogen","article_modified_time":"2025-10-12T21:07:14+00:00","og_image":[{"url":"https:\/\/www.analogist.de\/wp-content\/uploads\/2020\/10\/6x9_gelb.png","type":"","width":"","height":""}],"twitter_card":"summary_large_image","twitter_description":"En una \u00e9poca en la que la fotograf\u00eda anal\u00f3gica es casi un lujo y ha vuelto a convertirse en un oficio, el formato medio resulta especialmente apasionante. Ya sea en 6\u00d77, 6\u00d79 o en el cl\u00e1sico formato 6\u00d76, la SP3000 realmente destaca en este formato, y hemos dise\u00f1ado y probado m\u00e1scaras para los formatos 6\u00d76 y 6\u00d79, y estamos sorprendidos por la calidad de los escaneados gracias a la tecnolog\u00eda \u00fanica de la Fuji SP3000. En el futuro tambi\u00e9n se dise\u00f1ar\u00e1n m\u00e1scaras para los formatos 6\u00d77 y 6\u00d74,5, en funci\u00f3n de la demanda.","twitter_image":"https:\/\/www.analogist.de\/wp-content\/uploads\/2020\/10\/6x9_gelb.png","twitter_misc":{"Tiempo de lectura":"4 minutos"},"schema":{"@context":"https:\/\/schema.org","@graph":[{"@type":"WebPage","@id":"https:\/\/www.analogist.de\/es\/mascaras-de-formato-medio-120-para-fuji-sp3000\/","url":"https:\/\/www.analogist.de\/es\/mascaras-de-formato-medio-120-para-fuji-sp3000\/","name":"M\u00e1scaras de formato medio 120 para Fuji SP3000 - Analogist - Die Lust am Analogen","isPartOf":{"@id":"https:\/\/www.analogist.de\/en\/#website"},"primaryImageOfPage":{"@id":"https:\/\/www.analogist.de\/es\/mascaras-de-formato-medio-120-para-fuji-sp3000\/#primaryimage"},"image":{"@id":"https:\/\/www.analogist.de\/es\/mascaras-de-formato-medio-120-para-fuji-sp3000\/#primaryimage"},"thumbnailUrl":"https:\/\/www.analogist.de\/wp-content\/uploads\/2020\/10\/6x6_mask_w.png","datePublished":"2025-10-12T21:07:13+00:00","dateModified":"2025-10-12T21:07:14+00:00","description":"En una \u00e9poca en la que la fotograf\u00eda anal\u00f3gica es casi un lujo y ha vuelto a convertirse en un oficio, el formato medio resulta especialmente apasionante. Ya sea 6\u00d77, 6\u00d79 o el cl\u00e1sico formato 6\u00d76, la SP3000 realmente da lo mejor de s\u00ed en este formato, y hemos dise\u00f1ado y probado m\u00e1scaras para los formatos 6\u00d76 y 6\u00d79, y estamos asombrados con la calidad de los escaneados gracias a la tecnolog\u00eda \u00fanica de la Fuji SP3000. En el futuro tambi\u00e9n habr\u00e1 m\u00e1scaras para los formatos 6\u00d77 y 6\u00d74,5, en funci\u00f3n de la demanda.","breadcrumb":{"@id":"https:\/\/www.analogist.de\/es\/mascaras-de-formato-medio-120-para-fuji-sp3000\/#breadcrumb"},"inLanguage":"es","potentialAction":[{"@type":"ReadAction","target":["https:\/\/www.analogist.de\/es\/mascaras-de-formato-medio-120-para-fuji-sp3000\/"]}]},{"@type":"ImageObject","inLanguage":"es","@id":"https:\/\/www.analogist.de\/es\/mascaras-de-formato-medio-120-para-fuji-sp3000\/#primaryimage","url":"https:\/\/www.analogist.de\/wp-content\/uploads\/2020\/10\/6x6_mask_w.png","contentUrl":"https:\/\/www.analogist.de\/wp-content\/uploads\/2020\/10\/6x6_mask_w.png","width":1538,"height":1078},{"@type":"BreadcrumbList","@id":"https:\/\/www.analogist.de\/es\/mascaras-de-formato-medio-120-para-fuji-sp3000\/#breadcrumb","itemListElement":[{"@type":"ListItem","position":1,"name":"Startseite","item":"https:\/\/www.analogist.de\/es\/analogista-lo-analogico-nunca-ha-sido-tan-digital\/"},{"@type":"ListItem","position":2,"name":"M\u00e1scaras de formato medio 120 para Fuji SP3000"}]},{"@type":"WebSite","@id":"https:\/\/www.analogist.de\/en\/#website","url":"https:\/\/www.analogist.de\/en\/","name":"Analogist - Die Lust am Analogen","description":"Analog im Zeitalter der digitalen Medien erleben","potentialAction":[{"@type":"SearchAction","target":{"@type":"EntryPoint","urlTemplate":"https:\/\/www.analogist.de\/en\/?s={search_term_string}"},"query-input":{"@type":"PropertyValueSpecification","valueRequired":true,"valueName":"search_term_string"}}],"inLanguage":"es"}]}},"jetpack_sharing_enabled":true,"_links":{"self":[{"href":"https:\/\/www.analogist.de\/es\/wp-json\/wp\/v2\/pages\/1924","targetHints":{"allow":["GET"]}}],"collection":[{"href":"https:\/\/www.analogist.de\/es\/wp-json\/wp\/v2\/pages"}],"about":[{"href":"https:\/\/www.analogist.de\/es\/wp-json\/wp\/v2\/types\/page"}],"author":[{"embeddable":true,"href":"https:\/\/www.analogist.de\/es\/wp-json\/wp\/v2\/users\/1"}],"replies":[{"embeddable":true,"href":"https:\/\/www.analogist.de\/es\/wp-json\/wp\/v2\/comments?post=1924"}],"version-history":[{"count":3,"href":"https:\/\/www.analogist.de\/es\/wp-json\/wp\/v2\/pages\/1924\/revisions"}],"predecessor-version":[{"id":1962,"href":"https:\/\/www.analogist.de\/es\/wp-json\/wp\/v2\/pages\/1924\/revisions\/1962"}],"wp:featuredmedia":[{"embeddable":true,"href":"https:\/\/www.analogist.de\/es\/wp-json\/wp\/v2\/media\/1926"}],"wp:attachment":[{"href":"https:\/\/www.analogist.de\/es\/wp-json\/wp\/v2\/media?parent=1924"}],"curies":[{"name":"wp","href":"https:\/\/api.w.org\/{rel}","templated":true}]}}