{"id":2024,"date":"2025-10-22T11:22:19","date_gmt":"2025-10-22T09:22:19","guid":{"rendered":"https:\/\/www.analogist.de\/produkt\/135ff-mascara-sp3000-fuji\/"},"modified":"2025-10-22T11:22:36","modified_gmt":"2025-10-22T09:22:36","slug":"135ff-mascara-sp3000-fuji","status":"publish","type":"product","link":"https:\/\/www.analogist.de\/es\/produkt\/135ff-mascara-sp3000-fuji\/","title":{"rendered":"135ff M\u00e1scara SP3000 Fuji"},"content":{"rendered":"<p>[et_pb_section fb_built=\u00bb1&#8243; _builder_version=\u00bb4.16&#8243; custom_padding=\u00bb0px||||false|false\u00bb locked=\u00bboff\u00bb global_colors_info=\u00bb{}\u00bb][et_pb_row _builder_version=\u00bb4.16&#8243; _module_preset=\u00bbdefault\u00bb global_colors_info=\u00bb{}\u00bb][et_pb_column type=\u00bb4_4&#8243; _builder_version=\u00bb4.16&#8243; _module_preset=\u00bbdefault\u00bb global_colors_info=\u00bb{}\u00bb][et_pb_wc_images force_fullwidth=\u00bbon\u00bb disabled_on=\u00bboff|on|on\u00bb _builder_version=\u00bb4.16&#8243; _module_preset=\u00bbdefault\u00bb global_colors_info=\u00bb{}\u00bb][\/et_pb_wc_images][\/et_pb_column][\/et_pb_row][et_pb_row column_structure=\u00bb1_2,1_2&#8243; _builder_version=\u00bb4.16&#8243; background_size=\u00bbinitial\u00bb background_position=\u00bbtop_left\u00bb background_repeat=\u00bbrepeat\u00bb width=\u00bb100%\u00bb max_width=\u00bb100vw\u00bb custom_padding=\u00bb5%|5%|5%|5%|true|true\u00bb border_width_right=\u00bb4vw\u00bb border_color_right=\u00bbrgba(0,0,0,0)\u00bb global_colors_info=\u00bb{}\u00bb][et_pb_column type=\u00bb1_2&#8243; _builder_version=\u00bb4.16&#8243; custom_padding=\u00bb|||\u00bb global_colors_info=\u00bb{}\u00bb custom_padding__hover=\u00bb|||\u00bb][et_pb_wc_images disabled_on=\u00bbon|off|off\u00bb _builder_version=\u00bb4.16&#8243; background_color=\u00bb#f1cd00&#8243; global_colors_info=\u00bb{}\u00bb][\/et_pb_wc_images][\/et_pb_column][et_pb_column type=\u00bb1_2&#8243; _builder_version=\u00bb4.16&#8243; _module_preset=\u00bbdefault\u00bb global_colors_info=\u00bb{}\u00bb][et_pb_wc_title _builder_version=\u00bb4.16&#8243; header_font_size=\u00bb39px\u00bb global_colors_info=\u00bb{}\u00bb][\/et_pb_wc_title][et_pb_wc_rating _builder_version=\u00bb4.16&#8243; global_colors_info=\u00bb{}\u00bb][\/et_pb_wc_rating][et_pb_wc_price _builder_version=\u00bb4.16&#8243; hover_enabled=\u00bb0&#8243; global_colors_info=\u00bb{}\u00bb sticky_enabled=\u00bb0&#8243;][\/et_pb_wc_price][et_pb_wc_description _builder_version=\u00bb4.16&#8243; global_colors_info=\u00bb{}\u00bb][\/et_pb_wc_description][et_pb_wc_add_to_cart _builder_version=\u00bb4.16&#8243; global_colors_info=\u00bb{}\u00bb][\/et_pb_wc_add_to_cart][et_pb_wc_meta _builder_version=\u00bb4.16&#8243; global_colors_info=\u00bb{}\u00bb][\/et_pb_wc_meta][et_pb_wc_tabs _builder_version=\u00bb4.16&#8243; global_colors_info=\u00bb{}\u00bb]\t\t\t\t\t[\/et_pb_wc_tabs][\/et_pb_column][\/et_pb_row][et_pb_row _builder_version=\u00bb4.16&#8243; _module_preset=\u00bbdefault\u00bb background_color=\u00bbgcid-cbaf2c95-81f4-4663-b57a-c33d25cde898&#8243; width=\u00bb100%\u00bb max_width=\u00bb100vw\u00bb custom_padding=\u00bb5%|5%|5%|5%|true|true\u00bb global_colors_info=\u00bb{%22gcid-cbaf2c95-81f4-4663-b57a-c33d25cde898%22:%91%22background_color%22%93}\u00bb][et_pb_column type=\u00bb4_4&#8243; _builder_version=\u00bb4.16&#8243; _module_preset=\u00bbdefault\u00bb global_colors_info=\u00bb{}\u00bb][et_pb_wc_related_products _builder_version=\u00bb4.16&#8243; border_width_left=\u00bb28px\u00bb border_color_left=\u00bbrgba(0,0,0,0)\u00bb global_colors_info=\u00bb{}\u00bb][\/et_pb_wc_related_products][\/et_pb_column][\/et_pb_row][et_pb_row _builder_version=\u00bb4.16&#8243; background_size=\u00bbinitial\u00bb background_position=\u00bbtop_left\u00bb background_repeat=\u00bbrepeat\u00bb width=\u00bb100%\u00bb global_colors_info=\u00bb{}\u00bb][et_pb_column type=\u00bb4_4&#8243; _builder_version=\u00bb4.16&#8243; custom_padding=\u00bb|||\u00bb global_colors_info=\u00bb{}\u00bb custom_padding__hover=\u00bb|||\u00bb][et_pb_wc_upsells _builder_version=\u00bb4.16&#8243; global_colors_info=\u00bb{}\u00bb][\/et_pb_wc_upsells][\/et_pb_column][\/et_pb_row][\/et_pb_section]<\/p>\n","protected":false},"excerpt":{"rendered":"<p>M\u00e1scara 135FF para el legendario esc\u00e1ner de laboratorio SP3000, para utilizar junto con escaneados de formato de 35 mm con bordes.<\/p>\n","protected":false},"featured_media":2025,"template":"","meta":{"_acf_changed":false,"_et_pb_use_builder":"on","_et_pb_old_content":"<h3 data-start=\"166\" data-end=\"224\"><strong data-start=\"170\" data-end=\"224\">M\u00e1scara 135FF - Escaneados Fullframe para la Fuji SP-3000<\/strong><\/h3>\n<p data-start=\"226\" data-end=\"620\">La <strong data-start=\"230\" data-end=\"245\">m\u00e1scara 135FF<\/strong> es el \u00faltimo desarrollo de Analogist para el esc\u00e1ner profesional de laboratorio <strong data-start=\"325\" data-end=\"341\">Fuji SP-3000<\/strong>. En combinaci\u00f3n con el soporte manual <strong data-start=\"384\" data-end=\"395\">MFC10AY<\/strong>, permite escanear con precisi\u00f3n <strong data-start=\"435\" data-end=\"471\">negativos de 35 mm (pel\u00edcula 135)<\/strong> y <strong data-start=\"478\" data-end=\"501\">pel\u00edculas de diapositivas sin marco<\/strong>, y en el popular <strong data-start=\"525\" data-end=\"545\">formato de fotograma completo<\/strong>, es decir, exactamente hasta los bordes de la imagen, pero <strong data-start=\"589\" data-end=\"619\">sin perforaciones visibles<\/strong>. <\/p>\n\n\n<hr data-start=\"622\" data-end=\"625\">\n\n<h3 data-start=\"627\" data-end=\"692\"><strong data-start=\"631\" data-end=\"692\">Fullframe: el cl\u00e1sico formato de 24 x 36 mm redescubierto<\/strong><\/h3>\n<p data-start=\"694\" data-end=\"962\">El formato de 35 mm est\u00e1 experimentando actualmente un aut\u00e9ntico renacimiento, gracias a modelos de c\u00e1mara emblem\u00e1ticos y a un creciente inter\u00e9s por la fotograf\u00eda anal\u00f3gica. La m\u00e1scara 135FF est\u00e1 dirigida a quienes deseen <strong data-start=\"887\" data-end=\"953\">digitalizar<\/strong> el <strong data-start=\"887\" data-end=\"953\">formato cl\u00e1sico de imagen con la mejor calidad posible<\/strong>. <\/p>\n<p data-start=\"964\" data-end=\"1060\">Con la m\u00e1scara 135FF, podr\u00e1s sacar el m\u00e1ximo partido a tus fotos tomadas con c\u00e1maras legendarias como:<\/p>\n\n<ul data-start=\"1062\" data-end=\"1270\">\n \t<li data-start=\"1062\" data-end=\"1085\">\n<p data-start=\"1064\" data-end=\"1085\"><strong data-start=\"1064\" data-end=\"1085\">Leica M6, M3, M-A<\/strong><\/p>\n<\/li>\n \t<li data-start=\"1086\" data-end=\"1129\">\n<p data-start=\"1088\" data-end=\"1129\"><strong data-start=\"1088\" data-end=\"1129\">Programa Canon AE-1, Canonet QL17 GIII<\/strong><\/p>\n<\/li>\n \t<li data-start=\"1130\" data-end=\"1155\">\n<p data-start=\"1132\" data-end=\"1155\"><strong data-start=\"1132\" data-end=\"1155\">Nikon F2, FM2, F100<\/strong><\/p>\n<\/li>\n \t<li data-start=\"1156\" data-end=\"1178\">\n<p data-start=\"1158\" data-end=\"1178\"><strong data-start=\"1158\" data-end=\"1178\">Pentax MX, K1000<\/strong><\/p>\n<\/li>\n \t<li data-start=\"1179\" data-end=\"1199\">\n<p data-start=\"1181\" data-end=\"1199\"><strong data-start=\"1181\" data-end=\"1199\">Contax G1 \/ G2<\/strong><\/p>\n<\/li>\n \t<li data-start=\"1200\" data-end=\"1219\">\n<p data-start=\"1202\" data-end=\"1219\"><strong data-start=\"1202\" data-end=\"1219\">Minolta X-700<\/strong><\/p>\n<\/li>\n \t<li data-start=\"1220\" data-end=\"1244\">\n<p data-start=\"1222\" data-end=\"1244\"><strong data-start=\"1222\" data-end=\"1244\">Olympus OM-1, OM-2<\/strong><\/p>\n<\/li>\n \t<li data-start=\"1245\" data-end=\"1270\">\n<p data-start=\"1247\" data-end=\"1270\"><strong data-start=\"1247\" data-end=\"1270\">Voigtl\u00e4nder Bessa R<\/strong><\/p>\n<\/li>\n<\/ul>\n<p data-start=\"1272\" data-end=\"1484\">Estas c\u00e1maras gozan actualmente de una popularidad en r\u00e1pido crecimiento, no s\u00f3lo entre los aficionados al cine, sino tambi\u00e9n en la fotograf\u00eda profesional y en plataformas de redes sociales como Instagram y TikTok.<\/p>\n\n\n<hr data-start=\"1486\" data-end=\"1489\">\n\n<h3 data-start=\"1491\" data-end=\"1534\"><strong data-start=\"1495\" data-end=\"1534\">Caracter\u00edsticas t\u00e9cnicas de la m\u00e1scara 135FF<\/strong><\/h3>\n<ul data-start=\"1536\" data-end=\"1986\">\n \t<li data-start=\"1536\" data-end=\"1622\">\n<p data-start=\"1538\" data-end=\"1622\"><strong data-start=\"1538\" data-end=\"1556\">Compatible con<\/strong> Fuji SP-3000 + soporte manual <strong data-start=\"1591\" data-end=\"1602\">MFC10AY<\/strong> + caja de espejo 120<\/p>\n<\/li>\n \t<li data-start=\"1623\" data-end=\"1735\">\n<p data-start=\"1625\" data-end=\"1735\"><strong data-start=\"1625\" data-end=\"1653\">Materiales admitidos<\/strong>: Negativos en color y en blanco y negro, as\u00ed como diapositivas sin enmarcar en formato 135 (24 x 36 mm).<\/p>\n<\/li>\n \t<li data-start=\"1736\" data-end=\"1840\">\n<p data-start=\"1738\" data-end=\"1840\"><strong data-start=\"1738\" data-end=\"1750\">Material<\/strong>: Pl\u00e1stico robusto, hecho a mano y con piezas met\u00e1licas integradas para una sujeci\u00f3n segura<\/p>\n<\/li>\n \t<li data-start=\"1841\" data-end=\"1986\">\n<p data-start=\"1843\" data-end=\"1986\"><strong data-start=\"1843\" data-end=\"1853\">Dise\u00f1o<\/strong>: Dos piezas perfectamente adaptadas, unidas por puntos de contacto magn\u00e9ticos, garantizan un ajuste seguro en el soporte<\/p>\n<\/li>\n<\/ul>\n\n<hr data-start=\"1988\" data-end=\"1991\">\n\n<h3 data-start=\"1993\" data-end=\"2017\"><strong data-start=\"1997\" data-end=\"2017\">\u00bfPor qu\u00e9 Analogista?<\/strong><\/h3>\n<p data-start=\"2019\" data-end=\"2310\">Las m\u00e1scaras originales o nuevas para escaneados de fotograma completo apenas est\u00e1n disponibles, o se comercializan de segunda mano a precios elevados. Con la <strong data-start=\"2152\" data-end=\"2181\">m\u00e1scara 135FF de Analogist<\/strong>, dispones de una herramienta moderna y de alta calidad para digitalizar con precisi\u00f3n tu material de 35 mm, <strong data-start=\"2283\" data-end=\"2310\">hecha para profesionales<\/strong>. <\/p>","_et_gb_content_width":"","inline_featured_image":false},"product_brand":[],"product_cat":[144,141],"product_tag":[150,156,153,152,148,147,146,151,155,154,149],"class_list":{"0":"post-2024","1":"product","2":"type-product","3":"status-publish","4":"has-post-thumbnail","6":"product_cat-fullframe-mascaras-y-inlays-por-sp3000","7":"product_cat-sp-3000-fuji-accesorios","8":"product_tag-canonet-ql17-giii-es","9":"product_tag-contax-g1-es","10":"product_tag-f100-es","11":"product_tag-fm2-es","12":"product_tag-leica-m-a-es","13":"product_tag-leica-m3-es","14":"product_tag-leica-m6-es","15":"product_tag-nikon-f2-es","16":"product_tag-pentax-k1000-es","17":"product_tag-pentax-mx-es","18":"product_tag-programa-canon-ae-1","20":"first","21":"instock","22":"sold-individually","23":"taxable","24":"shipping-taxable","25":"purchasable","26":"product-type-simple"},"acf":[],"yoast_head":"<!-- This site is optimized with the Yoast SEO plugin v26.7 - https:\/\/yoast.com\/wordpress\/plugins\/seo\/ -->\n<title>135ff M\u00e1scara SP3000 Fuji - Analogist - Die Lust am Analogen<\/title>\n<meta name=\"robots\" content=\"index, follow, max-snippet:-1, max-image-preview:large, max-video-preview:-1\" \/>\n<link rel=\"canonical\" href=\"https:\/\/www.analogist.de\/es\/produkt\/135ff-mascara-sp3000-fuji\/\" \/>\n<meta property=\"og:locale\" content=\"es_ES\" \/>\n<meta property=\"og:type\" content=\"article\" \/>\n<meta property=\"og:title\" content=\"135ff M\u00e1scara SP3000 Fuji - Analogist - Die Lust am Analogen\" \/>\n<meta property=\"og:description\" content=\"M\u00e1scara 135FF para el legendario esc\u00e1ner de laboratorio SP3000, para utilizar junto con escaneados de formato de 35 mm con bordes.\" \/>\n<meta property=\"og:url\" content=\"https:\/\/www.analogist.de\/es\/produkt\/135ff-mascara-sp3000-fuji\/\" \/>\n<meta property=\"og:site_name\" content=\"Analogist - Die Lust am Analogen\" \/>\n<meta property=\"article:modified_time\" content=\"2025-10-22T09:22:36+00:00\" \/>\n<meta property=\"og:image\" content=\"https:\/\/www.analogist.de\/wp-content\/uploads\/2025\/06\/135FF.jpg\" \/>\n\t<meta property=\"og:image:width\" content=\"1250\" \/>\n\t<meta property=\"og:image:height\" content=\"1250\" \/>\n\t<meta property=\"og:image:type\" content=\"image\/jpeg\" \/>\n<meta name=\"twitter:card\" content=\"summary_large_image\" \/>\n<meta name=\"twitter:label1\" content=\"Tiempo de lectura\" \/>\n\t<meta name=\"twitter:data1\" content=\"2 minutos\" \/>\n<script type=\"application\/ld+json\" class=\"yoast-schema-graph\">{\"@context\":\"https:\/\/schema.org\",\"@graph\":[{\"@type\":\"WebPage\",\"@id\":\"https:\/\/www.analogist.de\/es\/produkt\/135ff-mascara-sp3000-fuji\/\",\"url\":\"https:\/\/www.analogist.de\/es\/produkt\/135ff-mascara-sp3000-fuji\/\",\"name\":\"135ff M\u00e1scara SP3000 Fuji - Analogist - Die Lust am Analogen\",\"isPartOf\":{\"@id\":\"https:\/\/www.analogist.de\/en\/#website\"},\"primaryImageOfPage\":{\"@id\":\"https:\/\/www.analogist.de\/es\/produkt\/135ff-mascara-sp3000-fuji\/#primaryimage\"},\"image\":{\"@id\":\"https:\/\/www.analogist.de\/es\/produkt\/135ff-mascara-sp3000-fuji\/#primaryimage\"},\"thumbnailUrl\":\"https:\/\/www.analogist.de\/wp-content\/uploads\/2025\/06\/135FF.jpg\",\"datePublished\":\"2025-10-22T09:22:19+00:00\",\"dateModified\":\"2025-10-22T09:22:36+00:00\",\"breadcrumb\":{\"@id\":\"https:\/\/www.analogist.de\/es\/produkt\/135ff-mascara-sp3000-fuji\/#breadcrumb\"},\"inLanguage\":\"es\",\"potentialAction\":[{\"@type\":\"ReadAction\",\"target\":[\"https:\/\/www.analogist.de\/es\/produkt\/135ff-mascara-sp3000-fuji\/\"]}]},{\"@type\":\"ImageObject\",\"inLanguage\":\"es\",\"@id\":\"https:\/\/www.analogist.de\/es\/produkt\/135ff-mascara-sp3000-fuji\/#primaryimage\",\"url\":\"https:\/\/www.analogist.de\/wp-content\/uploads\/2025\/06\/135FF.jpg\",\"contentUrl\":\"https:\/\/www.analogist.de\/wp-content\/uploads\/2025\/06\/135FF.jpg\",\"width\":1250,\"height\":1250,\"caption\":\"135FF-SP-3000-Fuji-Analogist.de\"},{\"@type\":\"BreadcrumbList\",\"@id\":\"https:\/\/www.analogist.de\/es\/produkt\/135ff-mascara-sp3000-fuji\/#breadcrumb\",\"itemListElement\":[{\"@type\":\"ListItem\",\"position\":1,\"name\":\"Startseite\",\"item\":\"https:\/\/www.analogist.de\/es\/analogista-lo-analogico-nunca-ha-sido-tan-digital\/\"},{\"@type\":\"ListItem\",\"position\":2,\"name\":\"Shop\",\"item\":\"https:\/\/www.analogist.de\/shop\/\"},{\"@type\":\"ListItem\",\"position\":3,\"name\":\"135ff M\u00e1scara SP3000 Fuji\"}]},{\"@type\":\"WebSite\",\"@id\":\"https:\/\/www.analogist.de\/en\/#website\",\"url\":\"https:\/\/www.analogist.de\/en\/\",\"name\":\"Analogist - Die Lust am Analogen\",\"description\":\"Analog im Zeitalter der digitalen Medien erleben\",\"potentialAction\":[{\"@type\":\"SearchAction\",\"target\":{\"@type\":\"EntryPoint\",\"urlTemplate\":\"https:\/\/www.analogist.de\/en\/?s={search_term_string}\"},\"query-input\":{\"@type\":\"PropertyValueSpecification\",\"valueRequired\":true,\"valueName\":\"search_term_string\"}}],\"inLanguage\":\"es\"}]}<\/script>\n<!-- \/ Yoast SEO plugin. -->","yoast_head_json":{"title":"135ff M\u00e1scara SP3000 Fuji - Analogist - Die Lust am Analogen","robots":{"index":"index","follow":"follow","max-snippet":"max-snippet:-1","max-image-preview":"max-image-preview:large","max-video-preview":"max-video-preview:-1"},"canonical":"https:\/\/www.analogist.de\/es\/produkt\/135ff-mascara-sp3000-fuji\/","og_locale":"es_ES","og_type":"article","og_title":"135ff M\u00e1scara SP3000 Fuji - Analogist - Die Lust am Analogen","og_description":"M\u00e1scara 135FF para el legendario esc\u00e1ner de laboratorio SP3000, para utilizar junto con escaneados de formato de 35 mm con bordes.","og_url":"https:\/\/www.analogist.de\/es\/produkt\/135ff-mascara-sp3000-fuji\/","og_site_name":"Analogist - Die Lust am Analogen","article_modified_time":"2025-10-22T09:22:36+00:00","og_image":[{"width":1250,"height":1250,"url":"https:\/\/www.analogist.de\/wp-content\/uploads\/2025\/06\/135FF.jpg","type":"image\/jpeg"}],"twitter_card":"summary_large_image","twitter_misc":{"Tiempo de lectura":"2 minutos"},"schema":{"@context":"https:\/\/schema.org","@graph":[{"@type":"WebPage","@id":"https:\/\/www.analogist.de\/es\/produkt\/135ff-mascara-sp3000-fuji\/","url":"https:\/\/www.analogist.de\/es\/produkt\/135ff-mascara-sp3000-fuji\/","name":"135ff M\u00e1scara SP3000 Fuji - Analogist - Die Lust am Analogen","isPartOf":{"@id":"https:\/\/www.analogist.de\/en\/#website"},"primaryImageOfPage":{"@id":"https:\/\/www.analogist.de\/es\/produkt\/135ff-mascara-sp3000-fuji\/#primaryimage"},"image":{"@id":"https:\/\/www.analogist.de\/es\/produkt\/135ff-mascara-sp3000-fuji\/#primaryimage"},"thumbnailUrl":"https:\/\/www.analogist.de\/wp-content\/uploads\/2025\/06\/135FF.jpg","datePublished":"2025-10-22T09:22:19+00:00","dateModified":"2025-10-22T09:22:36+00:00","breadcrumb":{"@id":"https:\/\/www.analogist.de\/es\/produkt\/135ff-mascara-sp3000-fuji\/#breadcrumb"},"inLanguage":"es","potentialAction":[{"@type":"ReadAction","target":["https:\/\/www.analogist.de\/es\/produkt\/135ff-mascara-sp3000-fuji\/"]}]},{"@type":"ImageObject","inLanguage":"es","@id":"https:\/\/www.analogist.de\/es\/produkt\/135ff-mascara-sp3000-fuji\/#primaryimage","url":"https:\/\/www.analogist.de\/wp-content\/uploads\/2025\/06\/135FF.jpg","contentUrl":"https:\/\/www.analogist.de\/wp-content\/uploads\/2025\/06\/135FF.jpg","width":1250,"height":1250,"caption":"135FF-SP-3000-Fuji-Analogist.de"},{"@type":"BreadcrumbList","@id":"https:\/\/www.analogist.de\/es\/produkt\/135ff-mascara-sp3000-fuji\/#breadcrumb","itemListElement":[{"@type":"ListItem","position":1,"name":"Startseite","item":"https:\/\/www.analogist.de\/es\/analogista-lo-analogico-nunca-ha-sido-tan-digital\/"},{"@type":"ListItem","position":2,"name":"Shop","item":"https:\/\/www.analogist.de\/shop\/"},{"@type":"ListItem","position":3,"name":"135ff M\u00e1scara SP3000 Fuji"}]},{"@type":"WebSite","@id":"https:\/\/www.analogist.de\/en\/#website","url":"https:\/\/www.analogist.de\/en\/","name":"Analogist - Die Lust am Analogen","description":"Analog im Zeitalter der digitalen Medien erleben","potentialAction":[{"@type":"SearchAction","target":{"@type":"EntryPoint","urlTemplate":"https:\/\/www.analogist.de\/en\/?s={search_term_string}"},"query-input":{"@type":"PropertyValueSpecification","valueRequired":true,"valueName":"search_term_string"}}],"inLanguage":"es"}]}},"jetpack_sharing_enabled":true,"_links":{"self":[{"href":"https:\/\/www.analogist.de\/es\/wp-json\/wp\/v2\/product\/2024","targetHints":{"allow":["GET"]}}],"collection":[{"href":"https:\/\/www.analogist.de\/es\/wp-json\/wp\/v2\/product"}],"about":[{"href":"https:\/\/www.analogist.de\/es\/wp-json\/wp\/v2\/types\/product"}],"wp:featuredmedia":[{"embeddable":true,"href":"https:\/\/www.analogist.de\/es\/wp-json\/wp\/v2\/media\/2025"}],"wp:attachment":[{"href":"https:\/\/www.analogist.de\/es\/wp-json\/wp\/v2\/media?parent=2024"}],"wp:term":[{"taxonomy":"product_brand","embeddable":true,"href":"https:\/\/www.analogist.de\/es\/wp-json\/wp\/v2\/product_brand?post=2024"},{"taxonomy":"product_cat","embeddable":true,"href":"https:\/\/www.analogist.de\/es\/wp-json\/wp\/v2\/product_cat?post=2024"},{"taxonomy":"product_tag","embeddable":true,"href":"https:\/\/www.analogist.de\/es\/wp-json\/wp\/v2\/product_tag?post=2024"}],"curies":[{"name":"wp","href":"https:\/\/api.w.org\/{rel}","templated":true}]}}