{"id":2026,"date":"2024-11-26T12:22:03","date_gmt":"2024-11-26T11:22:03","guid":{"rendered":"https:\/\/www.analogist.de\/produkt\/juego-de-mascaras-135ff-sp3000-fuji\/"},"modified":"2025-10-22T11:23:06","modified_gmt":"2025-10-22T09:23:06","slug":"juego-de-mascaras-135ff-sp3000-fuji","status":"publish","type":"product","link":"https:\/\/www.analogist.de\/es\/produkt\/juego-de-mascaras-135ff-sp3000-fuji\/","title":{"rendered":"Juego de M\u00e1scaras 135FF SP3000 Fuji"},"content":{"rendered":"<p>[et_pb_section fb_built=\u00bb1&#8243; _builder_version=\u00bb4.16&#8243; custom_padding=\u00bb0px||||false|false\u00bb global_colors_info=\u00bb{}\u00bb][et_pb_row column_structure=\u00bb2_3,1_3&#8243; _builder_version=\u00bb4.16&#8243; background_size=\u00bbinitial\u00bb background_position=\u00bbtop_left\u00bb background_repeat=\u00bbrepeat\u00bb width=\u00bb100%\u00bb max_width=\u00bb100vw\u00bb custom_padding=\u00bb0px||||false|false\u00bb border_width_right=\u00bb4vw\u00bb border_color_right=\u00bbrgba(0,0,0,0)\u00bb global_colors_info=\u00bb{}\u00bb][et_pb_column type=\u00bb2_3&#8243; _builder_version=\u00bb4.16&#8243; custom_padding=\u00bb|||\u00bb global_colors_info=\u00bb{}\u00bb custom_padding__hover=\u00bb|||\u00bb][et_pb_wc_images _builder_version=\u00bb4.16&#8243; background_color=\u00bb#f1cd00&#8243; global_colors_info=\u00bb{}\u00bb][\/et_pb_wc_images][\/et_pb_column][et_pb_column type=\u00bb1_3&#8243; _builder_version=\u00bb4.16&#8243; _module_preset=\u00bbdefault\u00bb global_colors_info=\u00bb{}\u00bb][et_pb_wc_title _builder_version=\u00bb4.16&#8243; header_font_size=\u00bb39px\u00bb global_colors_info=\u00bb{}\u00bb][\/et_pb_wc_title][et_pb_wc_rating _builder_version=\u00bb4.16&#8243; global_colors_info=\u00bb{}\u00bb][\/et_pb_wc_rating][et_pb_wc_price _builder_version=\u00bb4.16&#8243; global_colors_info=\u00bb{}\u00bb][\/et_pb_wc_price][et_pb_wc_description _builder_version=\u00bb4.16&#8243; global_colors_info=\u00bb{}\u00bb][\/et_pb_wc_description][et_pb_wc_add_to_cart _builder_version=\u00bb4.16&#8243; global_colors_info=\u00bb{}\u00bb][\/et_pb_wc_add_to_cart][et_pb_wc_meta _builder_version=\u00bb4.16&#8243; global_colors_info=\u00bb{}\u00bb][\/et_pb_wc_meta][et_pb_wc_tabs _builder_version=\u00bb4.16&#8243; global_colors_info=\u00bb{}\u00bb]\t\t\t\t\t[\/et_pb_wc_tabs][\/et_pb_column][\/et_pb_row][et_pb_row _builder_version=\u00bb4.16&#8243; _module_preset=\u00bbdefault\u00bb width=\u00bb95%\u00bb max_width=\u00bb100vw\u00bb global_colors_info=\u00bb{}\u00bb][et_pb_column type=\u00bb4_4&#8243; _builder_version=\u00bb4.16&#8243; _module_preset=\u00bbdefault\u00bb global_colors_info=\u00bb{}\u00bb][et_pb_wc_related_products _builder_version=\u00bb4.27.4&#8243; hover_enabled=\u00bb0&#8243; border_width_left=\u00bb28px\u00bb border_color_left=\u00bbrgba(0,0,0,0)\u00bb global_colors_info=\u00bb{}\u00bb columns_number=\u00bb2&#8243; sticky_enabled=\u00bb0&#8243;][\/et_pb_wc_related_products][\/et_pb_column][\/et_pb_row][et_pb_row _builder_version=\u00bb4.16&#8243; background_size=\u00bbinitial\u00bb background_position=\u00bbtop_left\u00bb background_repeat=\u00bbrepeat\u00bb width=\u00bb100%\u00bb global_colors_info=\u00bb{}\u00bb][et_pb_column type=\u00bb4_4&#8243; _builder_version=\u00bb4.16&#8243; custom_padding=\u00bb|||\u00bb global_colors_info=\u00bb{}\u00bb custom_padding__hover=\u00bb|||\u00bb][et_pb_wc_upsells _builder_version=\u00bb4.16&#8243; global_colors_info=\u00bb{}\u00bb][\/et_pb_wc_upsells][\/et_pb_column][\/et_pb_row][\/et_pb_section]<\/p>\n","protected":false},"excerpt":{"rendered":"<p>135ff &#8211; 135 Fullframe Set para el Autocarrier NC100AY para escanear negativos de 35 mm en formato fullframe.<br \/>\n<strong>ATENCI\u00d3N: El conjunto consta de la placa de presi\u00f3n y la incrustaci\u00f3n, y ha sido desarrollado de nuevo para lograr una mayor compatibilidad con las distintas revisiones de la SP3000. <\/strong><\/p>\n","protected":false},"featured_media":2309,"template":"","meta":{"_acf_changed":false,"_et_pb_use_builder":"on","_et_pb_old_content":"El set 135FF para el Autocarrier NC100AY permite escanear autom\u00e1ticamente negativos de 35 mm a pantalla completa, es decir, con los bordes de las im\u00e1genes.\n\nNuestra m\u00e1scara\/inlay de nuevo desarrollo, en combinaci\u00f3n con la placa de presi\u00f3n de formato 135ff para el legendario esc\u00e1ner de laboratorio SP3000 de Fuji, te permite escanear tus negativos de 35 mm en formato 135.\nLa m\u00e1scara\/inlay encaja perfectamente en el autoportador NC100AY gracias a los puntos de contacto magn\u00e9ticos.\nNuestra placa de presi\u00f3n es de pl\u00e1stico y se ha ensamblado cuidadosamente a mano a partir de varias piezas. La placa de presi\u00f3n de nuestros conjuntos encaja en la fijaci\u00f3n original del autoportador y sustituye as\u00ed a la placa de presi\u00f3n original. ","_et_gb_content_width":"","inline_featured_image":false},"product_brand":[],"product_cat":[158,144,157,141],"product_tag":[],"class_list":{"0":"post-2026","1":"product","2":"type-product","3":"status-publish","4":"has-post-thumbnail","6":"product_cat-conjuntos-para-sp3000","7":"product_cat-fullframe-mascaras-y-inlays-por-sp3000","8":"product_cat-mascaras-formato-especial","9":"product_cat-sp-3000-fuji-accesorios","11":"first","12":"instock","13":"sold-individually","14":"taxable","15":"shipping-taxable","16":"purchasable","17":"product-type-simple"},"acf":[],"yoast_head":"<!-- This site is optimized with the Yoast SEO plugin v26.7 - https:\/\/yoast.com\/wordpress\/plugins\/seo\/ -->\n<title>Juego de M\u00e1scaras 135FF SP3000 Fuji - Analogist - Die Lust am Analogen<\/title>\n<meta name=\"description\" content=\"Juego de M\u00e1scaras 135FF SP3000 Fuji - Analogist - Die Lust am Analogen - para escanear negativos de 35 mm en formato de fotograma completo con el Autocarrier\" \/>\n<meta name=\"robots\" content=\"index, follow, max-snippet:-1, max-image-preview:large, max-video-preview:-1\" \/>\n<link rel=\"canonical\" href=\"https:\/\/www.analogist.de\/es\/produkt\/juego-de-mascaras-135ff-sp3000-fuji\/\" \/>\n<meta property=\"og:locale\" content=\"es_ES\" \/>\n<meta property=\"og:type\" content=\"article\" \/>\n<meta property=\"og:title\" content=\"Juego de M\u00e1scaras 135FF SP3000 Fuji - Analogist - Die Lust am Analogen\" \/>\n<meta property=\"og:description\" content=\"Juego de M\u00e1scaras 135FF SP3000 Fuji - Analogist - Die Lust am Analogen - para escanear negativos de 35 mm en formato de fotograma completo con el Autocarrier\" \/>\n<meta property=\"og:url\" content=\"https:\/\/www.analogist.de\/es\/produkt\/juego-de-mascaras-135ff-sp3000-fuji\/\" \/>\n<meta property=\"og:site_name\" content=\"Analogist - Die Lust am Analogen\" \/>\n<meta property=\"article:modified_time\" content=\"2025-10-22T09:23:06+00:00\" \/>\n<meta property=\"og:image\" content=\"https:\/\/www.analogist.de\/wp-content\/uploads\/2024\/11\/MG_4515-scaled.jpg\" \/>\n\t<meta property=\"og:image:width\" content=\"2560\" \/>\n\t<meta property=\"og:image:height\" content=\"1707\" \/>\n\t<meta property=\"og:image:type\" content=\"image\/jpeg\" \/>\n<meta name=\"twitter:card\" content=\"summary_large_image\" \/>\n<meta name=\"twitter:label1\" content=\"Tiempo de lectura\" \/>\n\t<meta name=\"twitter:data1\" content=\"2 minutos\" \/>\n<script type=\"application\/ld+json\" class=\"yoast-schema-graph\">{\"@context\":\"https:\/\/schema.org\",\"@graph\":[{\"@type\":\"WebPage\",\"@id\":\"https:\/\/www.analogist.de\/es\/produkt\/juego-de-mascaras-135ff-sp3000-fuji\/\",\"url\":\"https:\/\/www.analogist.de\/es\/produkt\/juego-de-mascaras-135ff-sp3000-fuji\/\",\"name\":\"Juego de M\u00e1scaras 135FF SP3000 Fuji - Analogist - Die Lust am Analogen\",\"isPartOf\":{\"@id\":\"https:\/\/www.analogist.de\/en\/#website\"},\"primaryImageOfPage\":{\"@id\":\"https:\/\/www.analogist.de\/es\/produkt\/juego-de-mascaras-135ff-sp3000-fuji\/#primaryimage\"},\"image\":{\"@id\":\"https:\/\/www.analogist.de\/es\/produkt\/juego-de-mascaras-135ff-sp3000-fuji\/#primaryimage\"},\"thumbnailUrl\":\"https:\/\/www.analogist.de\/wp-content\/uploads\/2025\/12\/MG_4569.jpg\",\"datePublished\":\"2024-11-26T11:22:03+00:00\",\"dateModified\":\"2025-10-22T09:23:06+00:00\",\"description\":\"Juego de M\u00e1scaras 135FF SP3000 Fuji - Analogist - Die Lust am Analogen - para escanear negativos de 35 mm en formato de fotograma completo con el Autocarrier\",\"breadcrumb\":{\"@id\":\"https:\/\/www.analogist.de\/es\/produkt\/juego-de-mascaras-135ff-sp3000-fuji\/#breadcrumb\"},\"inLanguage\":\"es\",\"potentialAction\":[{\"@type\":\"ReadAction\",\"target\":[\"https:\/\/www.analogist.de\/es\/produkt\/juego-de-mascaras-135ff-sp3000-fuji\/\"]}]},{\"@type\":\"ImageObject\",\"inLanguage\":\"es\",\"@id\":\"https:\/\/www.analogist.de\/es\/produkt\/juego-de-mascaras-135ff-sp3000-fuji\/#primaryimage\",\"url\":\"https:\/\/www.analogist.de\/wp-content\/uploads\/2025\/12\/MG_4569.jpg\",\"contentUrl\":\"https:\/\/www.analogist.de\/wp-content\/uploads\/2025\/12\/MG_4569.jpg\",\"width\":2500,\"height\":1667,\"caption\":\"135FF-Inlay-SP-3000-Analogist\"},{\"@type\":\"BreadcrumbList\",\"@id\":\"https:\/\/www.analogist.de\/es\/produkt\/juego-de-mascaras-135ff-sp3000-fuji\/#breadcrumb\",\"itemListElement\":[{\"@type\":\"ListItem\",\"position\":1,\"name\":\"Startseite\",\"item\":\"https:\/\/www.analogist.de\/es\/analogista-lo-analogico-nunca-ha-sido-tan-digital\/\"},{\"@type\":\"ListItem\",\"position\":2,\"name\":\"Shop\",\"item\":\"https:\/\/www.analogist.de\/shop\/\"},{\"@type\":\"ListItem\",\"position\":3,\"name\":\"Juego de M\u00e1scaras 135FF SP3000 Fuji\"}]},{\"@type\":\"WebSite\",\"@id\":\"https:\/\/www.analogist.de\/en\/#website\",\"url\":\"https:\/\/www.analogist.de\/en\/\",\"name\":\"Analogist - Die Lust am Analogen\",\"description\":\"Analog im Zeitalter der digitalen Medien erleben\",\"potentialAction\":[{\"@type\":\"SearchAction\",\"target\":{\"@type\":\"EntryPoint\",\"urlTemplate\":\"https:\/\/www.analogist.de\/en\/?s={search_term_string}\"},\"query-input\":{\"@type\":\"PropertyValueSpecification\",\"valueRequired\":true,\"valueName\":\"search_term_string\"}}],\"inLanguage\":\"es\"}]}<\/script>\n<!-- \/ Yoast SEO plugin. -->","yoast_head_json":{"title":"Juego de M\u00e1scaras 135FF SP3000 Fuji - Analogist - Die Lust am Analogen","description":"Juego de M\u00e1scaras 135FF SP3000 Fuji - Analogist - Die Lust am Analogen - para escanear negativos de 35 mm en formato de fotograma completo con el Autocarrier","robots":{"index":"index","follow":"follow","max-snippet":"max-snippet:-1","max-image-preview":"max-image-preview:large","max-video-preview":"max-video-preview:-1"},"canonical":"https:\/\/www.analogist.de\/es\/produkt\/juego-de-mascaras-135ff-sp3000-fuji\/","og_locale":"es_ES","og_type":"article","og_title":"Juego de M\u00e1scaras 135FF SP3000 Fuji - Analogist - Die Lust am Analogen","og_description":"Juego de M\u00e1scaras 135FF SP3000 Fuji - Analogist - Die Lust am Analogen - para escanear negativos de 35 mm en formato de fotograma completo con el Autocarrier","og_url":"https:\/\/www.analogist.de\/es\/produkt\/juego-de-mascaras-135ff-sp3000-fuji\/","og_site_name":"Analogist - Die Lust am Analogen","article_modified_time":"2025-10-22T09:23:06+00:00","og_image":[{"width":2560,"height":1707,"url":"https:\/\/www.analogist.de\/wp-content\/uploads\/2024\/11\/MG_4515-scaled.jpg","type":"image\/jpeg"}],"twitter_card":"summary_large_image","twitter_misc":{"Tiempo de lectura":"2 minutos"},"schema":{"@context":"https:\/\/schema.org","@graph":[{"@type":"WebPage","@id":"https:\/\/www.analogist.de\/es\/produkt\/juego-de-mascaras-135ff-sp3000-fuji\/","url":"https:\/\/www.analogist.de\/es\/produkt\/juego-de-mascaras-135ff-sp3000-fuji\/","name":"Juego de M\u00e1scaras 135FF SP3000 Fuji - Analogist - Die Lust am Analogen","isPartOf":{"@id":"https:\/\/www.analogist.de\/en\/#website"},"primaryImageOfPage":{"@id":"https:\/\/www.analogist.de\/es\/produkt\/juego-de-mascaras-135ff-sp3000-fuji\/#primaryimage"},"image":{"@id":"https:\/\/www.analogist.de\/es\/produkt\/juego-de-mascaras-135ff-sp3000-fuji\/#primaryimage"},"thumbnailUrl":"https:\/\/www.analogist.de\/wp-content\/uploads\/2025\/12\/MG_4569.jpg","datePublished":"2024-11-26T11:22:03+00:00","dateModified":"2025-10-22T09:23:06+00:00","description":"Juego de M\u00e1scaras 135FF SP3000 Fuji - Analogist - Die Lust am Analogen - para escanear negativos de 35 mm en formato de fotograma completo con el Autocarrier","breadcrumb":{"@id":"https:\/\/www.analogist.de\/es\/produkt\/juego-de-mascaras-135ff-sp3000-fuji\/#breadcrumb"},"inLanguage":"es","potentialAction":[{"@type":"ReadAction","target":["https:\/\/www.analogist.de\/es\/produkt\/juego-de-mascaras-135ff-sp3000-fuji\/"]}]},{"@type":"ImageObject","inLanguage":"es","@id":"https:\/\/www.analogist.de\/es\/produkt\/juego-de-mascaras-135ff-sp3000-fuji\/#primaryimage","url":"https:\/\/www.analogist.de\/wp-content\/uploads\/2025\/12\/MG_4569.jpg","contentUrl":"https:\/\/www.analogist.de\/wp-content\/uploads\/2025\/12\/MG_4569.jpg","width":2500,"height":1667,"caption":"135FF-Inlay-SP-3000-Analogist"},{"@type":"BreadcrumbList","@id":"https:\/\/www.analogist.de\/es\/produkt\/juego-de-mascaras-135ff-sp3000-fuji\/#breadcrumb","itemListElement":[{"@type":"ListItem","position":1,"name":"Startseite","item":"https:\/\/www.analogist.de\/es\/analogista-lo-analogico-nunca-ha-sido-tan-digital\/"},{"@type":"ListItem","position":2,"name":"Shop","item":"https:\/\/www.analogist.de\/shop\/"},{"@type":"ListItem","position":3,"name":"Juego de M\u00e1scaras 135FF SP3000 Fuji"}]},{"@type":"WebSite","@id":"https:\/\/www.analogist.de\/en\/#website","url":"https:\/\/www.analogist.de\/en\/","name":"Analogist - Die Lust am Analogen","description":"Analog im Zeitalter der digitalen Medien erleben","potentialAction":[{"@type":"SearchAction","target":{"@type":"EntryPoint","urlTemplate":"https:\/\/www.analogist.de\/en\/?s={search_term_string}"},"query-input":{"@type":"PropertyValueSpecification","valueRequired":true,"valueName":"search_term_string"}}],"inLanguage":"es"}]}},"jetpack_sharing_enabled":true,"_links":{"self":[{"href":"https:\/\/www.analogist.de\/es\/wp-json\/wp\/v2\/product\/2026","targetHints":{"allow":["GET"]}}],"collection":[{"href":"https:\/\/www.analogist.de\/es\/wp-json\/wp\/v2\/product"}],"about":[{"href":"https:\/\/www.analogist.de\/es\/wp-json\/wp\/v2\/types\/product"}],"wp:featuredmedia":[{"embeddable":true,"href":"https:\/\/www.analogist.de\/es\/wp-json\/wp\/v2\/media\/2309"}],"wp:attachment":[{"href":"https:\/\/www.analogist.de\/es\/wp-json\/wp\/v2\/media?parent=2026"}],"wp:term":[{"taxonomy":"product_brand","embeddable":true,"href":"https:\/\/www.analogist.de\/es\/wp-json\/wp\/v2\/product_brand?post=2026"},{"taxonomy":"product_cat","embeddable":true,"href":"https:\/\/www.analogist.de\/es\/wp-json\/wp\/v2\/product_cat?post=2026"},{"taxonomy":"product_tag","embeddable":true,"href":"https:\/\/www.analogist.de\/es\/wp-json\/wp\/v2\/product_tag?post=2026"}],"curies":[{"name":"wp","href":"https:\/\/api.w.org\/{rel}","templated":true}]}}