{"id":2037,"date":"2025-10-22T11:23:52","date_gmt":"2025-10-22T09:23:52","guid":{"rendered":"https:\/\/www.analogist.de\/produkt\/mascara-6x7-fullframe-v2-0-120-sp3000-fuji\/"},"modified":"2025-10-22T11:23:56","modified_gmt":"2025-10-22T09:23:56","slug":"mascara-6x7-fullframe-v2-0-120-sp3000-fuji","status":"publish","type":"product","link":"https:\/\/www.analogist.de\/es\/produkt\/mascara-6x7-fullframe-v2-0-120-sp3000-fuji\/","title":{"rendered":"M\u00e1scara 6&#215;7 Fullframe v2.0 120 SP3000 Fuji"},"content":{"rendered":"<p>[et_pb_section fb_built=\u00bb1&#8243; _builder_version=\u00bb4.16&#8243; custom_padding=\u00bb0px||||false|false\u00bb global_colors_info=\u00bb{}\u00bb][et_pb_row _builder_version=\u00bb4.16&#8243; _module_preset=\u00bbdefault\u00bb global_colors_info=\u00bb{}\u00bb][et_pb_column type=\u00bb4_4&#8243; _builder_version=\u00bb4.16&#8243; _module_preset=\u00bbdefault\u00bb global_colors_info=\u00bb{}\u00bb][et_pb_wc_images force_fullwidth=\u00bbon\u00bb disabled_on=\u00bboff|on|on\u00bb _builder_version=\u00bb4.16&#8243; _module_preset=\u00bbdefault\u00bb global_colors_info=\u00bb{}\u00bb][\/et_pb_wc_images][\/et_pb_column][\/et_pb_row][et_pb_row column_structure=\u00bb1_2,1_2&#8243; _builder_version=\u00bb4.16&#8243; background_size=\u00bbinitial\u00bb background_position=\u00bbtop_left\u00bb background_repeat=\u00bbrepeat\u00bb width=\u00bb100%\u00bb max_width=\u00bb100vw\u00bb custom_padding=\u00bb5%|5%|5%|5%|true|true\u00bb border_width_right=\u00bb4vw\u00bb border_color_right=\u00bbrgba(0,0,0,0)\u00bb global_colors_info=\u00bb{}\u00bb][et_pb_column type=\u00bb1_2&#8243; _builder_version=\u00bb4.16&#8243; custom_padding=\u00bb|||\u00bb global_colors_info=\u00bb{}\u00bb custom_padding__hover=\u00bb|||\u00bb][et_pb_wc_images disabled_on=\u00bbon|off|off\u00bb _builder_version=\u00bb4.16&#8243; background_color=\u00bb#f1cd00&#8243; global_colors_info=\u00bb{}\u00bb][\/et_pb_wc_images][\/et_pb_column][et_pb_column type=\u00bb1_2&#8243; _builder_version=\u00bb4.16&#8243; _module_preset=\u00bbdefault\u00bb global_colors_info=\u00bb{}\u00bb][et_pb_wc_title _builder_version=\u00bb4.16&#8243; header_font_size=\u00bb39px\u00bb global_colors_info=\u00bb{}\u00bb][\/et_pb_wc_title][et_pb_wc_rating _builder_version=\u00bb4.16&#8243; global_colors_info=\u00bb{}\u00bb][\/et_pb_wc_rating][et_pb_wc_price _builder_version=\u00bb4.16&#8243; global_colors_info=\u00bb{}\u00bb][\/et_pb_wc_price][et_pb_wc_description _builder_version=\u00bb4.16&#8243; global_colors_info=\u00bb{}\u00bb][\/et_pb_wc_description][et_pb_wc_add_to_cart _builder_version=\u00bb4.16&#8243; global_colors_info=\u00bb{}\u00bb][\/et_pb_wc_add_to_cart][et_pb_wc_meta _builder_version=\u00bb4.16&#8243; global_colors_info=\u00bb{}\u00bb][\/et_pb_wc_meta][et_pb_wc_tabs _builder_version=\u00bb4.16&#8243; global_colors_info=\u00bb{}\u00bb]\t\t\t\t\t[\/et_pb_wc_tabs][\/et_pb_column][\/et_pb_row][et_pb_row _builder_version=\u00bb4.16&#8243; _module_preset=\u00bbdefault\u00bb background_color=\u00bbgcid-cbaf2c95-81f4-4663-b57a-c33d25cde898&#8243; width=\u00bb100%\u00bb max_width=\u00bb100vw\u00bb custom_padding=\u00bb5%|5%|5%|5%|true|true\u00bb global_colors_info=\u00bb{%22gcid-cbaf2c95-81f4-4663-b57a-c33d25cde898%22:%91%22background_color%22%93}\u00bb][et_pb_column type=\u00bb4_4&#8243; _builder_version=\u00bb4.16&#8243; _module_preset=\u00bbdefault\u00bb global_colors_info=\u00bb{}\u00bb][et_pb_wc_related_products _builder_version=\u00bb4.27.4&#8243; hover_enabled=\u00bb0&#8243; border_width_left=\u00bb28px\u00bb border_color_left=\u00bbrgba(0,0,0,0)\u00bb global_colors_info=\u00bb{}\u00bb columns_number=\u00bb2&#8243; sticky_enabled=\u00bb0&#8243;][\/et_pb_wc_related_products][\/et_pb_column][\/et_pb_row][et_pb_row _builder_version=\u00bb4.16&#8243; background_size=\u00bbinitial\u00bb background_position=\u00bbtop_left\u00bb background_repeat=\u00bbrepeat\u00bb width=\u00bb100%\u00bb global_colors_info=\u00bb{}\u00bb][et_pb_column type=\u00bb4_4&#8243; _builder_version=\u00bb4.16&#8243; custom_padding=\u00bb|||\u00bb global_colors_info=\u00bb{}\u00bb custom_padding__hover=\u00bb|||\u00bb][et_pb_wc_upsells _builder_version=\u00bb4.16&#8243; global_colors_info=\u00bb{}\u00bb][\/et_pb_wc_upsells][\/et_pb_column][\/et_pb_row][\/et_pb_section]<\/p>\n","protected":false},"excerpt":{"rendered":"<p>M\u00e1scara de fotograma completo 6&#215;7 en la versi\u00f3n 2.0 para el legendario esc\u00e1ner de laboratorio SP3000, para utilizar con escaneados de formato medio 120.<\/p>\n","protected":false},"featured_media":2038,"template":"","meta":{"_acf_changed":false,"_et_pb_use_builder":"on","_et_pb_old_content":"Nos complace presentar nuestro \u00faltimo desarrollo: \u00a1Nuestra nueva serie de m\u00e1scaras optimizadas para la Fuji SP3000! ?\nBas\u00e1ndonos en los valiosos comentarios de nuestros apreciados clientes, hemos desarrollado <strong>la versi\u00f3n 2.0 de las m\u00e1scaras<\/strong>, que cuenta con algunas ventajas impresionantes.\n<ol>\n \t<li>Presi\u00f3n de <strong>contacto<\/strong> optimizada: La m\u00e1scara mejorada ejerce una presi\u00f3n de contacto optimizada sobre los negativos para garantizar una excelente calidad de imagen. Esto te permite captar a\u00fan m\u00e1s detalles y matices en tus im\u00e1genes. <\/li>\n \t<li><strong>Sujeci\u00f3n segura en el<\/strong> soporte: Nuestras nuevas m\u00e1scaras ofrecen una sujeci\u00f3n segura en el soporte para evitar deslizamientos o desplazamientos durante el proceso de escaneado. Puedes concentrarte plenamente en el escaneado sin tener que preocuparte por movimientos no deseados. <\/li>\n \t<li>Enfoque consistente en el <strong>fotograma<\/strong> completo: Nos enorgullece anunciar que nuestras m\u00e1scaras se producen ahora exclusivamente en la versi\u00f3n de fotograma completo. Esto significa que puedes escanear todos los bordes del negativo para capturar tus im\u00e1genes con todo detalle. <\/li>\n<\/ol>\nEstamos entusiasmados con estos avances y estamos impacientes por poner a tu disposici\u00f3n la serie de m\u00e1scaras mejoradas. Tu satisfacci\u00f3n es importante para nosotros, y con estas ventajas queremos llevar tu experiencia Fuji SP3000 al siguiente nivel!\nLa <strong>m\u00e1scara 6x7 Fullframe versi\u00f3n 2.0<\/strong> se utiliza junto con el correspondiente <a href=\"https:\/\/www.analogist.de\/produkt\/mirrorbox-diffusor-fuer-sp3000-120-mittelformat\/\"><strong>Difusor 120 (Mirrorbox)<\/strong> <\/a>y el soporte manual MFC10AY para escanear negativos de formato medio y diapositivas sin marco. Por desgracia, estas m\u00e1scaras ya no est\u00e1n disponibles en estado original y nuevas. Las copias usadas se ofrecen muy raramente y a menudo se venden a precios desorbitados.   \n\nEl formato 6x7 era y sigue siendo muy popular en los c\u00edrculos profesionales gracias a las famosas c\u00e1maras <strong>Mamiya RB76<\/strong> o la <strong>Pentax 76<\/strong> o 6x7. La propia Fuji tambi\u00e9n ofrec\u00eda la <strong>FUJIFILM GF 670<\/strong> con este formato de negativo. \n\n<strong>\u00a1ATENCI\u00d3N!<\/strong>\n<strong>Esta m\u00e1scara es una m\u00e1scara de fotograma completo. En combinaci\u00f3n con los ajustes de tu esc\u00e1ner SP-3000, puedes utilizarla para realizar escaneados de negativos de formato medio 6x6 y tiras de positivos de forma que se conserven los bordes.   <\/strong><strong>Ten en cuenta que la superficie de contacto de las tiras de pel\u00edcula se ha reducido deliberadamente.<\/strong>\n\nNuestra m\u00e1scara de formato completo 6x7 de nuevo desarrollo para el legendario esc\u00e1ner de laboratorio SP3000 de Fuji te permite escanear tus negativos de formato medio en formato 6x7 cm.\nLa m\u00e1scara consta de dos piezas interconectadas y encaja perfectamente en el portanegativos MFC10AY gracias a unos puntos de contacto magn\u00e9ticos.\nNuestra m\u00e1scara est\u00e1 fabricada \u00edntegramente en pl\u00e1stico y se monta a mano.","_et_gb_content_width":"","inline_featured_image":false},"product_brand":[],"product_cat":[144,145],"product_tag":[170,168,174,173,169,172,171,167],"class_list":{"0":"post-2037","1":"product","2":"type-product","3":"status-publish","4":"has-post-thumbnail","6":"product_cat-fullframe-mascaras-y-inlays-por-sp3000","7":"product_cat-mascaras-formato-medio","8":"product_tag-6x7-es","9":"product_tag-fuji-es","10":"product_tag-fujifilm-gf-670-es","11":"product_tag-mamiya-rb67-es","12":"product_tag-mascara","13":"product_tag-pentax-67-es","14":"product_tag-pentax-6x7-es","15":"product_tag-sp-3000-es","17":"first","18":"instock","19":"sold-individually","20":"taxable","21":"shipping-taxable","22":"purchasable","23":"product-type-simple"},"acf":[],"yoast_head":"<!-- This site is optimized with the Yoast SEO plugin v26.7 - https:\/\/yoast.com\/wordpress\/plugins\/seo\/ -->\n<title>M\u00e1scara 6x7 Fullframe v2.0 120 SP3000 Fuji - Analogist - Die Lust am Analogen<\/title>\n<meta name=\"description\" content=\"La m\u00e1scara 6x7 Fullframe de la versi\u00f3n 2.0 se utiliza junto con el correspondiente Difusor 120 (Mirrorbox) y el soporte manual MFC10AY para escanear negativos de formato medio y diapositivas sin marco en formato fullframe. La m\u00e1scara tambi\u00e9n escanea los bordes del negativo. Ahora con presi\u00f3n de contacto mejorada y mejor sujeci\u00f3n en el soporte.\" \/>\n<meta name=\"robots\" content=\"index, follow, max-snippet:-1, max-image-preview:large, max-video-preview:-1\" \/>\n<link rel=\"canonical\" href=\"https:\/\/www.analogist.de\/es\/produkt\/mascara-6x7-fullframe-v2-0-120-sp3000-fuji\/\" \/>\n<meta property=\"og:locale\" content=\"es_ES\" \/>\n<meta property=\"og:type\" content=\"article\" \/>\n<meta property=\"og:title\" content=\"M\u00e1scara 6x6 Fullframe v2.0 120 SP3000 Fuji\" \/>\n<meta property=\"og:description\" content=\"? Queridos fans de la Fuji SP3000, en nombre de Analogist.de nos complace presentaros nuestro \u00faltimo desarrollo: \u00a1Nuestra nueva serie de m\u00e1scaras optimizadas para la Fuji SP3000! Bas\u00e1ndonos en los valiosos comentarios de nuestros apreciados clientes, nos gustar\u00eda expresaros nuestro m\u00e1s sincero agradecimiento. Tu aportaci\u00f3n activa nos ha ayudado a mejorar las m\u00e1scaras en varios aspectos. Vuestra pasi\u00f3n por la fotograf\u00eda y vuestro compromiso con el desarrollo del producto son una enorme motivaci\u00f3n para nosotros, y los resultados son impresionantes: \u00a1En el futuro, las m\u00e1scaras encajar\u00e1n a\u00fan mejor en tu soporte, ejercer\u00e1n una mejor presi\u00f3n de contacto sobre los negativos y evitar\u00e1n as\u00ed la curvatura.Pero eso no es todo! Tambi\u00e9n hemos decidido producir las m\u00e1scaras s\u00f3lo en la versi\u00f3n de fotograma completo. Esto te permite escanear todos los bordes del negativo. Probablemente te est\u00e9s preguntando con qu\u00e9 m\u00e1scara empezaremos. Presentamos con orgullo la primera versi\u00f3n 2.0 de nuestra serie de m\u00e1scaras optimizadas, para el popular formato de negativo 6x6. Estamos entusiasmados con este progreso y no vemos la hora de poner a tu disposici\u00f3n la serie de m\u00e1scaras mejoradas. Tu satisfacci\u00f3n es importante para nosotros, y con estas mejoras queremos llevar tu experiencia con la Fuji SP3000 al siguiente nivel. Mant\u00e9n los ojos bien abiertos, ya que las m\u00e1scaras de la versi\u00f3n 2.0 estar\u00e1n disponibles en breve. Prep\u00e1rate para llevar tu fotograf\u00eda al siguiente nivel! Tu equipo de Analogist.de #Analogist #FujiSP3000 #serie de m\u00e1scaras #fotograf\u00eda #fotograf\u00eda de cine #formato negativo #calidad #innovaci\u00f3n\" \/>\n<meta property=\"og:url\" content=\"https:\/\/www.analogist.de\/es\/produkt\/mascara-6x7-fullframe-v2-0-120-sp3000-fuji\/\" \/>\n<meta property=\"og:site_name\" content=\"Analogist - Die Lust am Analogen\" \/>\n<meta property=\"article:modified_time\" content=\"2025-10-22T09:23:56+00:00\" \/>\n<meta property=\"og:image\" content=\"https:\/\/www.analogist.de\/wp-content\/uploads\/2023\/05\/FUJI_2.0_660_120-1024x711.jpg\" \/>\n<meta name=\"twitter:card\" content=\"summary_large_image\" \/>\n<meta name=\"twitter:title\" content=\"M\u00e1scara 6x6 Fullframe v2.0 120 SP3000 Fuji\" \/>\n<meta name=\"twitter:description\" content=\"? Queridos fans de la Fuji SP3000, en nombre de Analogist.de nos complace presentaros nuestro \u00faltimo desarrollo: \u00a1Nuestra nueva serie de m\u00e1scaras optimizadas para la Fuji SP3000! Bas\u00e1ndonos en los valiosos comentarios de nuestros apreciados clientes, nos gustar\u00eda expresaros nuestro m\u00e1s sincero agradecimiento. Tu aportaci\u00f3n activa nos ha ayudado a mejorar las m\u00e1scaras en varios aspectos. Vuestra pasi\u00f3n por la fotograf\u00eda y vuestro compromiso con el desarrollo del producto son una enorme motivaci\u00f3n para nosotros, y los resultados son impresionantes: \u00a1En el futuro, las m\u00e1scaras encajar\u00e1n a\u00fan mejor en tu soporte, ejercer\u00e1n una mejor presi\u00f3n de contacto sobre los negativos y evitar\u00e1n as\u00ed la curvatura.Pero eso no es todo! Tambi\u00e9n hemos decidido producir las m\u00e1scaras s\u00f3lo en la versi\u00f3n de fotograma completo. Esto te permite escanear todos los bordes del negativo. Probablemente te est\u00e9s preguntando con qu\u00e9 m\u00e1scara empezaremos. Presentamos con orgullo la primera versi\u00f3n 2.0 de nuestra serie de m\u00e1scaras optimizadas, para el popular formato de negativo 6x6. Estamos entusiasmados con este progreso y no vemos la hora de poner a tu disposici\u00f3n la serie de m\u00e1scaras mejoradas. Tu satisfacci\u00f3n es importante para nosotros, y con estas mejoras queremos llevar tu experiencia con la Fuji SP3000 al siguiente nivel. Mant\u00e9n los ojos bien abiertos, ya que las m\u00e1scaras de la versi\u00f3n 2.0 estar\u00e1n disponibles en breve. Prep\u00e1rate para llevar tu fotograf\u00eda al siguiente nivel! Tu equipo de Analogist.de #Analogist #FujiSP3000 #serie de m\u00e1scaras #fotograf\u00eda #fotograf\u00eda de cine #formato negativo #calidad #innovaci\u00f3n\" \/>\n<meta name=\"twitter:image\" content=\"https:\/\/www.analogist.de\/wp-content\/uploads\/2023\/05\/FUJI_2.0_660_120-1024x711.jpg\" \/>\n<meta name=\"twitter:label1\" content=\"Tiempo de lectura\" \/>\n\t<meta name=\"twitter:data1\" content=\"2 minutos\" \/>\n<script type=\"application\/ld+json\" class=\"yoast-schema-graph\">{\"@context\":\"https:\/\/schema.org\",\"@graph\":[{\"@type\":\"WebPage\",\"@id\":\"https:\/\/www.analogist.de\/es\/produkt\/mascara-6x7-fullframe-v2-0-120-sp3000-fuji\/\",\"url\":\"https:\/\/www.analogist.de\/es\/produkt\/mascara-6x7-fullframe-v2-0-120-sp3000-fuji\/\",\"name\":\"M\u00e1scara 6x7 Fullframe v2.0 120 SP3000 Fuji - Analogist - Die Lust am Analogen\",\"isPartOf\":{\"@id\":\"https:\/\/www.analogist.de\/en\/#website\"},\"primaryImageOfPage\":{\"@id\":\"https:\/\/www.analogist.de\/es\/produkt\/mascara-6x7-fullframe-v2-0-120-sp3000-fuji\/#primaryimage\"},\"image\":{\"@id\":\"https:\/\/www.analogist.de\/es\/produkt\/mascara-6x7-fullframe-v2-0-120-sp3000-fuji\/#primaryimage\"},\"thumbnailUrl\":\"https:\/\/www.analogist.de\/wp-content\/uploads\/2024\/07\/FUJI_670_120_g-scaled.jpg\",\"datePublished\":\"2025-10-22T09:23:52+00:00\",\"dateModified\":\"2025-10-22T09:23:56+00:00\",\"description\":\"La m\u00e1scara 6x7 Fullframe de la versi\u00f3n 2.0 se utiliza junto con el correspondiente Difusor 120 (Mirrorbox) y el soporte manual MFC10AY para escanear negativos de formato medio y diapositivas sin marco en formato fullframe. La m\u00e1scara tambi\u00e9n escanea los bordes del negativo. Ahora con presi\u00f3n de contacto mejorada y mejor sujeci\u00f3n en el soporte.\",\"breadcrumb\":{\"@id\":\"https:\/\/www.analogist.de\/es\/produkt\/mascara-6x7-fullframe-v2-0-120-sp3000-fuji\/#breadcrumb\"},\"inLanguage\":\"es\",\"potentialAction\":[{\"@type\":\"ReadAction\",\"target\":[\"https:\/\/www.analogist.de\/es\/produkt\/mascara-6x7-fullframe-v2-0-120-sp3000-fuji\/\"]}]},{\"@type\":\"ImageObject\",\"inLanguage\":\"es\",\"@id\":\"https:\/\/www.analogist.de\/es\/produkt\/mascara-6x7-fullframe-v2-0-120-sp3000-fuji\/#primaryimage\",\"url\":\"https:\/\/www.analogist.de\/wp-content\/uploads\/2024\/07\/FUJI_670_120_g-scaled.jpg\",\"contentUrl\":\"https:\/\/www.analogist.de\/wp-content\/uploads\/2024\/07\/FUJI_670_120_g-scaled.jpg\",\"width\":2560,\"height\":1719},{\"@type\":\"BreadcrumbList\",\"@id\":\"https:\/\/www.analogist.de\/es\/produkt\/mascara-6x7-fullframe-v2-0-120-sp3000-fuji\/#breadcrumb\",\"itemListElement\":[{\"@type\":\"ListItem\",\"position\":1,\"name\":\"Startseite\",\"item\":\"https:\/\/www.analogist.de\/es\/analogista-lo-analogico-nunca-ha-sido-tan-digital\/\"},{\"@type\":\"ListItem\",\"position\":2,\"name\":\"Shop\",\"item\":\"https:\/\/www.analogist.de\/shop\/\"},{\"@type\":\"ListItem\",\"position\":3,\"name\":\"M\u00e1scara 6&#215;7 Fullframe v2.0 120 SP3000 Fuji\"}]},{\"@type\":\"WebSite\",\"@id\":\"https:\/\/www.analogist.de\/en\/#website\",\"url\":\"https:\/\/www.analogist.de\/en\/\",\"name\":\"Analogist - Die Lust am Analogen\",\"description\":\"Analog im Zeitalter der digitalen Medien erleben\",\"potentialAction\":[{\"@type\":\"SearchAction\",\"target\":{\"@type\":\"EntryPoint\",\"urlTemplate\":\"https:\/\/www.analogist.de\/en\/?s={search_term_string}\"},\"query-input\":{\"@type\":\"PropertyValueSpecification\",\"valueRequired\":true,\"valueName\":\"search_term_string\"}}],\"inLanguage\":\"es\"}]}<\/script>\n<!-- \/ Yoast SEO plugin. -->","yoast_head_json":{"title":"M\u00e1scara 6x7 Fullframe v2.0 120 SP3000 Fuji - Analogist - Die Lust am Analogen","description":"La m\u00e1scara 6x7 Fullframe de la versi\u00f3n 2.0 se utiliza junto con el correspondiente Difusor 120 (Mirrorbox) y el soporte manual MFC10AY para escanear negativos de formato medio y diapositivas sin marco en formato fullframe. La m\u00e1scara tambi\u00e9n escanea los bordes del negativo. Ahora con presi\u00f3n de contacto mejorada y mejor sujeci\u00f3n en el soporte.","robots":{"index":"index","follow":"follow","max-snippet":"max-snippet:-1","max-image-preview":"max-image-preview:large","max-video-preview":"max-video-preview:-1"},"canonical":"https:\/\/www.analogist.de\/es\/produkt\/mascara-6x7-fullframe-v2-0-120-sp3000-fuji\/","og_locale":"es_ES","og_type":"article","og_title":"M\u00e1scara 6x6 Fullframe v2.0 120 SP3000 Fuji","og_description":"? Queridos fans de la Fuji SP3000, en nombre de Analogist.de nos complace presentaros nuestro \u00faltimo desarrollo: \u00a1Nuestra nueva serie de m\u00e1scaras optimizadas para la Fuji SP3000! Bas\u00e1ndonos en los valiosos comentarios de nuestros apreciados clientes, nos gustar\u00eda expresaros nuestro m\u00e1s sincero agradecimiento. Tu aportaci\u00f3n activa nos ha ayudado a mejorar las m\u00e1scaras en varios aspectos. Vuestra pasi\u00f3n por la fotograf\u00eda y vuestro compromiso con el desarrollo del producto son una enorme motivaci\u00f3n para nosotros, y los resultados son impresionantes: \u00a1En el futuro, las m\u00e1scaras encajar\u00e1n a\u00fan mejor en tu soporte, ejercer\u00e1n una mejor presi\u00f3n de contacto sobre los negativos y evitar\u00e1n as\u00ed la curvatura.Pero eso no es todo! Tambi\u00e9n hemos decidido producir las m\u00e1scaras s\u00f3lo en la versi\u00f3n de fotograma completo. Esto te permite escanear todos los bordes del negativo. Probablemente te est\u00e9s preguntando con qu\u00e9 m\u00e1scara empezaremos. Presentamos con orgullo la primera versi\u00f3n 2.0 de nuestra serie de m\u00e1scaras optimizadas, para el popular formato de negativo 6x6. Estamos entusiasmados con este progreso y no vemos la hora de poner a tu disposici\u00f3n la serie de m\u00e1scaras mejoradas. Tu satisfacci\u00f3n es importante para nosotros, y con estas mejoras queremos llevar tu experiencia con la Fuji SP3000 al siguiente nivel. Mant\u00e9n los ojos bien abiertos, ya que las m\u00e1scaras de la versi\u00f3n 2.0 estar\u00e1n disponibles en breve. Prep\u00e1rate para llevar tu fotograf\u00eda al siguiente nivel! Tu equipo de Analogist.de #Analogist #FujiSP3000 #serie de m\u00e1scaras #fotograf\u00eda #fotograf\u00eda de cine #formato negativo #calidad #innovaci\u00f3n","og_url":"https:\/\/www.analogist.de\/es\/produkt\/mascara-6x7-fullframe-v2-0-120-sp3000-fuji\/","og_site_name":"Analogist - Die Lust am Analogen","article_modified_time":"2025-10-22T09:23:56+00:00","og_image":[{"url":"https:\/\/www.analogist.de\/wp-content\/uploads\/2023\/05\/FUJI_2.0_660_120-1024x711.jpg","type":"","width":"","height":""}],"twitter_card":"summary_large_image","twitter_title":"M\u00e1scara 6x6 Fullframe v2.0 120 SP3000 Fuji","twitter_description":"? Queridos fans de la Fuji SP3000, en nombre de Analogist.de nos complace presentaros nuestro \u00faltimo desarrollo: \u00a1Nuestra nueva serie de m\u00e1scaras optimizadas para la Fuji SP3000! Bas\u00e1ndonos en los valiosos comentarios de nuestros apreciados clientes, nos gustar\u00eda expresaros nuestro m\u00e1s sincero agradecimiento. Tu aportaci\u00f3n activa nos ha ayudado a mejorar las m\u00e1scaras en varios aspectos. Vuestra pasi\u00f3n por la fotograf\u00eda y vuestro compromiso con el desarrollo del producto son una enorme motivaci\u00f3n para nosotros, y los resultados son impresionantes: \u00a1En el futuro, las m\u00e1scaras encajar\u00e1n a\u00fan mejor en tu soporte, ejercer\u00e1n una mejor presi\u00f3n de contacto sobre los negativos y evitar\u00e1n as\u00ed la curvatura.Pero eso no es todo! Tambi\u00e9n hemos decidido producir las m\u00e1scaras s\u00f3lo en la versi\u00f3n de fotograma completo. Esto te permite escanear todos los bordes del negativo. Probablemente te est\u00e9s preguntando con qu\u00e9 m\u00e1scara empezaremos. Presentamos con orgullo la primera versi\u00f3n 2.0 de nuestra serie de m\u00e1scaras optimizadas, para el popular formato de negativo 6x6. Estamos entusiasmados con este progreso y no vemos la hora de poner a tu disposici\u00f3n la serie de m\u00e1scaras mejoradas. Tu satisfacci\u00f3n es importante para nosotros, y con estas mejoras queremos llevar tu experiencia con la Fuji SP3000 al siguiente nivel. Mant\u00e9n los ojos bien abiertos, ya que las m\u00e1scaras de la versi\u00f3n 2.0 estar\u00e1n disponibles en breve. Prep\u00e1rate para llevar tu fotograf\u00eda al siguiente nivel! Tu equipo de Analogist.de #Analogist #FujiSP3000 #serie de m\u00e1scaras #fotograf\u00eda #fotograf\u00eda de cine #formato negativo #calidad #innovaci\u00f3n","twitter_image":"https:\/\/www.analogist.de\/wp-content\/uploads\/2023\/05\/FUJI_2.0_660_120-1024x711.jpg","twitter_misc":{"Tiempo de lectura":"2 minutos"},"schema":{"@context":"https:\/\/schema.org","@graph":[{"@type":"WebPage","@id":"https:\/\/www.analogist.de\/es\/produkt\/mascara-6x7-fullframe-v2-0-120-sp3000-fuji\/","url":"https:\/\/www.analogist.de\/es\/produkt\/mascara-6x7-fullframe-v2-0-120-sp3000-fuji\/","name":"M\u00e1scara 6x7 Fullframe v2.0 120 SP3000 Fuji - Analogist - Die Lust am Analogen","isPartOf":{"@id":"https:\/\/www.analogist.de\/en\/#website"},"primaryImageOfPage":{"@id":"https:\/\/www.analogist.de\/es\/produkt\/mascara-6x7-fullframe-v2-0-120-sp3000-fuji\/#primaryimage"},"image":{"@id":"https:\/\/www.analogist.de\/es\/produkt\/mascara-6x7-fullframe-v2-0-120-sp3000-fuji\/#primaryimage"},"thumbnailUrl":"https:\/\/www.analogist.de\/wp-content\/uploads\/2024\/07\/FUJI_670_120_g-scaled.jpg","datePublished":"2025-10-22T09:23:52+00:00","dateModified":"2025-10-22T09:23:56+00:00","description":"La m\u00e1scara 6x7 Fullframe de la versi\u00f3n 2.0 se utiliza junto con el correspondiente Difusor 120 (Mirrorbox) y el soporte manual MFC10AY para escanear negativos de formato medio y diapositivas sin marco en formato fullframe. La m\u00e1scara tambi\u00e9n escanea los bordes del negativo. Ahora con presi\u00f3n de contacto mejorada y mejor sujeci\u00f3n en el soporte.","breadcrumb":{"@id":"https:\/\/www.analogist.de\/es\/produkt\/mascara-6x7-fullframe-v2-0-120-sp3000-fuji\/#breadcrumb"},"inLanguage":"es","potentialAction":[{"@type":"ReadAction","target":["https:\/\/www.analogist.de\/es\/produkt\/mascara-6x7-fullframe-v2-0-120-sp3000-fuji\/"]}]},{"@type":"ImageObject","inLanguage":"es","@id":"https:\/\/www.analogist.de\/es\/produkt\/mascara-6x7-fullframe-v2-0-120-sp3000-fuji\/#primaryimage","url":"https:\/\/www.analogist.de\/wp-content\/uploads\/2024\/07\/FUJI_670_120_g-scaled.jpg","contentUrl":"https:\/\/www.analogist.de\/wp-content\/uploads\/2024\/07\/FUJI_670_120_g-scaled.jpg","width":2560,"height":1719},{"@type":"BreadcrumbList","@id":"https:\/\/www.analogist.de\/es\/produkt\/mascara-6x7-fullframe-v2-0-120-sp3000-fuji\/#breadcrumb","itemListElement":[{"@type":"ListItem","position":1,"name":"Startseite","item":"https:\/\/www.analogist.de\/es\/analogista-lo-analogico-nunca-ha-sido-tan-digital\/"},{"@type":"ListItem","position":2,"name":"Shop","item":"https:\/\/www.analogist.de\/shop\/"},{"@type":"ListItem","position":3,"name":"M\u00e1scara 6&#215;7 Fullframe v2.0 120 SP3000 Fuji"}]},{"@type":"WebSite","@id":"https:\/\/www.analogist.de\/en\/#website","url":"https:\/\/www.analogist.de\/en\/","name":"Analogist - Die Lust am Analogen","description":"Analog im Zeitalter der digitalen Medien erleben","potentialAction":[{"@type":"SearchAction","target":{"@type":"EntryPoint","urlTemplate":"https:\/\/www.analogist.de\/en\/?s={search_term_string}"},"query-input":{"@type":"PropertyValueSpecification","valueRequired":true,"valueName":"search_term_string"}}],"inLanguage":"es"}]}},"jetpack_sharing_enabled":true,"_links":{"self":[{"href":"https:\/\/www.analogist.de\/es\/wp-json\/wp\/v2\/product\/2037","targetHints":{"allow":["GET"]}}],"collection":[{"href":"https:\/\/www.analogist.de\/es\/wp-json\/wp\/v2\/product"}],"about":[{"href":"https:\/\/www.analogist.de\/es\/wp-json\/wp\/v2\/types\/product"}],"wp:featuredmedia":[{"embeddable":true,"href":"https:\/\/www.analogist.de\/es\/wp-json\/wp\/v2\/media\/2038"}],"wp:attachment":[{"href":"https:\/\/www.analogist.de\/es\/wp-json\/wp\/v2\/media?parent=2037"}],"wp:term":[{"taxonomy":"product_brand","embeddable":true,"href":"https:\/\/www.analogist.de\/es\/wp-json\/wp\/v2\/product_brand?post=2037"},{"taxonomy":"product_cat","embeddable":true,"href":"https:\/\/www.analogist.de\/es\/wp-json\/wp\/v2\/product_cat?post=2037"},{"taxonomy":"product_tag","embeddable":true,"href":"https:\/\/www.analogist.de\/es\/wp-json\/wp\/v2\/product_tag?post=2037"}],"curies":[{"name":"wp","href":"https:\/\/api.w.org\/{rel}","templated":true}]}}