{"id":2040,"date":"2025-10-22T11:24:32","date_gmt":"2025-10-22T09:24:32","guid":{"rendered":"https:\/\/www.analogist.de\/produkt\/mascara-6x8-fullframe-120-sp3000-fuji\/"},"modified":"2025-10-22T11:24:33","modified_gmt":"2025-10-22T09:24:33","slug":"mascara-6x8-fullframe-120-sp3000-fuji","status":"publish","type":"product","link":"https:\/\/www.analogist.de\/es\/produkt\/mascara-6x8-fullframe-120-sp3000-fuji\/","title":{"rendered":"M\u00e1scara 6&#215;8 Fullframe 120 SP3000 Fuji"},"content":{"rendered":"<p>[et_pb_section fb_built=\u00bb1&#8243; _builder_version=\u00bb4.16&#8243; custom_padding=\u00bb0px||||false|false\u00bb global_colors_info=\u00bb{}\u00bb][et_pb_row column_structure=\u00bb1_2,1_2&#8243; _builder_version=\u00bb4.16&#8243; background_size=\u00bbinitial\u00bb background_position=\u00bbtop_left\u00bb background_repeat=\u00bbrepeat\u00bb width=\u00bb100%\u00bb max_width=\u00bb100vw\u00bb custom_padding=\u00bb5%|5%|5%|5%|true|true\u00bb border_width_right=\u00bb4vw\u00bb border_color_right=\u00bbrgba(0,0,0,0)\u00bb global_colors_info=\u00bb{}\u00bb][et_pb_column type=\u00bb1_2&#8243; _builder_version=\u00bb4.16&#8243; custom_padding=\u00bb|||\u00bb global_colors_info=\u00bb{}\u00bb custom_padding__hover=\u00bb|||\u00bb][et_pb_wc_images _builder_version=\u00bb4.16&#8243; background_color=\u00bb#f1cd00&#8243; global_colors_info=\u00bb{}\u00bb][\/et_pb_wc_images][\/et_pb_column][et_pb_column type=\u00bb1_2&#8243; _builder_version=\u00bb4.16&#8243; _module_preset=\u00bbdefault\u00bb global_colors_info=\u00bb{}\u00bb][et_pb_wc_title _builder_version=\u00bb4.16&#8243; header_font_size=\u00bb39px\u00bb global_colors_info=\u00bb{}\u00bb][\/et_pb_wc_title][et_pb_wc_rating _builder_version=\u00bb4.16&#8243; global_colors_info=\u00bb{}\u00bb][\/et_pb_wc_rating][et_pb_wc_price _builder_version=\u00bb4.16&#8243; global_colors_info=\u00bb{}\u00bb][\/et_pb_wc_price][et_pb_wc_description _builder_version=\u00bb4.16&#8243; global_colors_info=\u00bb{}\u00bb][\/et_pb_wc_description][et_pb_wc_add_to_cart _builder_version=\u00bb4.16&#8243; global_colors_info=\u00bb{}\u00bb][\/et_pb_wc_add_to_cart][et_pb_wc_meta _builder_version=\u00bb4.16&#8243; global_colors_info=\u00bb{}\u00bb][\/et_pb_wc_meta][et_pb_wc_tabs _builder_version=\u00bb4.16&#8243; global_colors_info=\u00bb{}\u00bb]\t\t\t\t\t[\/et_pb_wc_tabs][\/et_pb_column][\/et_pb_row][et_pb_row _builder_version=\u00bb4.16&#8243; _module_preset=\u00bbdefault\u00bb background_color=\u00bbgcid-cbaf2c95-81f4-4663-b57a-c33d25cde898&#8243; width=\u00bb100%\u00bb max_width=\u00bb100vw\u00bb custom_padding=\u00bb5%|5%|5%|5%|true|true\u00bb global_colors_info=\u00bb{%22gcid-cbaf2c95-81f4-4663-b57a-c33d25cde898%22:%91%22background_color%22%93}\u00bb][et_pb_column type=\u00bb4_4&#8243; _builder_version=\u00bb4.16&#8243; _module_preset=\u00bbdefault\u00bb global_colors_info=\u00bb{}\u00bb][et_pb_wc_related_products _builder_version=\u00bb4.27.4&#8243; hover_enabled=\u00bb0&#8243; border_width_left=\u00bb28px\u00bb border_color_left=\u00bbrgba(0,0,0,0)\u00bb global_colors_info=\u00bb{}\u00bb columns_number=\u00bb2&#8243; sticky_enabled=\u00bb0&#8243;][\/et_pb_wc_related_products][\/et_pb_column][\/et_pb_row][et_pb_row _builder_version=\u00bb4.16&#8243; background_size=\u00bbinitial\u00bb background_position=\u00bbtop_left\u00bb background_repeat=\u00bbrepeat\u00bb width=\u00bb100%\u00bb global_colors_info=\u00bb{}\u00bb][et_pb_column type=\u00bb4_4&#8243; _builder_version=\u00bb4.16&#8243; custom_padding=\u00bb|||\u00bb global_colors_info=\u00bb{}\u00bb custom_padding__hover=\u00bb|||\u00bb][et_pb_wc_upsells _builder_version=\u00bb4.16&#8243; global_colors_info=\u00bb{}\u00bb][\/et_pb_wc_upsells][\/et_pb_column][\/et_pb_row][\/et_pb_section]<\/p>\n","protected":false},"excerpt":{"rendered":"<p>M\u00e1scara de fotograma completo 6&#215;8 para el legendario esc\u00e1ner de laboratorio SP3000, para utilizar con escaneados de formato medio 120.<\/p>\n","protected":false},"featured_media":2041,"template":"","meta":{"_acf_changed":false,"_et_pb_use_builder":"on","_et_pb_old_content":"La m\u00e1scara 6x8 se utiliza en combinaci\u00f3n con el correspondiente Difusor 120 (Mirrorbox) y el Portador manual MFC10AY para escanear negativos de formato medio y diapositivas sin enmarcar. Por desgracia, estas m\u00e1scaras ya no est\u00e1n disponibles en estado original y nuevas. Los ejemplares usados se ofrecen muy raramente y a menudo se venden a precios desorbitados.  \n\n<strong>\u00a1ATENCI\u00d3N!<\/strong>\n<strong>Esta m\u00e1scara es una m\u00e1scara de fotograma completo. En combinaci\u00f3n con los ajustes de tu esc\u00e1ner SP-3000, puedes utilizarla para realizar escaneados de negativos de formato medio 6x9 y tiras de positivos de forma que se conserven los bordes.   <\/strong><strong>Ten en cuenta que la superficie de contacto de las tiras de pel\u00edcula se ha reducido deliberadamente.<\/strong>\n\nNuestra m\u00e1scara 6x8 de nuevo desarrollo para el legendario esc\u00e1ner de laboratorio SP3000 de Fuji te permite escanear tus negativos de formato medio en formato 6x8m.\nLa m\u00e1scara consta de dos piezas interconectadas y encaja perfectamente en el portanegativos MFC10AY gracias a unos puntos de contacto magn\u00e9ticos.\nNuestra m\u00e1scara est\u00e1 fabricada totalmente en pl\u00e1stico y se monta a mano.","_et_gb_content_width":"","inline_featured_image":false},"product_brand":[],"product_cat":[144],"product_tag":[],"class_list":{"0":"post-2040","1":"product","2":"type-product","3":"status-publish","4":"has-post-thumbnail","6":"product_cat-fullframe-mascaras-y-inlays-por-sp3000","8":"first","9":"instock","10":"sold-individually","11":"taxable","12":"shipping-taxable","13":"purchasable","14":"product-type-simple"},"acf":[],"yoast_head":"<!-- This site is optimized with the Yoast SEO plugin v26.7 - https:\/\/yoast.com\/wordpress\/plugins\/seo\/ -->\n<title>M\u00e1scara 6x8 Fullframe 120 SP3000 Fuji - Analogist - Die Lust am Analogen<\/title>\n<meta name=\"description\" content=\"La m\u00e1scara 6x8 se utiliza en combinaci\u00f3n con el correspondiente Difusor 120 (Mirrorbox) y el Portador manual MFC10AY para escanear negativos de formato medio y diapositivas sin enmarcar. Por desgracia, estas m\u00e1scaras ya no est\u00e1n disponibles en estado original y nuevas. Los ejemplares usados se ofrecen muy raramente y a menudo se venden a precios desorbitados.\" \/>\n<meta name=\"robots\" content=\"index, follow, max-snippet:-1, max-image-preview:large, max-video-preview:-1\" \/>\n<link rel=\"canonical\" href=\"https:\/\/www.analogist.de\/es\/produkt\/mascara-6x8-fullframe-120-sp3000-fuji\/\" \/>\n<meta property=\"og:locale\" content=\"es_ES\" \/>\n<meta property=\"og:type\" content=\"article\" \/>\n<meta property=\"og:title\" content=\"M\u00e1scara 6x8 Fullframe 120 SP3000 Fuji - Analogist - Die Lust am Analogen\" \/>\n<meta property=\"og:description\" content=\"La m\u00e1scara 6x8 se utiliza en combinaci\u00f3n con el correspondiente Difusor 120 (Mirrorbox) y el Portador manual MFC10AY para escanear negativos de formato medio y diapositivas sin enmarcar. Por desgracia, estas m\u00e1scaras ya no est\u00e1n disponibles en estado original y nuevas. Los ejemplares usados se ofrecen muy raramente y a menudo se venden a precios desorbitados.\" \/>\n<meta property=\"og:url\" content=\"https:\/\/www.analogist.de\/es\/produkt\/mascara-6x8-fullframe-120-sp3000-fuji\/\" \/>\n<meta property=\"og:site_name\" content=\"Analogist - Die Lust am Analogen\" \/>\n<meta property=\"article:modified_time\" content=\"2025-10-22T09:24:33+00:00\" \/>\n<meta property=\"og:image\" content=\"https:\/\/www.analogist.de\/wp-content\/uploads\/2023\/01\/680FF_120_g.jpg\" \/>\n\t<meta property=\"og:image:width\" content=\"1406\" \/>\n\t<meta property=\"og:image:height\" content=\"1093\" \/>\n\t<meta property=\"og:image:type\" content=\"image\/jpeg\" \/>\n<meta name=\"twitter:card\" content=\"summary_large_image\" \/>\n<meta name=\"twitter:label1\" content=\"Tiempo de lectura\" \/>\n\t<meta name=\"twitter:data1\" content=\"2 minutos\" \/>\n<script type=\"application\/ld+json\" class=\"yoast-schema-graph\">{\"@context\":\"https:\/\/schema.org\",\"@graph\":[{\"@type\":\"WebPage\",\"@id\":\"https:\/\/www.analogist.de\/es\/produkt\/mascara-6x8-fullframe-120-sp3000-fuji\/\",\"url\":\"https:\/\/www.analogist.de\/es\/produkt\/mascara-6x8-fullframe-120-sp3000-fuji\/\",\"name\":\"M\u00e1scara 6x8 Fullframe 120 SP3000 Fuji - Analogist - Die Lust am Analogen\",\"isPartOf\":{\"@id\":\"https:\/\/www.analogist.de\/en\/#website\"},\"primaryImageOfPage\":{\"@id\":\"https:\/\/www.analogist.de\/es\/produkt\/mascara-6x8-fullframe-120-sp3000-fuji\/#primaryimage\"},\"image\":{\"@id\":\"https:\/\/www.analogist.de\/es\/produkt\/mascara-6x8-fullframe-120-sp3000-fuji\/#primaryimage\"},\"thumbnailUrl\":\"https:\/\/www.analogist.de\/wp-content\/uploads\/2023\/01\/680FF_120_g.jpg\",\"datePublished\":\"2025-10-22T09:24:32+00:00\",\"dateModified\":\"2025-10-22T09:24:33+00:00\",\"description\":\"La m\u00e1scara 6x8 se utiliza en combinaci\u00f3n con el correspondiente Difusor 120 (Mirrorbox) y el Portador manual MFC10AY para escanear negativos de formato medio y diapositivas sin enmarcar. Por desgracia, estas m\u00e1scaras ya no est\u00e1n disponibles en estado original y nuevas. Los ejemplares usados se ofrecen muy raramente y a menudo se venden a precios desorbitados.\",\"breadcrumb\":{\"@id\":\"https:\/\/www.analogist.de\/es\/produkt\/mascara-6x8-fullframe-120-sp3000-fuji\/#breadcrumb\"},\"inLanguage\":\"es\",\"potentialAction\":[{\"@type\":\"ReadAction\",\"target\":[\"https:\/\/www.analogist.de\/es\/produkt\/mascara-6x8-fullframe-120-sp3000-fuji\/\"]}]},{\"@type\":\"ImageObject\",\"inLanguage\":\"es\",\"@id\":\"https:\/\/www.analogist.de\/es\/produkt\/mascara-6x8-fullframe-120-sp3000-fuji\/#primaryimage\",\"url\":\"https:\/\/www.analogist.de\/wp-content\/uploads\/2023\/01\/680FF_120_g.jpg\",\"contentUrl\":\"https:\/\/www.analogist.de\/wp-content\/uploads\/2023\/01\/680FF_120_g.jpg\",\"width\":1406,\"height\":1093},{\"@type\":\"BreadcrumbList\",\"@id\":\"https:\/\/www.analogist.de\/es\/produkt\/mascara-6x8-fullframe-120-sp3000-fuji\/#breadcrumb\",\"itemListElement\":[{\"@type\":\"ListItem\",\"position\":1,\"name\":\"Startseite\",\"item\":\"https:\/\/www.analogist.de\/es\/analogista-lo-analogico-nunca-ha-sido-tan-digital\/\"},{\"@type\":\"ListItem\",\"position\":2,\"name\":\"Shop\",\"item\":\"https:\/\/www.analogist.de\/shop\/\"},{\"@type\":\"ListItem\",\"position\":3,\"name\":\"M\u00e1scara 6&#215;8 Fullframe 120 SP3000 Fuji\"}]},{\"@type\":\"WebSite\",\"@id\":\"https:\/\/www.analogist.de\/en\/#website\",\"url\":\"https:\/\/www.analogist.de\/en\/\",\"name\":\"Analogist - Die Lust am Analogen\",\"description\":\"Analog im Zeitalter der digitalen Medien erleben\",\"potentialAction\":[{\"@type\":\"SearchAction\",\"target\":{\"@type\":\"EntryPoint\",\"urlTemplate\":\"https:\/\/www.analogist.de\/en\/?s={search_term_string}\"},\"query-input\":{\"@type\":\"PropertyValueSpecification\",\"valueRequired\":true,\"valueName\":\"search_term_string\"}}],\"inLanguage\":\"es\"}]}<\/script>\n<!-- \/ Yoast SEO plugin. -->","yoast_head_json":{"title":"M\u00e1scara 6x8 Fullframe 120 SP3000 Fuji - Analogist - Die Lust am Analogen","description":"La m\u00e1scara 6x8 se utiliza en combinaci\u00f3n con el correspondiente Difusor 120 (Mirrorbox) y el Portador manual MFC10AY para escanear negativos de formato medio y diapositivas sin enmarcar. Por desgracia, estas m\u00e1scaras ya no est\u00e1n disponibles en estado original y nuevas. Los ejemplares usados se ofrecen muy raramente y a menudo se venden a precios desorbitados.","robots":{"index":"index","follow":"follow","max-snippet":"max-snippet:-1","max-image-preview":"max-image-preview:large","max-video-preview":"max-video-preview:-1"},"canonical":"https:\/\/www.analogist.de\/es\/produkt\/mascara-6x8-fullframe-120-sp3000-fuji\/","og_locale":"es_ES","og_type":"article","og_title":"M\u00e1scara 6x8 Fullframe 120 SP3000 Fuji - Analogist - Die Lust am Analogen","og_description":"La m\u00e1scara 6x8 se utiliza en combinaci\u00f3n con el correspondiente Difusor 120 (Mirrorbox) y el Portador manual MFC10AY para escanear negativos de formato medio y diapositivas sin enmarcar. Por desgracia, estas m\u00e1scaras ya no est\u00e1n disponibles en estado original y nuevas. Los ejemplares usados se ofrecen muy raramente y a menudo se venden a precios desorbitados.","og_url":"https:\/\/www.analogist.de\/es\/produkt\/mascara-6x8-fullframe-120-sp3000-fuji\/","og_site_name":"Analogist - Die Lust am Analogen","article_modified_time":"2025-10-22T09:24:33+00:00","og_image":[{"width":1406,"height":1093,"url":"https:\/\/www.analogist.de\/wp-content\/uploads\/2023\/01\/680FF_120_g.jpg","type":"image\/jpeg"}],"twitter_card":"summary_large_image","twitter_misc":{"Tiempo de lectura":"2 minutos"},"schema":{"@context":"https:\/\/schema.org","@graph":[{"@type":"WebPage","@id":"https:\/\/www.analogist.de\/es\/produkt\/mascara-6x8-fullframe-120-sp3000-fuji\/","url":"https:\/\/www.analogist.de\/es\/produkt\/mascara-6x8-fullframe-120-sp3000-fuji\/","name":"M\u00e1scara 6x8 Fullframe 120 SP3000 Fuji - Analogist - Die Lust am Analogen","isPartOf":{"@id":"https:\/\/www.analogist.de\/en\/#website"},"primaryImageOfPage":{"@id":"https:\/\/www.analogist.de\/es\/produkt\/mascara-6x8-fullframe-120-sp3000-fuji\/#primaryimage"},"image":{"@id":"https:\/\/www.analogist.de\/es\/produkt\/mascara-6x8-fullframe-120-sp3000-fuji\/#primaryimage"},"thumbnailUrl":"https:\/\/www.analogist.de\/wp-content\/uploads\/2023\/01\/680FF_120_g.jpg","datePublished":"2025-10-22T09:24:32+00:00","dateModified":"2025-10-22T09:24:33+00:00","description":"La m\u00e1scara 6x8 se utiliza en combinaci\u00f3n con el correspondiente Difusor 120 (Mirrorbox) y el Portador manual MFC10AY para escanear negativos de formato medio y diapositivas sin enmarcar. Por desgracia, estas m\u00e1scaras ya no est\u00e1n disponibles en estado original y nuevas. Los ejemplares usados se ofrecen muy raramente y a menudo se venden a precios desorbitados.","breadcrumb":{"@id":"https:\/\/www.analogist.de\/es\/produkt\/mascara-6x8-fullframe-120-sp3000-fuji\/#breadcrumb"},"inLanguage":"es","potentialAction":[{"@type":"ReadAction","target":["https:\/\/www.analogist.de\/es\/produkt\/mascara-6x8-fullframe-120-sp3000-fuji\/"]}]},{"@type":"ImageObject","inLanguage":"es","@id":"https:\/\/www.analogist.de\/es\/produkt\/mascara-6x8-fullframe-120-sp3000-fuji\/#primaryimage","url":"https:\/\/www.analogist.de\/wp-content\/uploads\/2023\/01\/680FF_120_g.jpg","contentUrl":"https:\/\/www.analogist.de\/wp-content\/uploads\/2023\/01\/680FF_120_g.jpg","width":1406,"height":1093},{"@type":"BreadcrumbList","@id":"https:\/\/www.analogist.de\/es\/produkt\/mascara-6x8-fullframe-120-sp3000-fuji\/#breadcrumb","itemListElement":[{"@type":"ListItem","position":1,"name":"Startseite","item":"https:\/\/www.analogist.de\/es\/analogista-lo-analogico-nunca-ha-sido-tan-digital\/"},{"@type":"ListItem","position":2,"name":"Shop","item":"https:\/\/www.analogist.de\/shop\/"},{"@type":"ListItem","position":3,"name":"M\u00e1scara 6&#215;8 Fullframe 120 SP3000 Fuji"}]},{"@type":"WebSite","@id":"https:\/\/www.analogist.de\/en\/#website","url":"https:\/\/www.analogist.de\/en\/","name":"Analogist - Die Lust am Analogen","description":"Analog im Zeitalter der digitalen Medien erleben","potentialAction":[{"@type":"SearchAction","target":{"@type":"EntryPoint","urlTemplate":"https:\/\/www.analogist.de\/en\/?s={search_term_string}"},"query-input":{"@type":"PropertyValueSpecification","valueRequired":true,"valueName":"search_term_string"}}],"inLanguage":"es"}]}},"jetpack_sharing_enabled":true,"_links":{"self":[{"href":"https:\/\/www.analogist.de\/es\/wp-json\/wp\/v2\/product\/2040","targetHints":{"allow":["GET"]}}],"collection":[{"href":"https:\/\/www.analogist.de\/es\/wp-json\/wp\/v2\/product"}],"about":[{"href":"https:\/\/www.analogist.de\/es\/wp-json\/wp\/v2\/types\/product"}],"wp:featuredmedia":[{"embeddable":true,"href":"https:\/\/www.analogist.de\/es\/wp-json\/wp\/v2\/media\/2041"}],"wp:attachment":[{"href":"https:\/\/www.analogist.de\/es\/wp-json\/wp\/v2\/media?parent=2040"}],"wp:term":[{"taxonomy":"product_brand","embeddable":true,"href":"https:\/\/www.analogist.de\/es\/wp-json\/wp\/v2\/product_brand?post=2040"},{"taxonomy":"product_cat","embeddable":true,"href":"https:\/\/www.analogist.de\/es\/wp-json\/wp\/v2\/product_cat?post=2040"},{"taxonomy":"product_tag","embeddable":true,"href":"https:\/\/www.analogist.de\/es\/wp-json\/wp\/v2\/product_tag?post=2040"}],"curies":[{"name":"wp","href":"https:\/\/api.w.org\/{rel}","templated":true}]}}