{"id":2050,"date":"2025-10-22T11:26:09","date_gmt":"2025-10-22T09:26:09","guid":{"rendered":"https:\/\/www.analogist.de\/produkt\/mascara-135xf-sp3000-fuji-escaneado-con-pinones\/"},"modified":"2025-10-22T11:26:12","modified_gmt":"2025-10-22T09:26:12","slug":"mascara-135xf-sp3000-fuji-escaneado-con-pinones","status":"publish","type":"product","link":"https:\/\/www.analogist.de\/es\/produkt\/mascara-135xf-sp3000-fuji-escaneado-con-pinones\/","title":{"rendered":"M\u00e1scara 135XF SP3000 Fuji &#8211; Escaneado con pi\u00f1ones"},"content":{"rendered":"<p>[et_pb_section fb_built=\u00bb1&#8243; _builder_version=\u00bb4.16&#8243; custom_padding=\u00bb0px||||false|false\u00bb locked=\u00bboff\u00bb global_colors_info=\u00bb{}\u00bb][et_pb_row _builder_version=\u00bb4.16&#8243; _module_preset=\u00bbdefault\u00bb global_colors_info=\u00bb{}\u00bb][et_pb_column type=\u00bb4_4&#8243; _builder_version=\u00bb4.16&#8243; _module_preset=\u00bbdefault\u00bb global_colors_info=\u00bb{}\u00bb][et_pb_wc_images force_fullwidth=\u00bbon\u00bb disabled_on=\u00bboff|on|on\u00bb _builder_version=\u00bb4.16&#8243; _module_preset=\u00bbdefault\u00bb global_colors_info=\u00bb{}\u00bb][\/et_pb_wc_images][\/et_pb_column][\/et_pb_row][et_pb_row column_structure=\u00bb1_2,1_2&#8243; _builder_version=\u00bb4.16&#8243; background_size=\u00bbinitial\u00bb background_position=\u00bbtop_left\u00bb background_repeat=\u00bbrepeat\u00bb width=\u00bb100%\u00bb max_width=\u00bb100vw\u00bb custom_padding=\u00bb5%|5%|5%|5%|true|true\u00bb border_width_right=\u00bb4vw\u00bb border_color_right=\u00bbrgba(0,0,0,0)\u00bb global_colors_info=\u00bb{}\u00bb][et_pb_column type=\u00bb1_2&#8243; _builder_version=\u00bb4.16&#8243; custom_padding=\u00bb|||\u00bb global_colors_info=\u00bb{}\u00bb custom_padding__hover=\u00bb|||\u00bb][et_pb_wc_images disabled_on=\u00bbon|off|off\u00bb _builder_version=\u00bb4.16&#8243; background_color=\u00bb#f1cd00&#8243; global_colors_info=\u00bb{}\u00bb][\/et_pb_wc_images][\/et_pb_column][et_pb_column type=\u00bb1_2&#8243; _builder_version=\u00bb4.16&#8243; _module_preset=\u00bbdefault\u00bb global_colors_info=\u00bb{}\u00bb][et_pb_wc_title _builder_version=\u00bb4.16&#8243; header_font_size=\u00bb39px\u00bb global_colors_info=\u00bb{}\u00bb][\/et_pb_wc_title][et_pb_wc_rating _builder_version=\u00bb4.16&#8243; global_colors_info=\u00bb{}\u00bb][\/et_pb_wc_rating][et_pb_wc_price _builder_version=\u00bb4.16&#8243; global_colors_info=\u00bb{}\u00bb][\/et_pb_wc_price][et_pb_wc_description _builder_version=\u00bb4.16&#8243; global_colors_info=\u00bb{}\u00bb][\/et_pb_wc_description][et_pb_wc_add_to_cart _builder_version=\u00bb4.16&#8243; global_colors_info=\u00bb{}\u00bb][\/et_pb_wc_add_to_cart][et_pb_wc_meta _builder_version=\u00bb4.16&#8243; global_colors_info=\u00bb{}\u00bb][\/et_pb_wc_meta][et_pb_wc_tabs _builder_version=\u00bb4.16&#8243; global_colors_info=\u00bb{}\u00bb]\t\t\t\t\t[\/et_pb_wc_tabs][\/et_pb_column][\/et_pb_row][et_pb_row _builder_version=\u00bb4.16&#8243; _module_preset=\u00bbdefault\u00bb background_color=\u00bbgcid-cbaf2c95-81f4-4663-b57a-c33d25cde898&#8243; width=\u00bb100%\u00bb max_width=\u00bb100vw\u00bb custom_padding=\u00bb5%|5%|5%|5%|true|true\u00bb global_colors_info=\u00bb{%22gcid-cbaf2c95-81f4-4663-b57a-c33d25cde898%22:%91%22background_color%22%93}\u00bb][et_pb_column type=\u00bb4_4&#8243; _builder_version=\u00bb4.16&#8243; _module_preset=\u00bbdefault\u00bb global_colors_info=\u00bb{}\u00bb][et_pb_wc_related_products columns_number=\u00bb2&#8243; _builder_version=\u00bb4.27.4&#8243; border_width_left=\u00bb28px\u00bb border_color_left=\u00bbrgba(0,0,0,0)\u00bb global_colors_info=\u00bb{}\u00bb][\/et_pb_wc_related_products][\/et_pb_column][\/et_pb_row][et_pb_row _builder_version=\u00bb4.16&#8243; background_size=\u00bbinitial\u00bb background_position=\u00bbtop_left\u00bb background_repeat=\u00bbrepeat\u00bb width=\u00bb100%\u00bb global_colors_info=\u00bb{}\u00bb][et_pb_column type=\u00bb4_4&#8243; _builder_version=\u00bb4.16&#8243; custom_padding=\u00bb|||\u00bb global_colors_info=\u00bb{}\u00bb custom_padding__hover=\u00bb|||\u00bb][et_pb_wc_upsells _builder_version=\u00bb4.16&#8243; global_colors_info=\u00bb{}\u00bb][\/et_pb_wc_upsells][\/et_pb_column][\/et_pb_row][\/et_pb_section]<\/p>\n","protected":false},"excerpt":{"rendered":"<p>M\u00e1scara 135xf para el legendario esc\u00e1ner de laboratorio SP3000, para utilizar junto con esc\u00e1neres de pel\u00edcula de 35 mm (135) con perforaci\u00f3n o ruedas dentadas.<\/p>\n","protected":false},"featured_media":2054,"template":"","meta":{"_acf_changed":false,"_et_pb_use_builder":"on","_et_pb_old_content":"La m\u00e1scara en formato 135XF se utiliza en combinaci\u00f3n con el correspondiente Difusor 120 (Mirrorbox) y el Portador manual MFC10AY para escanear negativos de 35 mm (135) y diapositivas sin enmarcar.\nQue yo sepa, esta m\u00e1scara nunca fue fabricada por Fuji y corresponde al zeitgeist de los fot\u00f3grafos anal\u00f3gicos actuales.\n\nNuestra m\u00e1scara de nuevo desarrollo en formato 135XF para el legendario esc\u00e1ner de laboratorio SP3000 de Fuji te permite escanear tus negativos en formato 135 en un \u00e1rea de escaneado extremadamente grande. El \u00e1rea est\u00e1 calculada de tal forma que incluso la designaci\u00f3n de la pel\u00edcula y la perforaci\u00f3n se escanean en funci\u00f3n del aumento.\nLa m\u00e1scara consta de dos piezas interconectadas y encaja perfectamente en el portanegativos MFC10AY gracias a los puntos de contacto magn\u00e9ticos.\nNuestra m\u00e1scara est\u00e1 fabricada totalmente en pl\u00e1stico y se monta a mano. ","_et_gb_content_width":"","inline_featured_image":false},"product_brand":[],"product_cat":[143,141],"product_tag":[],"class_list":{"0":"post-2050","1":"product","2":"type-product","3":"status-publish","4":"has-post-thumbnail","6":"product_cat-fullframe-kreativ-mascaras-por-fuji-sp3000","7":"product_cat-sp-3000-fuji-accesorios","9":"first","10":"instock","11":"sold-individually","12":"taxable","13":"shipping-taxable","14":"purchasable","15":"product-type-simple"},"acf":[],"yoast_head":"<!-- This site is optimized with the Yoast SEO plugin v26.7 - https:\/\/yoast.com\/wordpress\/plugins\/seo\/ -->\n<title>M\u00e1scara 135XF SP3000 Fuji - Escaneado con pi\u00f1ones - %<\/title>\n<meta name=\"description\" content=\"M\u00e1scara 135xf para el legendario esc\u00e1ner de laboratorio SP3000, para utilizar junto con los esc\u00e1neres de pel\u00edcula de 35 mm (135) con las ruedas dentadas.\" \/>\n<meta name=\"robots\" content=\"index, follow, max-snippet:-1, max-image-preview:large, max-video-preview:-1\" \/>\n<link rel=\"canonical\" href=\"https:\/\/www.analogist.de\/es\/produkt\/mascara-135xf-sp3000-fuji-escaneado-con-pinones\/\" \/>\n<meta property=\"og:locale\" content=\"es_ES\" \/>\n<meta property=\"og:type\" content=\"article\" \/>\n<meta property=\"og:title\" content=\"M\u00e1scara 135XF SP3000 Fuji - Escaneado con pi\u00f1ones - %\" \/>\n<meta property=\"og:description\" content=\"M\u00e1scara 135xf para el legendario esc\u00e1ner de laboratorio SP3000, para utilizar junto con los esc\u00e1neres de pel\u00edcula de 35 mm (135) con las ruedas dentadas.\" \/>\n<meta property=\"og:url\" content=\"https:\/\/www.analogist.de\/es\/produkt\/mascara-135xf-sp3000-fuji-escaneado-con-pinones\/\" \/>\n<meta property=\"og:site_name\" content=\"Analogist - Die Lust am Analogen\" \/>\n<meta property=\"article:modified_time\" content=\"2025-10-22T09:26:12+00:00\" \/>\n<meta property=\"og:image\" content=\"https:\/\/www.analogist.de\/wp-content\/uploads\/2021\/06\/FUJI_135XF_01.jpg\" \/>\n\t<meta property=\"og:image:width\" content=\"1165\" \/>\n\t<meta property=\"og:image:height\" content=\"874\" \/>\n\t<meta property=\"og:image:type\" content=\"image\/jpeg\" \/>\n<meta name=\"twitter:card\" content=\"summary_large_image\" \/>\n<meta name=\"twitter:label1\" content=\"Tiempo de lectura\" \/>\n\t<meta name=\"twitter:data1\" content=\"2 minutos\" \/>\n<script type=\"application\/ld+json\" class=\"yoast-schema-graph\">{\"@context\":\"https:\/\/schema.org\",\"@graph\":[{\"@type\":\"WebPage\",\"@id\":\"https:\/\/www.analogist.de\/es\/produkt\/mascara-135xf-sp3000-fuji-escaneado-con-pinones\/\",\"url\":\"https:\/\/www.analogist.de\/es\/produkt\/mascara-135xf-sp3000-fuji-escaneado-con-pinones\/\",\"name\":\"M\u00e1scara 135XF SP3000 Fuji - Escaneado con pi\u00f1ones - %\",\"isPartOf\":{\"@id\":\"https:\/\/www.analogist.de\/en\/#website\"},\"primaryImageOfPage\":{\"@id\":\"https:\/\/www.analogist.de\/es\/produkt\/mascara-135xf-sp3000-fuji-escaneado-con-pinones\/#primaryimage\"},\"image\":{\"@id\":\"https:\/\/www.analogist.de\/es\/produkt\/mascara-135xf-sp3000-fuji-escaneado-con-pinones\/#primaryimage\"},\"thumbnailUrl\":\"https:\/\/www.analogist.de\/wp-content\/uploads\/2021\/06\/FUJI_135XF_01.jpg\",\"datePublished\":\"2025-10-22T09:26:09+00:00\",\"dateModified\":\"2025-10-22T09:26:12+00:00\",\"description\":\"M\u00e1scara 135xf para el legendario esc\u00e1ner de laboratorio SP3000, para utilizar junto con los esc\u00e1neres de pel\u00edcula de 35 mm (135) con las ruedas dentadas.\",\"breadcrumb\":{\"@id\":\"https:\/\/www.analogist.de\/es\/produkt\/mascara-135xf-sp3000-fuji-escaneado-con-pinones\/#breadcrumb\"},\"inLanguage\":\"es\",\"potentialAction\":[{\"@type\":\"ReadAction\",\"target\":[\"https:\/\/www.analogist.de\/es\/produkt\/mascara-135xf-sp3000-fuji-escaneado-con-pinones\/\"]}]},{\"@type\":\"ImageObject\",\"inLanguage\":\"es\",\"@id\":\"https:\/\/www.analogist.de\/es\/produkt\/mascara-135xf-sp3000-fuji-escaneado-con-pinones\/#primaryimage\",\"url\":\"https:\/\/www.analogist.de\/wp-content\/uploads\/2021\/06\/FUJI_135XF_01.jpg\",\"contentUrl\":\"https:\/\/www.analogist.de\/wp-content\/uploads\/2021\/06\/FUJI_135XF_01.jpg\",\"width\":1165,\"height\":874,\"caption\":\"135XF-Mask-Scan 135 with Sprockets\"},{\"@type\":\"BreadcrumbList\",\"@id\":\"https:\/\/www.analogist.de\/es\/produkt\/mascara-135xf-sp3000-fuji-escaneado-con-pinones\/#breadcrumb\",\"itemListElement\":[{\"@type\":\"ListItem\",\"position\":1,\"name\":\"Startseite\",\"item\":\"https:\/\/www.analogist.de\/es\/analogista-lo-analogico-nunca-ha-sido-tan-digital\/\"},{\"@type\":\"ListItem\",\"position\":2,\"name\":\"Shop\",\"item\":\"https:\/\/www.analogist.de\/shop\/\"},{\"@type\":\"ListItem\",\"position\":3,\"name\":\"M\u00e1scara 135XF SP3000 Fuji &#8211; Escaneado con pi\u00f1ones\"}]},{\"@type\":\"WebSite\",\"@id\":\"https:\/\/www.analogist.de\/en\/#website\",\"url\":\"https:\/\/www.analogist.de\/en\/\",\"name\":\"Analogist - Die Lust am Analogen\",\"description\":\"Analog im Zeitalter der digitalen Medien erleben\",\"potentialAction\":[{\"@type\":\"SearchAction\",\"target\":{\"@type\":\"EntryPoint\",\"urlTemplate\":\"https:\/\/www.analogist.de\/en\/?s={search_term_string}\"},\"query-input\":{\"@type\":\"PropertyValueSpecification\",\"valueRequired\":true,\"valueName\":\"search_term_string\"}}],\"inLanguage\":\"es\"}]}<\/script>\n<!-- \/ Yoast SEO plugin. -->","yoast_head_json":{"title":"M\u00e1scara 135XF SP3000 Fuji - Escaneado con pi\u00f1ones - %","description":"M\u00e1scara 135xf para el legendario esc\u00e1ner de laboratorio SP3000, para utilizar junto con los esc\u00e1neres de pel\u00edcula de 35 mm (135) con las ruedas dentadas.","robots":{"index":"index","follow":"follow","max-snippet":"max-snippet:-1","max-image-preview":"max-image-preview:large","max-video-preview":"max-video-preview:-1"},"canonical":"https:\/\/www.analogist.de\/es\/produkt\/mascara-135xf-sp3000-fuji-escaneado-con-pinones\/","og_locale":"es_ES","og_type":"article","og_title":"M\u00e1scara 135XF SP3000 Fuji - Escaneado con pi\u00f1ones - %","og_description":"M\u00e1scara 135xf para el legendario esc\u00e1ner de laboratorio SP3000, para utilizar junto con los esc\u00e1neres de pel\u00edcula de 35 mm (135) con las ruedas dentadas.","og_url":"https:\/\/www.analogist.de\/es\/produkt\/mascara-135xf-sp3000-fuji-escaneado-con-pinones\/","og_site_name":"Analogist - Die Lust am Analogen","article_modified_time":"2025-10-22T09:26:12+00:00","og_image":[{"width":1165,"height":874,"url":"https:\/\/www.analogist.de\/wp-content\/uploads\/2021\/06\/FUJI_135XF_01.jpg","type":"image\/jpeg"}],"twitter_card":"summary_large_image","twitter_misc":{"Tiempo de lectura":"2 minutos"},"schema":{"@context":"https:\/\/schema.org","@graph":[{"@type":"WebPage","@id":"https:\/\/www.analogist.de\/es\/produkt\/mascara-135xf-sp3000-fuji-escaneado-con-pinones\/","url":"https:\/\/www.analogist.de\/es\/produkt\/mascara-135xf-sp3000-fuji-escaneado-con-pinones\/","name":"M\u00e1scara 135XF SP3000 Fuji - Escaneado con pi\u00f1ones - %","isPartOf":{"@id":"https:\/\/www.analogist.de\/en\/#website"},"primaryImageOfPage":{"@id":"https:\/\/www.analogist.de\/es\/produkt\/mascara-135xf-sp3000-fuji-escaneado-con-pinones\/#primaryimage"},"image":{"@id":"https:\/\/www.analogist.de\/es\/produkt\/mascara-135xf-sp3000-fuji-escaneado-con-pinones\/#primaryimage"},"thumbnailUrl":"https:\/\/www.analogist.de\/wp-content\/uploads\/2021\/06\/FUJI_135XF_01.jpg","datePublished":"2025-10-22T09:26:09+00:00","dateModified":"2025-10-22T09:26:12+00:00","description":"M\u00e1scara 135xf para el legendario esc\u00e1ner de laboratorio SP3000, para utilizar junto con los esc\u00e1neres de pel\u00edcula de 35 mm (135) con las ruedas dentadas.","breadcrumb":{"@id":"https:\/\/www.analogist.de\/es\/produkt\/mascara-135xf-sp3000-fuji-escaneado-con-pinones\/#breadcrumb"},"inLanguage":"es","potentialAction":[{"@type":"ReadAction","target":["https:\/\/www.analogist.de\/es\/produkt\/mascara-135xf-sp3000-fuji-escaneado-con-pinones\/"]}]},{"@type":"ImageObject","inLanguage":"es","@id":"https:\/\/www.analogist.de\/es\/produkt\/mascara-135xf-sp3000-fuji-escaneado-con-pinones\/#primaryimage","url":"https:\/\/www.analogist.de\/wp-content\/uploads\/2021\/06\/FUJI_135XF_01.jpg","contentUrl":"https:\/\/www.analogist.de\/wp-content\/uploads\/2021\/06\/FUJI_135XF_01.jpg","width":1165,"height":874,"caption":"135XF-Mask-Scan 135 with Sprockets"},{"@type":"BreadcrumbList","@id":"https:\/\/www.analogist.de\/es\/produkt\/mascara-135xf-sp3000-fuji-escaneado-con-pinones\/#breadcrumb","itemListElement":[{"@type":"ListItem","position":1,"name":"Startseite","item":"https:\/\/www.analogist.de\/es\/analogista-lo-analogico-nunca-ha-sido-tan-digital\/"},{"@type":"ListItem","position":2,"name":"Shop","item":"https:\/\/www.analogist.de\/shop\/"},{"@type":"ListItem","position":3,"name":"M\u00e1scara 135XF SP3000 Fuji &#8211; Escaneado con pi\u00f1ones"}]},{"@type":"WebSite","@id":"https:\/\/www.analogist.de\/en\/#website","url":"https:\/\/www.analogist.de\/en\/","name":"Analogist - Die Lust am Analogen","description":"Analog im Zeitalter der digitalen Medien erleben","potentialAction":[{"@type":"SearchAction","target":{"@type":"EntryPoint","urlTemplate":"https:\/\/www.analogist.de\/en\/?s={search_term_string}"},"query-input":{"@type":"PropertyValueSpecification","valueRequired":true,"valueName":"search_term_string"}}],"inLanguage":"es"}]}},"jetpack_sharing_enabled":true,"_links":{"self":[{"href":"https:\/\/www.analogist.de\/es\/wp-json\/wp\/v2\/product\/2050","targetHints":{"allow":["GET"]}}],"collection":[{"href":"https:\/\/www.analogist.de\/es\/wp-json\/wp\/v2\/product"}],"about":[{"href":"https:\/\/www.analogist.de\/es\/wp-json\/wp\/v2\/types\/product"}],"wp:featuredmedia":[{"embeddable":true,"href":"https:\/\/www.analogist.de\/es\/wp-json\/wp\/v2\/media\/2054"}],"wp:attachment":[{"href":"https:\/\/www.analogist.de\/es\/wp-json\/wp\/v2\/media?parent=2050"}],"wp:term":[{"taxonomy":"product_brand","embeddable":true,"href":"https:\/\/www.analogist.de\/es\/wp-json\/wp\/v2\/product_brand?post=2050"},{"taxonomy":"product_cat","embeddable":true,"href":"https:\/\/www.analogist.de\/es\/wp-json\/wp\/v2\/product_cat?post=2050"},{"taxonomy":"product_tag","embeddable":true,"href":"https:\/\/www.analogist.de\/es\/wp-json\/wp\/v2\/product_tag?post=2050"}],"curies":[{"name":"wp","href":"https:\/\/api.w.org\/{rel}","templated":true}]}}