{"id":2055,"date":"2025-10-22T11:26:38","date_gmt":"2025-10-22T09:26:38","guid":{"rendered":"https:\/\/www.analogist.de\/produkt\/mascara-incrustacion-135ff-sp3000-fuji-v2-0\/"},"modified":"2025-10-22T11:26:40","modified_gmt":"2025-10-22T09:26:40","slug":"mascara-incrustacion-135ff-sp3000-fuji-v2-0","status":"publish","type":"product","link":"https:\/\/www.analogist.de\/es\/produkt\/mascara-incrustacion-135ff-sp3000-fuji-v2-0\/","title":{"rendered":"M\u00e1scara Incrustaci\u00f3n 135FF SP3000 Fuji V2.0"},"content":{"rendered":"<p>[et_pb_section fb_built=\u00bb1&#8243; _builder_version=\u00bb4.16&#8243; custom_padding=\u00bb0px||||false|false\u00bb global_colors_info=\u00bb{}\u00bb][et_pb_row column_structure=\u00bb2_3,1_3&#8243; _builder_version=\u00bb4.16&#8243; background_size=\u00bbinitial\u00bb background_position=\u00bbtop_left\u00bb background_repeat=\u00bbrepeat\u00bb width=\u00bb100%\u00bb max_width=\u00bb100vw\u00bb custom_padding=\u00bb0px||||false|false\u00bb border_width_right=\u00bb4vw\u00bb border_color_right=\u00bbrgba(0,0,0,0)\u00bb global_colors_info=\u00bb{}\u00bb][et_pb_column type=\u00bb2_3&#8243; _builder_version=\u00bb4.16&#8243; custom_padding=\u00bb|||\u00bb global_colors_info=\u00bb{}\u00bb custom_padding__hover=\u00bb|||\u00bb][et_pb_wc_images _builder_version=\u00bb4.16&#8243; background_color=\u00bb#f1cd00&#8243; global_colors_info=\u00bb{}\u00bb][\/et_pb_wc_images][\/et_pb_column][et_pb_column type=\u00bb1_3&#8243; _builder_version=\u00bb4.16&#8243; _module_preset=\u00bbdefault\u00bb global_colors_info=\u00bb{}\u00bb][et_pb_wc_title _builder_version=\u00bb4.16&#8243; header_font_size=\u00bb39px\u00bb global_colors_info=\u00bb{}\u00bb][\/et_pb_wc_title][et_pb_wc_rating _builder_version=\u00bb4.16&#8243; global_colors_info=\u00bb{}\u00bb][\/et_pb_wc_rating][et_pb_wc_price _builder_version=\u00bb4.16&#8243; global_colors_info=\u00bb{}\u00bb][\/et_pb_wc_price][et_pb_wc_description _builder_version=\u00bb4.16&#8243; global_colors_info=\u00bb{}\u00bb][\/et_pb_wc_description][et_pb_wc_add_to_cart _builder_version=\u00bb4.16&#8243; global_colors_info=\u00bb{}\u00bb][\/et_pb_wc_add_to_cart][et_pb_wc_meta _builder_version=\u00bb4.16&#8243; global_colors_info=\u00bb{}\u00bb][\/et_pb_wc_meta][et_pb_wc_tabs _builder_version=\u00bb4.16&#8243; global_colors_info=\u00bb{}\u00bb]\t\t\t\t\t[\/et_pb_wc_tabs][\/et_pb_column][\/et_pb_row][et_pb_row _builder_version=\u00bb4.16&#8243; _module_preset=\u00bbdefault\u00bb width=\u00bb95%\u00bb max_width=\u00bb100vw\u00bb global_colors_info=\u00bb{}\u00bb][et_pb_column type=\u00bb4_4&#8243; _builder_version=\u00bb4.16&#8243; _module_preset=\u00bbdefault\u00bb global_colors_info=\u00bb{}\u00bb][et_pb_wc_related_products _builder_version=\u00bb4.16&#8243; border_width_left=\u00bb28px\u00bb border_color_left=\u00bbrgba(0,0,0,0)\u00bb global_colors_info=\u00bb{}\u00bb][\/et_pb_wc_related_products][\/et_pb_column][\/et_pb_row][et_pb_row _builder_version=\u00bb4.16&#8243; background_size=\u00bbinitial\u00bb background_position=\u00bbtop_left\u00bb background_repeat=\u00bbrepeat\u00bb width=\u00bb100%\u00bb global_colors_info=\u00bb{}\u00bb][et_pb_column type=\u00bb4_4&#8243; _builder_version=\u00bb4.16&#8243; custom_padding=\u00bb|||\u00bb global_colors_info=\u00bb{}\u00bb custom_padding__hover=\u00bb|||\u00bb][et_pb_wc_upsells _builder_version=\u00bb4.16&#8243; global_colors_info=\u00bb{}\u00bb][\/et_pb_wc_upsells][\/et_pb_column][\/et_pb_row][\/et_pb_section]<\/p>\n","protected":false},"excerpt":{"rendered":"<p>135ff &#8211; Incrustaci\u00f3n 135 Fullframe para el Autocarrier NC100AY para escanear negativos de 35 mm en formato fullframe.<br \/>\n<strong><a href=\"https:\/\/www.analogist.de\/es\/produkt\/juego-de-mascaras-135ff-sp3000-fuji\/\">ATENCI\u00d3N: Este art\u00edculo ha sido sustituido por nuestro nuevo set 135FF. Puedes encontrar el set aqu\u00ed.  <\/a><\/strong><\/p>\n","protected":false},"featured_media":2056,"template":"","meta":{"_acf_changed":false,"_et_pb_use_builder":"on","_et_pb_old_content":"La m\u00e1scara\/inlay para el autoportador NC100AY permite escanear autom\u00e1ticamente negativos de 35 mm en formato de fotograma completo, es decir, con los bordes de las im\u00e1genes.\n\nNuestra m\u00e1scara\/inlay de nuevo desarrollo en formato 135ff para el legendario esc\u00e1ner de laboratorio SP3000 de Fuji te permite escanear tus negativos de 35 mm en formato 135.\nLa m\u00e1scara consta de dos piezas interconectadas y encaja perfectamente en el portanegativos NC100AY gracias a unos puntos de contacto magn\u00e9ticos.\nNuestra m\u00e1scara est\u00e1 fabricada totalmente en pl\u00e1stico y se monta a mano.","_et_gb_content_width":"","inline_featured_image":false},"product_brand":[],"product_cat":[176],"product_tag":[],"class_list":{"0":"post-2055","1":"product","2":"type-product","3":"status-publish","4":"has-post-thumbnail","6":"product_cat-sin-categoria","8":"first","9":"outofstock","10":"sold-individually","11":"taxable","12":"shipping-taxable","13":"purchasable","14":"product-type-simple"},"acf":[],"yoast_head":"<!-- This site is optimized with the Yoast SEO plugin v26.7 - https:\/\/yoast.com\/wordpress\/plugins\/seo\/ -->\n<title>M\u00e1scara Incrustaci\u00f3n 135FF SP3000 Fuji V2.0 - Analogist - Die Lust am Analogen<\/title>\n<meta name=\"description\" content=\"M\u00e1scara Incrustaci\u00f3n 135FF SP3000 Fuji V2.0 - Analogist - Die Lust am Analogen - para escanear negativos de 35 mm en formato de fotograma completo con el Autocarrier\" \/>\n<meta name=\"robots\" content=\"index, follow, max-snippet:-1, max-image-preview:large, max-video-preview:-1\" \/>\n<link rel=\"canonical\" href=\"https:\/\/www.analogist.de\/es\/produkt\/mascara-incrustacion-135ff-sp3000-fuji-v2-0\/\" \/>\n<meta property=\"og:locale\" content=\"es_ES\" \/>\n<meta property=\"og:type\" content=\"article\" \/>\n<meta property=\"og:title\" content=\"M\u00e1scara Incrustaci\u00f3n 135FF SP3000 Fuji V2.0 - Analogist - Die Lust am Analogen\" \/>\n<meta property=\"og:description\" content=\"M\u00e1scara Incrustaci\u00f3n 135FF SP3000 Fuji V2.0 - Analogist - Die Lust am Analogen - para escanear negativos de 35 mm en formato de fotograma completo con el Autocarrier\" \/>\n<meta property=\"og:url\" content=\"https:\/\/www.analogist.de\/es\/produkt\/mascara-incrustacion-135ff-sp3000-fuji-v2-0\/\" \/>\n<meta property=\"og:site_name\" content=\"Analogist - Die Lust am Analogen\" \/>\n<meta property=\"article:modified_time\" content=\"2025-10-22T09:26:40+00:00\" \/>\n<meta property=\"og:image\" content=\"https:\/\/www.analogist.de\/wp-content\/uploads\/2021\/03\/FUJI_INLAY_135FF_g.jpg\" \/>\n\t<meta property=\"og:image:width\" content=\"2000\" \/>\n\t<meta property=\"og:image:height\" content=\"1583\" \/>\n\t<meta property=\"og:image:type\" content=\"image\/jpeg\" \/>\n<meta name=\"twitter:card\" content=\"summary_large_image\" \/>\n<meta name=\"twitter:label1\" content=\"Tiempo de lectura\" \/>\n\t<meta name=\"twitter:data1\" content=\"2 minutos\" \/>\n<script type=\"application\/ld+json\" class=\"yoast-schema-graph\">{\"@context\":\"https:\/\/schema.org\",\"@graph\":[{\"@type\":\"WebPage\",\"@id\":\"https:\/\/www.analogist.de\/es\/produkt\/mascara-incrustacion-135ff-sp3000-fuji-v2-0\/\",\"url\":\"https:\/\/www.analogist.de\/es\/produkt\/mascara-incrustacion-135ff-sp3000-fuji-v2-0\/\",\"name\":\"M\u00e1scara Incrustaci\u00f3n 135FF SP3000 Fuji V2.0 - Analogist - Die Lust am Analogen\",\"isPartOf\":{\"@id\":\"https:\/\/www.analogist.de\/en\/#website\"},\"primaryImageOfPage\":{\"@id\":\"https:\/\/www.analogist.de\/es\/produkt\/mascara-incrustacion-135ff-sp3000-fuji-v2-0\/#primaryimage\"},\"image\":{\"@id\":\"https:\/\/www.analogist.de\/es\/produkt\/mascara-incrustacion-135ff-sp3000-fuji-v2-0\/#primaryimage\"},\"thumbnailUrl\":\"https:\/\/www.analogist.de\/wp-content\/uploads\/2021\/03\/FUJI_INLAY_135FF_g.jpg\",\"datePublished\":\"2025-10-22T09:26:38+00:00\",\"dateModified\":\"2025-10-22T09:26:40+00:00\",\"description\":\"M\u00e1scara Incrustaci\u00f3n 135FF SP3000 Fuji V2.0 - Analogist - Die Lust am Analogen - para escanear negativos de 35 mm en formato de fotograma completo con el Autocarrier\",\"breadcrumb\":{\"@id\":\"https:\/\/www.analogist.de\/es\/produkt\/mascara-incrustacion-135ff-sp3000-fuji-v2-0\/#breadcrumb\"},\"inLanguage\":\"es\",\"potentialAction\":[{\"@type\":\"ReadAction\",\"target\":[\"https:\/\/www.analogist.de\/es\/produkt\/mascara-incrustacion-135ff-sp3000-fuji-v2-0\/\"]}]},{\"@type\":\"ImageObject\",\"inLanguage\":\"es\",\"@id\":\"https:\/\/www.analogist.de\/es\/produkt\/mascara-incrustacion-135ff-sp3000-fuji-v2-0\/#primaryimage\",\"url\":\"https:\/\/www.analogist.de\/wp-content\/uploads\/2021\/03\/FUJI_INLAY_135FF_g.jpg\",\"contentUrl\":\"https:\/\/www.analogist.de\/wp-content\/uploads\/2021\/03\/FUJI_INLAY_135FF_g.jpg\",\"width\":2000,\"height\":1583,\"caption\":\"Fuji-SP3000-NC100AY-Inlay-Fullframe\"},{\"@type\":\"BreadcrumbList\",\"@id\":\"https:\/\/www.analogist.de\/es\/produkt\/mascara-incrustacion-135ff-sp3000-fuji-v2-0\/#breadcrumb\",\"itemListElement\":[{\"@type\":\"ListItem\",\"position\":1,\"name\":\"Startseite\",\"item\":\"https:\/\/www.analogist.de\/es\/analogista-lo-analogico-nunca-ha-sido-tan-digital\/\"},{\"@type\":\"ListItem\",\"position\":2,\"name\":\"Shop\",\"item\":\"https:\/\/www.analogist.de\/shop\/\"},{\"@type\":\"ListItem\",\"position\":3,\"name\":\"M\u00e1scara Incrustaci\u00f3n 135FF SP3000 Fuji V2.0\"}]},{\"@type\":\"WebSite\",\"@id\":\"https:\/\/www.analogist.de\/en\/#website\",\"url\":\"https:\/\/www.analogist.de\/en\/\",\"name\":\"Analogist - Die Lust am Analogen\",\"description\":\"Analog im Zeitalter der digitalen Medien erleben\",\"potentialAction\":[{\"@type\":\"SearchAction\",\"target\":{\"@type\":\"EntryPoint\",\"urlTemplate\":\"https:\/\/www.analogist.de\/en\/?s={search_term_string}\"},\"query-input\":{\"@type\":\"PropertyValueSpecification\",\"valueRequired\":true,\"valueName\":\"search_term_string\"}}],\"inLanguage\":\"es\"}]}<\/script>\n<!-- \/ Yoast SEO plugin. -->","yoast_head_json":{"title":"M\u00e1scara Incrustaci\u00f3n 135FF SP3000 Fuji V2.0 - Analogist - Die Lust am Analogen","description":"M\u00e1scara Incrustaci\u00f3n 135FF SP3000 Fuji V2.0 - Analogist - Die Lust am Analogen - para escanear negativos de 35 mm en formato de fotograma completo con el Autocarrier","robots":{"index":"index","follow":"follow","max-snippet":"max-snippet:-1","max-image-preview":"max-image-preview:large","max-video-preview":"max-video-preview:-1"},"canonical":"https:\/\/www.analogist.de\/es\/produkt\/mascara-incrustacion-135ff-sp3000-fuji-v2-0\/","og_locale":"es_ES","og_type":"article","og_title":"M\u00e1scara Incrustaci\u00f3n 135FF SP3000 Fuji V2.0 - Analogist - Die Lust am Analogen","og_description":"M\u00e1scara Incrustaci\u00f3n 135FF SP3000 Fuji V2.0 - Analogist - Die Lust am Analogen - para escanear negativos de 35 mm en formato de fotograma completo con el Autocarrier","og_url":"https:\/\/www.analogist.de\/es\/produkt\/mascara-incrustacion-135ff-sp3000-fuji-v2-0\/","og_site_name":"Analogist - Die Lust am Analogen","article_modified_time":"2025-10-22T09:26:40+00:00","og_image":[{"width":2000,"height":1583,"url":"https:\/\/www.analogist.de\/wp-content\/uploads\/2021\/03\/FUJI_INLAY_135FF_g.jpg","type":"image\/jpeg"}],"twitter_card":"summary_large_image","twitter_misc":{"Tiempo de lectura":"2 minutos"},"schema":{"@context":"https:\/\/schema.org","@graph":[{"@type":"WebPage","@id":"https:\/\/www.analogist.de\/es\/produkt\/mascara-incrustacion-135ff-sp3000-fuji-v2-0\/","url":"https:\/\/www.analogist.de\/es\/produkt\/mascara-incrustacion-135ff-sp3000-fuji-v2-0\/","name":"M\u00e1scara Incrustaci\u00f3n 135FF SP3000 Fuji V2.0 - Analogist - Die Lust am Analogen","isPartOf":{"@id":"https:\/\/www.analogist.de\/en\/#website"},"primaryImageOfPage":{"@id":"https:\/\/www.analogist.de\/es\/produkt\/mascara-incrustacion-135ff-sp3000-fuji-v2-0\/#primaryimage"},"image":{"@id":"https:\/\/www.analogist.de\/es\/produkt\/mascara-incrustacion-135ff-sp3000-fuji-v2-0\/#primaryimage"},"thumbnailUrl":"https:\/\/www.analogist.de\/wp-content\/uploads\/2021\/03\/FUJI_INLAY_135FF_g.jpg","datePublished":"2025-10-22T09:26:38+00:00","dateModified":"2025-10-22T09:26:40+00:00","description":"M\u00e1scara Incrustaci\u00f3n 135FF SP3000 Fuji V2.0 - Analogist - Die Lust am Analogen - para escanear negativos de 35 mm en formato de fotograma completo con el Autocarrier","breadcrumb":{"@id":"https:\/\/www.analogist.de\/es\/produkt\/mascara-incrustacion-135ff-sp3000-fuji-v2-0\/#breadcrumb"},"inLanguage":"es","potentialAction":[{"@type":"ReadAction","target":["https:\/\/www.analogist.de\/es\/produkt\/mascara-incrustacion-135ff-sp3000-fuji-v2-0\/"]}]},{"@type":"ImageObject","inLanguage":"es","@id":"https:\/\/www.analogist.de\/es\/produkt\/mascara-incrustacion-135ff-sp3000-fuji-v2-0\/#primaryimage","url":"https:\/\/www.analogist.de\/wp-content\/uploads\/2021\/03\/FUJI_INLAY_135FF_g.jpg","contentUrl":"https:\/\/www.analogist.de\/wp-content\/uploads\/2021\/03\/FUJI_INLAY_135FF_g.jpg","width":2000,"height":1583,"caption":"Fuji-SP3000-NC100AY-Inlay-Fullframe"},{"@type":"BreadcrumbList","@id":"https:\/\/www.analogist.de\/es\/produkt\/mascara-incrustacion-135ff-sp3000-fuji-v2-0\/#breadcrumb","itemListElement":[{"@type":"ListItem","position":1,"name":"Startseite","item":"https:\/\/www.analogist.de\/es\/analogista-lo-analogico-nunca-ha-sido-tan-digital\/"},{"@type":"ListItem","position":2,"name":"Shop","item":"https:\/\/www.analogist.de\/shop\/"},{"@type":"ListItem","position":3,"name":"M\u00e1scara Incrustaci\u00f3n 135FF SP3000 Fuji V2.0"}]},{"@type":"WebSite","@id":"https:\/\/www.analogist.de\/en\/#website","url":"https:\/\/www.analogist.de\/en\/","name":"Analogist - Die Lust am Analogen","description":"Analog im Zeitalter der digitalen Medien erleben","potentialAction":[{"@type":"SearchAction","target":{"@type":"EntryPoint","urlTemplate":"https:\/\/www.analogist.de\/en\/?s={search_term_string}"},"query-input":{"@type":"PropertyValueSpecification","valueRequired":true,"valueName":"search_term_string"}}],"inLanguage":"es"}]}},"jetpack_sharing_enabled":true,"_links":{"self":[{"href":"https:\/\/www.analogist.de\/es\/wp-json\/wp\/v2\/product\/2055","targetHints":{"allow":["GET"]}}],"collection":[{"href":"https:\/\/www.analogist.de\/es\/wp-json\/wp\/v2\/product"}],"about":[{"href":"https:\/\/www.analogist.de\/es\/wp-json\/wp\/v2\/types\/product"}],"wp:featuredmedia":[{"embeddable":true,"href":"https:\/\/www.analogist.de\/es\/wp-json\/wp\/v2\/media\/2056"}],"wp:attachment":[{"href":"https:\/\/www.analogist.de\/es\/wp-json\/wp\/v2\/media?parent=2055"}],"wp:term":[{"taxonomy":"product_brand","embeddable":true,"href":"https:\/\/www.analogist.de\/es\/wp-json\/wp\/v2\/product_brand?post=2055"},{"taxonomy":"product_cat","embeddable":true,"href":"https:\/\/www.analogist.de\/es\/wp-json\/wp\/v2\/product_cat?post=2055"},{"taxonomy":"product_tag","embeddable":true,"href":"https:\/\/www.analogist.de\/es\/wp-json\/wp\/v2\/product_tag?post=2055"}],"curies":[{"name":"wp","href":"https:\/\/api.w.org\/{rel}","templated":true}]}}