{"id":2075,"date":"2025-10-22T11:33:19","date_gmt":"2025-10-22T09:33:19","guid":{"rendered":"https:\/\/www.analogist.de\/produkt\/135fp-xpan-mascara-120-sp3000-fuji\/"},"modified":"2025-10-22T11:33:19","modified_gmt":"2025-10-22T09:33:19","slug":"135fp-xpan-mascara-120-sp3000-fuji","status":"publish","type":"product","link":"https:\/\/www.analogist.de\/es\/produkt\/135fp-xpan-mascara-120-sp3000-fuji\/","title":{"rendered":"135fp XPan M\u00e1scara 120 SP3000 Fuji"},"content":{"rendered":"<p>[et_pb_section fb_built=\u00bb1&#8243; _builder_version=\u00bb3.22&#8243; custom_padding=\u00bb0px||||false|false\u00bb global_colors_info=\u00bb{}\u00bb locked=\u00bboff\u00bb][et_pb_row _builder_version=\u00bb4.10.8&#8243; _module_preset=\u00bbdefault\u00bb global_colors_info=\u00bb{}\u00bb][et_pb_column type=\u00bb4_4&#8243; _builder_version=\u00bb4.10.8&#8243; _module_preset=\u00bbdefault\u00bb global_colors_info=\u00bb{}\u00bb][et_pb_wc_images force_fullwidth=\u00bbon\u00bb disabled_on=\u00bboff|on|on\u00bb _builder_version=\u00bb4.10.8&#8243; _module_preset=\u00bbdefault\u00bb global_colors_info=\u00bb{}\u00bb][\/et_pb_wc_images][\/et_pb_column][\/et_pb_row][et_pb_row column_structure=\u00bb1_2,1_2&#8243; _builder_version=\u00bb4.10.8&#8243; background_size=\u00bbinitial\u00bb background_position=\u00bbtop_left\u00bb background_repeat=\u00bbrepeat\u00bb width=\u00bb100%\u00bb max_width=\u00bb100vw\u00bb custom_padding=\u00bb5%|5%|5%|5%|true|true\u00bb border_width_right=\u00bb4vw\u00bb border_color_right=\u00bbrgba(0,0,0,0)\u00bb global_colors_info=\u00bb{}\u00bb][et_pb_column type=\u00bb1_2&#8243; _builder_version=\u00bb3.25&#8243; custom_padding=\u00bb|||\u00bb global_colors_info=\u00bb{}\u00bb custom_padding__hover=\u00bb|||\u00bb][et_pb_wc_images disabled_on=\u00bbon|off|off\u00bb _builder_version=\u00bb4.6.5&#8243; background_color=\u00bb#f1cd00&#8243; global_colors_info=\u00bb{}\u00bb][\/et_pb_wc_images][\/et_pb_column][et_pb_column type=\u00bb1_2&#8243; _builder_version=\u00bb4.6.5&#8243; _module_preset=\u00bbdefault\u00bb global_colors_info=\u00bb{}\u00bb][et_pb_wc_title _builder_version=\u00bb4.6.5&#8243; header_font_size=\u00bb39px\u00bb global_colors_info=\u00bb{}\u00bb][\/et_pb_wc_title][et_pb_wc_rating _builder_version=\u00bb3.0.47&#8243; global_colors_info=\u00bb{}\u00bb][\/et_pb_wc_rating][et_pb_wc_price _builder_version=\u00bb3.0.47&#8243; global_colors_info=\u00bb{}\u00bb][\/et_pb_wc_price][et_pb_wc_description _builder_version=\u00bb3.0.47&#8243; global_colors_info=\u00bb{}\u00bb][\/et_pb_wc_description][et_pb_wc_add_to_cart _builder_version=\u00bb3.0.47&#8243; global_colors_info=\u00bb{}\u00bb][\/et_pb_wc_add_to_cart][et_pb_wc_meta _builder_version=\u00bb3.0.47&#8243; global_colors_info=\u00bb{}\u00bb][\/et_pb_wc_meta][et_pb_wc_tabs _builder_version=\u00bb3.0.47&#8243; global_colors_info=\u00bb{}\u00bb]\t\t\t\t\t[\/et_pb_wc_tabs][\/et_pb_column][\/et_pb_row][et_pb_row _builder_version=\u00bb4.10.8&#8243; _module_preset=\u00bbdefault\u00bb background_color=\u00bbgcid-cbaf2c95-81f4-4663-b57a-c33d25cde898&#8243; width=\u00bb100%\u00bb max_width=\u00bb100vw\u00bb custom_padding=\u00bb5%|5%|5%|5%|true|true\u00bb global_colors_info=\u00bb{%22gcid-cbaf2c95-81f4-4663-b57a-c33d25cde898%22:%91%22background_color%22%93}\u00bb][et_pb_column type=\u00bb4_4&#8243; _builder_version=\u00bb4.6.5&#8243; _module_preset=\u00bbdefault\u00bb global_colors_info=\u00bb{}\u00bb][et_pb_wc_related_products _builder_version=\u00bb4.6.5&#8243; border_width_left=\u00bb28px\u00bb border_color_left=\u00bbrgba(0,0,0,0)\u00bb global_colors_info=\u00bb{}\u00bb][\/et_pb_wc_related_products][\/et_pb_column][\/et_pb_row][et_pb_row _builder_version=\u00bb3.25&#8243; background_size=\u00bbinitial\u00bb background_position=\u00bbtop_left\u00bb background_repeat=\u00bbrepeat\u00bb width=\u00bb100%\u00bb global_colors_info=\u00bb{}\u00bb][et_pb_column type=\u00bb4_4&#8243; _builder_version=\u00bb3.25&#8243; custom_padding=\u00bb|||\u00bb global_colors_info=\u00bb{}\u00bb custom_padding__hover=\u00bb|||\u00bb][et_pb_wc_upsells _builder_version=\u00bb3.0.47&#8243; global_colors_info=\u00bb{}\u00bb][\/et_pb_wc_upsells][\/et_pb_column][\/et_pb_row][\/et_pb_section]<\/p>\n","protected":false},"excerpt":{"rendered":"<p>M\u00e1scara XPan de 135p para el legendario esc\u00e1ner de laboratorio SP3000, para utilizar junto con escaneados en el popular formato panor\u00e1mico del exclusivo xPan de Hasselblad (65 x 24 mm).<\/p>\n","protected":false},"featured_media":1944,"template":"","meta":{"_acf_changed":false,"_et_pb_use_builder":"on","_et_pb_old_content":"La m\u00e1scara 135p se utiliza en combinaci\u00f3n con el correspondiente Difusor 120 (Mirrorbox) y el Portador manual MFC10AY para escanear negativos de formato medio y diapositivas sin enmarcar. Por desgracia, estas m\u00e1scaras ya no est\u00e1n disponibles en estado original y nuevas. Los ejemplares usados se ofrecen muy raramente y a menudo se venden a precios desorbitados.  \n\nNuestra m\u00e1scara 135p de nuevo desarrollo para el legendario esc\u00e1ner de laboratorio SP3000 de Fuji te permite escanear tus negativos o diapositivas XPan en formato 65 mm x 24 mm.\nLa m\u00e1scara consta de dos piezas interconectadas y encaja perfectamente en el portanegativos MFC10AY gracias a unos puntos de contacto magn\u00e9ticos.\nNuestra m\u00e1scara est\u00e1 fabricada totalmente en pl\u00e1stico y se monta a mano.","_et_gb_content_width":"","inline_featured_image":false},"product_brand":[],"product_cat":[157,141],"product_tag":[],"class_list":{"0":"post-2075","1":"product","2":"type-product","3":"status-publish","4":"has-post-thumbnail","6":"product_cat-mascaras-formato-especial","7":"product_cat-sp-3000-fuji-accesorios","9":"first","10":"instock","11":"sold-individually","12":"taxable","13":"shipping-taxable","14":"purchasable","15":"product-type-simple"},"acf":[],"yoast_head":"<!-- This site is optimized with the Yoast SEO plugin v26.7 - https:\/\/yoast.com\/wordpress\/plugins\/seo\/ -->\n<title>135fp XPan M\u00e1scara 120 SP3000 Fuji - Analogist - Die Lust am Analogen<\/title>\n<meta name=\"robots\" content=\"index, follow, max-snippet:-1, max-image-preview:large, max-video-preview:-1\" \/>\n<link rel=\"canonical\" href=\"https:\/\/www.analogist.de\/es\/produkt\/135fp-xpan-mascara-120-sp3000-fuji\/\" \/>\n<meta property=\"og:locale\" content=\"es_ES\" \/>\n<meta property=\"og:type\" content=\"article\" \/>\n<meta property=\"og:title\" content=\"135fp XPan M\u00e1scara 120 SP3000 Fuji - Analogist - Die Lust am Analogen\" \/>\n<meta property=\"og:description\" content=\"M\u00e1scara XPan de 135p para el legendario esc\u00e1ner de laboratorio SP3000, para utilizar junto con escaneados en el popular formato panor\u00e1mico del exclusivo xPan de Hasselblad (65 x 24 mm).\" \/>\n<meta property=\"og:url\" content=\"https:\/\/www.analogist.de\/es\/produkt\/135fp-xpan-mascara-120-sp3000-fuji\/\" \/>\n<meta property=\"og:site_name\" content=\"Analogist - Die Lust am Analogen\" \/>\n<meta property=\"og:image\" content=\"https:\/\/www.analogist.de\/wp-content\/uploads\/2020\/10\/135p_Mask-scaled.jpg\" \/>\n\t<meta property=\"og:image:width\" content=\"2560\" \/>\n\t<meta property=\"og:image:height\" content=\"1463\" \/>\n\t<meta property=\"og:image:type\" content=\"image\/jpeg\" \/>\n<meta name=\"twitter:card\" content=\"summary_large_image\" \/>\n<meta name=\"twitter:label1\" content=\"Tiempo de lectura\" \/>\n\t<meta name=\"twitter:data1\" content=\"2 minutos\" \/>\n<script type=\"application\/ld+json\" class=\"yoast-schema-graph\">{\"@context\":\"https:\/\/schema.org\",\"@graph\":[{\"@type\":\"WebPage\",\"@id\":\"https:\/\/www.analogist.de\/es\/produkt\/135fp-xpan-mascara-120-sp3000-fuji\/\",\"url\":\"https:\/\/www.analogist.de\/es\/produkt\/135fp-xpan-mascara-120-sp3000-fuji\/\",\"name\":\"135fp XPan M\u00e1scara 120 SP3000 Fuji - Analogist - Die Lust am Analogen\",\"isPartOf\":{\"@id\":\"https:\/\/www.analogist.de\/en\/#website\"},\"primaryImageOfPage\":{\"@id\":\"https:\/\/www.analogist.de\/es\/produkt\/135fp-xpan-mascara-120-sp3000-fuji\/#primaryimage\"},\"image\":{\"@id\":\"https:\/\/www.analogist.de\/es\/produkt\/135fp-xpan-mascara-120-sp3000-fuji\/#primaryimage\"},\"thumbnailUrl\":\"https:\/\/www.analogist.de\/wp-content\/uploads\/2020\/10\/135p_Mask-scaled.jpg\",\"datePublished\":\"2025-10-22T09:33:19+00:00\",\"breadcrumb\":{\"@id\":\"https:\/\/www.analogist.de\/es\/produkt\/135fp-xpan-mascara-120-sp3000-fuji\/#breadcrumb\"},\"inLanguage\":\"es\",\"potentialAction\":[{\"@type\":\"ReadAction\",\"target\":[\"https:\/\/www.analogist.de\/es\/produkt\/135fp-xpan-mascara-120-sp3000-fuji\/\"]}]},{\"@type\":\"ImageObject\",\"inLanguage\":\"es\",\"@id\":\"https:\/\/www.analogist.de\/es\/produkt\/135fp-xpan-mascara-120-sp3000-fuji\/#primaryimage\",\"url\":\"https:\/\/www.analogist.de\/wp-content\/uploads\/2020\/10\/135p_Mask-scaled.jpg\",\"contentUrl\":\"https:\/\/www.analogist.de\/wp-content\/uploads\/2020\/10\/135p_Mask-scaled.jpg\",\"width\":2560,\"height\":1463,\"caption\":\"135p M\u00e1scara XPan para SP3000\"},{\"@type\":\"BreadcrumbList\",\"@id\":\"https:\/\/www.analogist.de\/es\/produkt\/135fp-xpan-mascara-120-sp3000-fuji\/#breadcrumb\",\"itemListElement\":[{\"@type\":\"ListItem\",\"position\":1,\"name\":\"Startseite\",\"item\":\"https:\/\/www.analogist.de\/es\/analogista-lo-analogico-nunca-ha-sido-tan-digital\/\"},{\"@type\":\"ListItem\",\"position\":2,\"name\":\"Shop\",\"item\":\"https:\/\/www.analogist.de\/shop\/\"},{\"@type\":\"ListItem\",\"position\":3,\"name\":\"135fp XPan M\u00e1scara 120 SP3000 Fuji\"}]},{\"@type\":\"WebSite\",\"@id\":\"https:\/\/www.analogist.de\/en\/#website\",\"url\":\"https:\/\/www.analogist.de\/en\/\",\"name\":\"Analogist - Die Lust am Analogen\",\"description\":\"Analog im Zeitalter der digitalen Medien erleben\",\"potentialAction\":[{\"@type\":\"SearchAction\",\"target\":{\"@type\":\"EntryPoint\",\"urlTemplate\":\"https:\/\/www.analogist.de\/en\/?s={search_term_string}\"},\"query-input\":{\"@type\":\"PropertyValueSpecification\",\"valueRequired\":true,\"valueName\":\"search_term_string\"}}],\"inLanguage\":\"es\"}]}<\/script>\n<!-- \/ Yoast SEO plugin. -->","yoast_head_json":{"title":"135fp XPan M\u00e1scara 120 SP3000 Fuji - Analogist - Die Lust am Analogen","robots":{"index":"index","follow":"follow","max-snippet":"max-snippet:-1","max-image-preview":"max-image-preview:large","max-video-preview":"max-video-preview:-1"},"canonical":"https:\/\/www.analogist.de\/es\/produkt\/135fp-xpan-mascara-120-sp3000-fuji\/","og_locale":"es_ES","og_type":"article","og_title":"135fp XPan M\u00e1scara 120 SP3000 Fuji - Analogist - Die Lust am Analogen","og_description":"M\u00e1scara XPan de 135p para el legendario esc\u00e1ner de laboratorio SP3000, para utilizar junto con escaneados en el popular formato panor\u00e1mico del exclusivo xPan de Hasselblad (65 x 24 mm).","og_url":"https:\/\/www.analogist.de\/es\/produkt\/135fp-xpan-mascara-120-sp3000-fuji\/","og_site_name":"Analogist - Die Lust am Analogen","og_image":[{"width":2560,"height":1463,"url":"https:\/\/www.analogist.de\/wp-content\/uploads\/2020\/10\/135p_Mask-scaled.jpg","type":"image\/jpeg"}],"twitter_card":"summary_large_image","twitter_misc":{"Tiempo de lectura":"2 minutos"},"schema":{"@context":"https:\/\/schema.org","@graph":[{"@type":"WebPage","@id":"https:\/\/www.analogist.de\/es\/produkt\/135fp-xpan-mascara-120-sp3000-fuji\/","url":"https:\/\/www.analogist.de\/es\/produkt\/135fp-xpan-mascara-120-sp3000-fuji\/","name":"135fp XPan M\u00e1scara 120 SP3000 Fuji - Analogist - Die Lust am Analogen","isPartOf":{"@id":"https:\/\/www.analogist.de\/en\/#website"},"primaryImageOfPage":{"@id":"https:\/\/www.analogist.de\/es\/produkt\/135fp-xpan-mascara-120-sp3000-fuji\/#primaryimage"},"image":{"@id":"https:\/\/www.analogist.de\/es\/produkt\/135fp-xpan-mascara-120-sp3000-fuji\/#primaryimage"},"thumbnailUrl":"https:\/\/www.analogist.de\/wp-content\/uploads\/2020\/10\/135p_Mask-scaled.jpg","datePublished":"2025-10-22T09:33:19+00:00","breadcrumb":{"@id":"https:\/\/www.analogist.de\/es\/produkt\/135fp-xpan-mascara-120-sp3000-fuji\/#breadcrumb"},"inLanguage":"es","potentialAction":[{"@type":"ReadAction","target":["https:\/\/www.analogist.de\/es\/produkt\/135fp-xpan-mascara-120-sp3000-fuji\/"]}]},{"@type":"ImageObject","inLanguage":"es","@id":"https:\/\/www.analogist.de\/es\/produkt\/135fp-xpan-mascara-120-sp3000-fuji\/#primaryimage","url":"https:\/\/www.analogist.de\/wp-content\/uploads\/2020\/10\/135p_Mask-scaled.jpg","contentUrl":"https:\/\/www.analogist.de\/wp-content\/uploads\/2020\/10\/135p_Mask-scaled.jpg","width":2560,"height":1463,"caption":"135p M\u00e1scara XPan para SP3000"},{"@type":"BreadcrumbList","@id":"https:\/\/www.analogist.de\/es\/produkt\/135fp-xpan-mascara-120-sp3000-fuji\/#breadcrumb","itemListElement":[{"@type":"ListItem","position":1,"name":"Startseite","item":"https:\/\/www.analogist.de\/es\/analogista-lo-analogico-nunca-ha-sido-tan-digital\/"},{"@type":"ListItem","position":2,"name":"Shop","item":"https:\/\/www.analogist.de\/shop\/"},{"@type":"ListItem","position":3,"name":"135fp XPan M\u00e1scara 120 SP3000 Fuji"}]},{"@type":"WebSite","@id":"https:\/\/www.analogist.de\/en\/#website","url":"https:\/\/www.analogist.de\/en\/","name":"Analogist - Die Lust am Analogen","description":"Analog im Zeitalter der digitalen Medien erleben","potentialAction":[{"@type":"SearchAction","target":{"@type":"EntryPoint","urlTemplate":"https:\/\/www.analogist.de\/en\/?s={search_term_string}"},"query-input":{"@type":"PropertyValueSpecification","valueRequired":true,"valueName":"search_term_string"}}],"inLanguage":"es"}]}},"jetpack_sharing_enabled":true,"_links":{"self":[{"href":"https:\/\/www.analogist.de\/es\/wp-json\/wp\/v2\/product\/2075","targetHints":{"allow":["GET"]}}],"collection":[{"href":"https:\/\/www.analogist.de\/es\/wp-json\/wp\/v2\/product"}],"about":[{"href":"https:\/\/www.analogist.de\/es\/wp-json\/wp\/v2\/types\/product"}],"wp:featuredmedia":[{"embeddable":true,"href":"https:\/\/www.analogist.de\/es\/wp-json\/wp\/v2\/media\/1944"}],"wp:attachment":[{"href":"https:\/\/www.analogist.de\/es\/wp-json\/wp\/v2\/media?parent=2075"}],"wp:term":[{"taxonomy":"product_brand","embeddable":true,"href":"https:\/\/www.analogist.de\/es\/wp-json\/wp\/v2\/product_brand?post=2075"},{"taxonomy":"product_cat","embeddable":true,"href":"https:\/\/www.analogist.de\/es\/wp-json\/wp\/v2\/product_cat?post=2075"},{"taxonomy":"product_tag","embeddable":true,"href":"https:\/\/www.analogist.de\/es\/wp-json\/wp\/v2\/product_tag?post=2075"}],"curies":[{"name":"wp","href":"https:\/\/api.w.org\/{rel}","templated":true}]}}