{"id":2077,"date":"2025-10-22T11:34:27","date_gmt":"2025-10-22T09:34:27","guid":{"rendered":"https:\/\/www.analogist.de\/produkt\/difusor-mirrorbox-para-fuji-sp3000-120-formato-medio\/"},"modified":"2025-10-22T11:34:28","modified_gmt":"2025-10-22T09:34:28","slug":"difusor-mirrorbox-para-fuji-sp3000-120-formato-medio","status":"publish","type":"product","link":"https:\/\/www.analogist.de\/es\/produkt\/difusor-mirrorbox-para-fuji-sp3000-120-formato-medio\/","title":{"rendered":"Difusor Mirrorbox para Fuji SP3000 120 formato medio"},"content":{"rendered":"<p>[et_pb_section fb_built=\u00bb1&#8243; _builder_version=\u00bb4.16&#8243; custom_padding=\u00bb0px||||false|false\u00bb locked=\u00bboff\u00bb global_colors_info=\u00bb{}\u00bb][et_pb_row _builder_version=\u00bb4.16&#8243; _module_preset=\u00bbdefault\u00bb global_colors_info=\u00bb{}\u00bb][et_pb_column type=\u00bb4_4&#8243; _builder_version=\u00bb4.16&#8243; _module_preset=\u00bbdefault\u00bb global_colors_info=\u00bb{}\u00bb][et_pb_wc_images force_fullwidth=\u00bbon\u00bb disabled_on=\u00bboff|on|on\u00bb _builder_version=\u00bb4.16&#8243; _module_preset=\u00bbdefault\u00bb global_colors_info=\u00bb{}\u00bb][\/et_pb_wc_images][\/et_pb_column][\/et_pb_row][et_pb_row column_structure=\u00bb1_2,1_2&#8243; _builder_version=\u00bb4.16&#8243; background_size=\u00bbinitial\u00bb background_position=\u00bbtop_left\u00bb background_repeat=\u00bbrepeat\u00bb width=\u00bb100%\u00bb max_width=\u00bb100vw\u00bb custom_padding=\u00bb5%|5%|5%|5%|true|true\u00bb border_width_right=\u00bb4vw\u00bb border_color_right=\u00bbrgba(0,0,0,0)\u00bb global_colors_info=\u00bb{}\u00bb][et_pb_column type=\u00bb1_2&#8243; _builder_version=\u00bb4.16&#8243; custom_padding=\u00bb|||\u00bb global_colors_info=\u00bb{}\u00bb custom_padding__hover=\u00bb|||\u00bb][et_pb_wc_images disabled_on=\u00bbon|off|off\u00bb _builder_version=\u00bb4.16&#8243; background_color=\u00bb#f1cd00&#8243; global_colors_info=\u00bb{}\u00bb][\/et_pb_wc_images][\/et_pb_column][et_pb_column type=\u00bb1_2&#8243; _builder_version=\u00bb4.16&#8243; _module_preset=\u00bbdefault\u00bb global_colors_info=\u00bb{}\u00bb][et_pb_wc_title _builder_version=\u00bb4.16&#8243; header_font_size=\u00bb39px\u00bb global_colors_info=\u00bb{}\u00bb][\/et_pb_wc_title][et_pb_wc_rating _builder_version=\u00bb4.16&#8243; global_colors_info=\u00bb{}\u00bb][\/et_pb_wc_rating][et_pb_wc_price _builder_version=\u00bb4.16&#8243; global_colors_info=\u00bb{}\u00bb][\/et_pb_wc_price][et_pb_wc_description _builder_version=\u00bb4.16&#8243; global_colors_info=\u00bb{}\u00bb][\/et_pb_wc_description][et_pb_wc_add_to_cart _builder_version=\u00bb4.16&#8243; global_colors_info=\u00bb{}\u00bb][\/et_pb_wc_add_to_cart][et_pb_wc_meta _builder_version=\u00bb4.16&#8243; global_colors_info=\u00bb{}\u00bb][\/et_pb_wc_meta][et_pb_wc_tabs _builder_version=\u00bb4.16&#8243; global_colors_info=\u00bb{}\u00bb]\t\t\t\t\t[\/et_pb_wc_tabs][\/et_pb_column][\/et_pb_row][et_pb_row _builder_version=\u00bb4.16&#8243; _module_preset=\u00bbdefault\u00bb background_color=\u00bbgcid-cbaf2c95-81f4-4663-b57a-c33d25cde898&#8243; width=\u00bb100%\u00bb max_width=\u00bb100vw\u00bb custom_padding=\u00bb5%|5%|5%|5%|true|true\u00bb global_colors_info=\u00bb{%22gcid-cbaf2c95-81f4-4663-b57a-c33d25cde898%22:%91%22background_color%22%93}\u00bb][et_pb_column type=\u00bb4_4&#8243; _builder_version=\u00bb4.16&#8243; _module_preset=\u00bbdefault\u00bb global_colors_info=\u00bb{}\u00bb][et_pb_wc_related_products _builder_version=\u00bb4.16&#8243; border_width_left=\u00bb28px\u00bb border_color_left=\u00bbrgba(0,0,0,0)\u00bb global_colors_info=\u00bb{}\u00bb][\/et_pb_wc_related_products][\/et_pb_column][\/et_pb_row][et_pb_row _builder_version=\u00bb4.16&#8243; background_size=\u00bbinitial\u00bb background_position=\u00bbtop_left\u00bb background_repeat=\u00bbrepeat\u00bb width=\u00bb100%\u00bb global_colors_info=\u00bb{}\u00bb][et_pb_column type=\u00bb4_4&#8243; _builder_version=\u00bb4.16&#8243; custom_padding=\u00bb|||\u00bb global_colors_info=\u00bb{}\u00bb custom_padding__hover=\u00bb|||\u00bb][et_pb_wc_upsells _builder_version=\u00bb4.16&#8243; global_colors_info=\u00bb{}\u00bb][\/et_pb_wc_upsells][\/et_pb_column][\/et_pb_row][\/et_pb_section]<\/p>\n","protected":false},"excerpt":{"rendered":"<p>Difusor o caja de espejos para el legendario esc\u00e1ner de laboratorio SP3000, para utilizar con escaneados de formato medio 120.<\/p>\n","protected":false},"featured_media":2078,"template":"","meta":{"_acf_changed":false,"_et_pb_use_builder":"on","_et_pb_old_content":"El cuerpo b\u00e1sico del difusor no es parcialmente de metal, como en el original, sino completamente de pl\u00e1stico. En el interior se utilizan espejos de alta calidad.\nLa parte inferior es de cristal transparente. El difusor para el esc\u00e1ner de laboratorio Fuji SP3000 ya no est\u00e1 disponible como art\u00edculo original o nuevo y, por desgracia, s\u00f3lo se encuentra en el mercado en contadas ocasiones y, a menudo, a precios desorbitados. Por desgracia, los difusores de otros esc\u00e1neres de laboratorio Fuji no encajan en el SP3000. Sin este difusor, lamentablemente no es posible escanear en formato medio, independientemente del formato<a href=\"https:\/\/www.analogist.de\/produkt\/6x7-mask-120-sp3000-fuji\/\">(6x4,5<\/a>, <a href=\"https:\/\/www.analogist.de\/produkt\/6x6-fulframe-mask-120-sp3000-fuji\/\">6x6<\/a>, <a href=\"https:\/\/www.analogist.de\/produkt\/6x7-mask-120-sp3000-fuji\/\">6x7<\/a>, 6x8, <a href=\"https:\/\/www.analogist.de\/produkt\/6x9-mask-120-sp3000-fuji\/\">6x9<\/a> o <a href=\"https:\/\/www.analogist.de\/produkt\/6x9-mask-120-sp3000-fuji\/\">XPan<\/a>), ya que la distribuci\u00f3n de la luz del difusor est\u00e1ndar (135) no es suficiente.    \n\nNuestro difusor ha sido cuidadosamente fabricado y probado a mano. No es un producto barato fabricado en serie y, por supuesto, no se corresponde al 100% con el difusor original.\nNo hemos encontrado ninguna limitaci\u00f3n al escanear negativos de formato medio. ","_et_gb_content_width":"","inline_featured_image":false},"product_brand":[],"product_cat":[142,141],"product_tag":[],"class_list":{"0":"post-2077","1":"product","2":"type-product","3":"status-publish","4":"has-post-thumbnail","6":"product_cat-diffusor-mirrorbox-es","7":"product_cat-sp-3000-fuji-accesorios","9":"first","10":"instock","11":"sold-individually","12":"taxable","13":"shipping-taxable","14":"purchasable","15":"product-type-simple"},"acf":[],"yoast_head":"<!-- This site is optimized with the Yoast SEO plugin v26.7 - https:\/\/yoast.com\/wordpress\/plugins\/seo\/ -->\n<title>Difusor Mirrorbox para Fuji SP3000 120 formato medio - Analogist - Die Lust am Analogen<\/title>\n<meta name=\"description\" content=\"Difusor o caja de espejos para el legendario esc\u00e1ner de laboratorio SP3000, para utilizar con escaneados de formato medio 120.\" \/>\n<meta name=\"robots\" content=\"index, follow, max-snippet:-1, max-image-preview:large, max-video-preview:-1\" \/>\n<link rel=\"canonical\" href=\"https:\/\/www.analogist.de\/es\/produkt\/difusor-mirrorbox-para-fuji-sp3000-120-formato-medio\/\" \/>\n<meta property=\"og:locale\" content=\"es_ES\" \/>\n<meta property=\"og:type\" content=\"article\" \/>\n<meta property=\"og:title\" content=\"Difusor Mirrorbox para Fuji SP3000 120 formato medio - Analogist - Die Lust am Analogen\" \/>\n<meta property=\"og:description\" content=\"Difusor o caja de espejos para el legendario esc\u00e1ner de laboratorio SP3000, para utilizar con escaneados de formato medio 120.\" \/>\n<meta property=\"og:url\" content=\"https:\/\/www.analogist.de\/es\/produkt\/difusor-mirrorbox-para-fuji-sp3000-120-formato-medio\/\" \/>\n<meta property=\"og:site_name\" content=\"Analogist - Die Lust am Analogen\" \/>\n<meta property=\"article:modified_time\" content=\"2025-10-22T09:34:28+00:00\" \/>\n<meta property=\"og:image\" content=\"https:\/\/www.analogist.de\/wp-content\/uploads\/2020\/10\/mirrorbox-scaled.jpg\" \/>\n\t<meta property=\"og:image:width\" content=\"2560\" \/>\n\t<meta property=\"og:image:height\" content=\"1463\" \/>\n\t<meta property=\"og:image:type\" content=\"image\/jpeg\" \/>\n<meta name=\"twitter:card\" content=\"summary_large_image\" \/>\n<meta name=\"twitter:label1\" content=\"Tiempo de lectura\" \/>\n\t<meta name=\"twitter:data1\" content=\"2 minutos\" \/>\n<script type=\"application\/ld+json\" class=\"yoast-schema-graph\">{\"@context\":\"https:\/\/schema.org\",\"@graph\":[{\"@type\":\"WebPage\",\"@id\":\"https:\/\/www.analogist.de\/es\/produkt\/difusor-mirrorbox-para-fuji-sp3000-120-formato-medio\/\",\"url\":\"https:\/\/www.analogist.de\/es\/produkt\/difusor-mirrorbox-para-fuji-sp3000-120-formato-medio\/\",\"name\":\"Difusor Mirrorbox para Fuji SP3000 120 formato medio - Analogist - Die Lust am Analogen\",\"isPartOf\":{\"@id\":\"https:\/\/www.analogist.de\/en\/#website\"},\"primaryImageOfPage\":{\"@id\":\"https:\/\/www.analogist.de\/es\/produkt\/difusor-mirrorbox-para-fuji-sp3000-120-formato-medio\/#primaryimage\"},\"image\":{\"@id\":\"https:\/\/www.analogist.de\/es\/produkt\/difusor-mirrorbox-para-fuji-sp3000-120-formato-medio\/#primaryimage\"},\"thumbnailUrl\":\"https:\/\/www.analogist.de\/wp-content\/uploads\/2020\/10\/mirrorbox-scaled.jpg\",\"datePublished\":\"2025-10-22T09:34:27+00:00\",\"dateModified\":\"2025-10-22T09:34:28+00:00\",\"description\":\"Difusor o caja de espejos para el legendario esc\u00e1ner de laboratorio SP3000, para utilizar con escaneados de formato medio 120.\",\"breadcrumb\":{\"@id\":\"https:\/\/www.analogist.de\/es\/produkt\/difusor-mirrorbox-para-fuji-sp3000-120-formato-medio\/#breadcrumb\"},\"inLanguage\":\"es\",\"potentialAction\":[{\"@type\":\"ReadAction\",\"target\":[\"https:\/\/www.analogist.de\/es\/produkt\/difusor-mirrorbox-para-fuji-sp3000-120-formato-medio\/\"]}]},{\"@type\":\"ImageObject\",\"inLanguage\":\"es\",\"@id\":\"https:\/\/www.analogist.de\/es\/produkt\/difusor-mirrorbox-para-fuji-sp3000-120-formato-medio\/#primaryimage\",\"url\":\"https:\/\/www.analogist.de\/wp-content\/uploads\/2020\/10\/mirrorbox-scaled.jpg\",\"contentUrl\":\"https:\/\/www.analogist.de\/wp-content\/uploads\/2020\/10\/mirrorbox-scaled.jpg\",\"width\":2560,\"height\":1463,\"caption\":\"Mirrorbox-Diffusor-SP3000-Fuji\"},{\"@type\":\"BreadcrumbList\",\"@id\":\"https:\/\/www.analogist.de\/es\/produkt\/difusor-mirrorbox-para-fuji-sp3000-120-formato-medio\/#breadcrumb\",\"itemListElement\":[{\"@type\":\"ListItem\",\"position\":1,\"name\":\"Startseite\",\"item\":\"https:\/\/www.analogist.de\/es\/analogista-lo-analogico-nunca-ha-sido-tan-digital\/\"},{\"@type\":\"ListItem\",\"position\":2,\"name\":\"Shop\",\"item\":\"https:\/\/www.analogist.de\/shop\/\"},{\"@type\":\"ListItem\",\"position\":3,\"name\":\"Difusor Mirrorbox para Fuji SP3000 120 formato medio\"}]},{\"@type\":\"WebSite\",\"@id\":\"https:\/\/www.analogist.de\/en\/#website\",\"url\":\"https:\/\/www.analogist.de\/en\/\",\"name\":\"Analogist - Die Lust am Analogen\",\"description\":\"Analog im Zeitalter der digitalen Medien erleben\",\"potentialAction\":[{\"@type\":\"SearchAction\",\"target\":{\"@type\":\"EntryPoint\",\"urlTemplate\":\"https:\/\/www.analogist.de\/en\/?s={search_term_string}\"},\"query-input\":{\"@type\":\"PropertyValueSpecification\",\"valueRequired\":true,\"valueName\":\"search_term_string\"}}],\"inLanguage\":\"es\"}]}<\/script>\n<!-- \/ Yoast SEO plugin. -->","yoast_head_json":{"title":"Difusor Mirrorbox para Fuji SP3000 120 formato medio - Analogist - Die Lust am Analogen","description":"Difusor o caja de espejos para el legendario esc\u00e1ner de laboratorio SP3000, para utilizar con escaneados de formato medio 120.","robots":{"index":"index","follow":"follow","max-snippet":"max-snippet:-1","max-image-preview":"max-image-preview:large","max-video-preview":"max-video-preview:-1"},"canonical":"https:\/\/www.analogist.de\/es\/produkt\/difusor-mirrorbox-para-fuji-sp3000-120-formato-medio\/","og_locale":"es_ES","og_type":"article","og_title":"Difusor Mirrorbox para Fuji SP3000 120 formato medio - Analogist - Die Lust am Analogen","og_description":"Difusor o caja de espejos para el legendario esc\u00e1ner de laboratorio SP3000, para utilizar con escaneados de formato medio 120.","og_url":"https:\/\/www.analogist.de\/es\/produkt\/difusor-mirrorbox-para-fuji-sp3000-120-formato-medio\/","og_site_name":"Analogist - Die Lust am Analogen","article_modified_time":"2025-10-22T09:34:28+00:00","og_image":[{"width":2560,"height":1463,"url":"https:\/\/www.analogist.de\/wp-content\/uploads\/2020\/10\/mirrorbox-scaled.jpg","type":"image\/jpeg"}],"twitter_card":"summary_large_image","twitter_misc":{"Tiempo de lectura":"2 minutos"},"schema":{"@context":"https:\/\/schema.org","@graph":[{"@type":"WebPage","@id":"https:\/\/www.analogist.de\/es\/produkt\/difusor-mirrorbox-para-fuji-sp3000-120-formato-medio\/","url":"https:\/\/www.analogist.de\/es\/produkt\/difusor-mirrorbox-para-fuji-sp3000-120-formato-medio\/","name":"Difusor Mirrorbox para Fuji SP3000 120 formato medio - Analogist - Die Lust am Analogen","isPartOf":{"@id":"https:\/\/www.analogist.de\/en\/#website"},"primaryImageOfPage":{"@id":"https:\/\/www.analogist.de\/es\/produkt\/difusor-mirrorbox-para-fuji-sp3000-120-formato-medio\/#primaryimage"},"image":{"@id":"https:\/\/www.analogist.de\/es\/produkt\/difusor-mirrorbox-para-fuji-sp3000-120-formato-medio\/#primaryimage"},"thumbnailUrl":"https:\/\/www.analogist.de\/wp-content\/uploads\/2020\/10\/mirrorbox-scaled.jpg","datePublished":"2025-10-22T09:34:27+00:00","dateModified":"2025-10-22T09:34:28+00:00","description":"Difusor o caja de espejos para el legendario esc\u00e1ner de laboratorio SP3000, para utilizar con escaneados de formato medio 120.","breadcrumb":{"@id":"https:\/\/www.analogist.de\/es\/produkt\/difusor-mirrorbox-para-fuji-sp3000-120-formato-medio\/#breadcrumb"},"inLanguage":"es","potentialAction":[{"@type":"ReadAction","target":["https:\/\/www.analogist.de\/es\/produkt\/difusor-mirrorbox-para-fuji-sp3000-120-formato-medio\/"]}]},{"@type":"ImageObject","inLanguage":"es","@id":"https:\/\/www.analogist.de\/es\/produkt\/difusor-mirrorbox-para-fuji-sp3000-120-formato-medio\/#primaryimage","url":"https:\/\/www.analogist.de\/wp-content\/uploads\/2020\/10\/mirrorbox-scaled.jpg","contentUrl":"https:\/\/www.analogist.de\/wp-content\/uploads\/2020\/10\/mirrorbox-scaled.jpg","width":2560,"height":1463,"caption":"Mirrorbox-Diffusor-SP3000-Fuji"},{"@type":"BreadcrumbList","@id":"https:\/\/www.analogist.de\/es\/produkt\/difusor-mirrorbox-para-fuji-sp3000-120-formato-medio\/#breadcrumb","itemListElement":[{"@type":"ListItem","position":1,"name":"Startseite","item":"https:\/\/www.analogist.de\/es\/analogista-lo-analogico-nunca-ha-sido-tan-digital\/"},{"@type":"ListItem","position":2,"name":"Shop","item":"https:\/\/www.analogist.de\/shop\/"},{"@type":"ListItem","position":3,"name":"Difusor Mirrorbox para Fuji SP3000 120 formato medio"}]},{"@type":"WebSite","@id":"https:\/\/www.analogist.de\/en\/#website","url":"https:\/\/www.analogist.de\/en\/","name":"Analogist - Die Lust am Analogen","description":"Analog im Zeitalter der digitalen Medien erleben","potentialAction":[{"@type":"SearchAction","target":{"@type":"EntryPoint","urlTemplate":"https:\/\/www.analogist.de\/en\/?s={search_term_string}"},"query-input":{"@type":"PropertyValueSpecification","valueRequired":true,"valueName":"search_term_string"}}],"inLanguage":"es"}]}},"jetpack_sharing_enabled":true,"_links":{"self":[{"href":"https:\/\/www.analogist.de\/es\/wp-json\/wp\/v2\/product\/2077","targetHints":{"allow":["GET"]}}],"collection":[{"href":"https:\/\/www.analogist.de\/es\/wp-json\/wp\/v2\/product"}],"about":[{"href":"https:\/\/www.analogist.de\/es\/wp-json\/wp\/v2\/types\/product"}],"wp:featuredmedia":[{"embeddable":true,"href":"https:\/\/www.analogist.de\/es\/wp-json\/wp\/v2\/media\/2078"}],"wp:attachment":[{"href":"https:\/\/www.analogist.de\/es\/wp-json\/wp\/v2\/media?parent=2077"}],"wp:term":[{"taxonomy":"product_brand","embeddable":true,"href":"https:\/\/www.analogist.de\/es\/wp-json\/wp\/v2\/product_brand?post=2077"},{"taxonomy":"product_cat","embeddable":true,"href":"https:\/\/www.analogist.de\/es\/wp-json\/wp\/v2\/product_cat?post=2077"},{"taxonomy":"product_tag","embeddable":true,"href":"https:\/\/www.analogist.de\/es\/wp-json\/wp\/v2\/product_tag?post=2077"}],"curies":[{"name":"wp","href":"https:\/\/api.w.org\/{rel}","templated":true}]}}